{"id":9913,"date":"2026-05-06T21:38:46","date_gmt":"2026-05-06T19:38:46","guid":{"rendered":"https:\/\/kwintesencja.art\/?post_type=product&#038;p=9913"},"modified":"2026-05-06T21:48:32","modified_gmt":"2026-05-06T19:48:32","slug":"kobieta-z-draperia","status":"publish","type":"product","link":"https:\/\/kwintesencja.art\/pl\/product\/kobieta-z-draperia\/","title":{"rendered":"Kobieta z draperi\u0105"},"content":{"rendered":"<p><strong data-start=\"1783\" data-end=\"1800\">Auguste Rodin<\/strong> (1840\u20131917) by\u0142 jednym z najwybitniejszych rze\u017abiarzy nowoczesnej Europy, tw\u00f3rc\u0105 takich dzie\u0142 jak <strong data-start=\"1899\" data-end=\"1914\">\u201eMy\u015bliciel\u201d<\/strong>, <strong data-start=\"1916\" data-end=\"1931\">\u201ePoca\u0142unek\u201d<\/strong> czy monumentalne <strong data-start=\"1949\" data-end=\"1968\">\u201eWrota piekie\u0142\u201d<\/strong>. Cho\u0107 kojarzony jest przede wszystkim z rze\u017ab\u0105, ogromne znaczenie w jego tw\u00f3rczo\u015bci mia\u0142 r\u00f3wnie\u017c rysunek \u2014 szybki, ekspresyjny, cz\u0119sto skupiony na ludzkim ciele, ge\u015bcie i emocji. Rodin prze\u0142ama\u0142 akademickie rozumienie formy, nadaj\u0105c postaciom dramatyczn\u0105 intensywno\u015b\u0107 i psychologiczn\u0105 g\u0142\u0119bi\u0119. Jego sztuka sta\u0142a si\u0119 jednym z fundament\u00f3w rze\u017aby XX wieku.<\/p>\n","protected":false},"excerpt":{"rendered":"<p><b>Auguste Rodin (1840\u20131917)<\/b>,\u00a0 Femme nue debout (Kobieta z draperi\u0105)<br \/>\nWed\u0142ug rysunku Auguste\u2019a Rodina z ok. 1900 roku<br \/>\n<strong>Technika:<\/strong> litografia offsetowa, sygnowana w p\u0142ycie<br \/>\n<strong>Wymiary: <\/strong>42 x 32 cm (z opraw\u0105)<br \/>\n<strong>Edycja:<\/strong> <strong>Mus\u00e9e Rodin, Paris<\/strong><br \/>\n<strong>Opis edycyjny:<\/strong> wed\u0142ug rysunku Auguste\u2019a Rodina,<br \/>\n<strong>Numer katalogowy \/ oznaczenie:<\/strong> <strong>D. 4618<br \/>\n<\/strong><strong>Oznaczenia:<\/strong> sucha piecz\u0119\u0107 <strong>Mus\u00e9e Rodin<\/strong> na papierze; opis edycyjny u do\u0142u arkusza<br \/>\n<strong>Stan zachowania:<\/strong> bardzo dobry<\/p>\n","protected":false},"featured_media":9906,"template":"","meta":{"_monsterinsights_skip_tracking":false,"_monsterinsights_sitenote_active":false,"_monsterinsights_sitenote_note":"","_monsterinsights_sitenote_category":0,"_themeisle_gutenberg_block_has_review":false},"product_cat":[41],"product_tag":[361,350],"class_list":["post-9913","product","type-product","status-publish","has-post-thumbnail","hentry","product_cat-grafiki","product_tag-rodin-auguste","product_tag-wyprzedaz","product_shipping_class-rodzaj-wysylki-2"],"aioseo_notices":[],"_links":{"self":[{"href":"https:\/\/kwintesencja.art\/pl\/wp-json\/wp\/v2\/product\/9913","targetHints":{"allow":["GET"]}}],"collection":[{"href":"https:\/\/kwintesencja.art\/pl\/wp-json\/wp\/v2\/product"}],"about":[{"href":"https:\/\/kwintesencja.art\/pl\/wp-json\/wp\/v2\/types\/product"}],"wp:featuredmedia":[{"embeddable":true,"href":"https:\/\/kwintesencja.art\/pl\/wp-json\/wp\/v2\/media\/9906"}],"wp:attachment":[{"href":"https:\/\/kwintesencja.art\/pl\/wp-json\/wp\/v2\/media?parent=9913"}],"wp:term":[{"taxonomy":"product_cat","embeddable":true,"href":"https:\/\/kwintesencja.art\/pl\/wp-json\/wp\/v2\/product_cat?post=9913"},{"taxonomy":"product_tag","embeddable":true,"href":"https:\/\/kwintesencja.art\/pl\/wp-json\/wp\/v2\/product_tag?post=9913"}],"curies":[{"name":"wp","href":"https:\/\/api.w.org\/{rel}","templated":true}]}}