{"id":9798,"date":"2026-04-26T20:54:50","date_gmt":"2026-04-26T18:54:50","guid":{"rendered":"https:\/\/kwintesencja.art\/?post_type=product&#038;p=9798"},"modified":"2026-04-26T21:01:50","modified_gmt":"2026-04-26T19:01:50","slug":"pejzaz-8","status":"publish","type":"product","link":"https:\/\/kwintesencja.art\/pl\/product\/pejzaz-8\/","title":{"rendered":"Pejza\u017c"},"content":{"rendered":"<p>Jerzy Przyby\u0142 (ur. 13 marca 1943 r. w Pomianach k. K\u0119pna) \u2013 polski malarz, grafik i rze\u017abiarz, u\u017cywaj\u0105cy artystycznego pseudonimu <strong>Jan Pol<\/strong>. Studiowa\u0142 w latach 1962\u20131968 na katowickim oddziale Akademii Sztuk Pi\u0119knych w Krakowie. W Polsce zwi\u0105zany by\u0142 z okr\u0119gow\u0105 sekcj\u0105 malarsk\u0105 w Katowicach oraz krajow\u0105 sekcj\u0105 malarsk\u0105 ZPAP w Warszawie.<\/p>\n<p>W 1981 roku wyjecha\u0142 z rodzin\u0105 z Polski i osiedli\u0142 si\u0119 w Szwecji, gdzie kontynuuje dzia\u0142alno\u015b\u0107 artystyczn\u0105, nale\u017c\u0105c m.in. do Svenska Konstn\u00e4rsf\u00f6rbundet i regionalnych zwi\u0105zk\u00f3w tw\u00f3rczych. Tw\u00f3rczo\u015b\u0107 Przyby\u0142a inspirowana jest przede wszystkim mitologi\u0105 \u2013 najpierw nordyck\u0105, a p\u00f3\u017aniej tak\u017ce s\u0142owia\u0144sk\u0105 \u2013 oraz folklorem i symbolik\u0105 dawnych wierze\u0144. Maluje g\u0142\u00f3wnie na papierze, pos\u0142uguj\u0105c si\u0119 temper\u0105, gwaszem, akrylem i olejem; tworzy te\u017c rze\u017aby o ba\u015bniowo-mitycznych przedstawieniach.<\/p>\n","protected":false},"excerpt":{"rendered":"<p>Olej na tekturze<br \/>\nsygn. p.d.: J.Przyby\u0142<br \/>\nwym 27 x 18 cm<br \/>\n1980 r.<\/p>\n","protected":false},"featured_media":9800,"template":"","meta":{"_monsterinsights_skip_tracking":false,"_monsterinsights_sitenote_active":false,"_monsterinsights_sitenote_note":"","_monsterinsights_sitenote_category":0,"_themeisle_gutenberg_block_has_review":false},"product_cat":[39],"product_tag":[350],"class_list":["post-9798","product","type-product","status-publish","has-post-thumbnail","hentry","product_cat-obrazy","product_tag-wyprzedaz","product_shipping_class-rodzaj-wysylki-3"],"aioseo_notices":[],"_links":{"self":[{"href":"https:\/\/kwintesencja.art\/pl\/wp-json\/wp\/v2\/product\/9798","targetHints":{"allow":["GET"]}}],"collection":[{"href":"https:\/\/kwintesencja.art\/pl\/wp-json\/wp\/v2\/product"}],"about":[{"href":"https:\/\/kwintesencja.art\/pl\/wp-json\/wp\/v2\/types\/product"}],"wp:featuredmedia":[{"embeddable":true,"href":"https:\/\/kwintesencja.art\/pl\/wp-json\/wp\/v2\/media\/9800"}],"wp:attachment":[{"href":"https:\/\/kwintesencja.art\/pl\/wp-json\/wp\/v2\/media?parent=9798"}],"wp:term":[{"taxonomy":"product_cat","embeddable":true,"href":"https:\/\/kwintesencja.art\/pl\/wp-json\/wp\/v2\/product_cat?post=9798"},{"taxonomy":"product_tag","embeddable":true,"href":"https:\/\/kwintesencja.art\/pl\/wp-json\/wp\/v2\/product_tag?post=9798"}],"curies":[{"name":"wp","href":"https:\/\/api.w.org\/{rel}","templated":true}]}}