{"id":977,"date":"2022-03-04T22:22:56","date_gmt":"2022-03-04T21:22:56","guid":{"rendered":"https:\/\/kwintesencja.dkonto.pl\/?post_type=product&#038;p=977"},"modified":"2022-11-27T23:30:01","modified_gmt":"2022-11-27T22:30:01","slug":"akt-3","status":"publish","type":"product","link":"https:\/\/kwintesencja.art\/pl\/product\/akt-3\/","title":{"rendered":"Akt 3"},"content":{"rendered":"<p>O arty\u015bcie:<\/p>\n<p>\u0141ukasz Malczewski urodzi\u0142 si\u0119 w 1977 roku w \u0141odzi. Po uzyskaniu dyplomu wyjecha\u0142 do Londynu gdzie pracowa\u0142 jako fotografii. Obecnie przebywa w Polsce, gdzie wsp\u00f3\u0142pracuje z wieloma polskimi firmami. Realizuje g\u0142\u00f3wnie projekty komercyjne. Zajmuje si\u0119 g\u0142\u00f3wnie portretem, mod\u0105 oraz beauty.<\/p>\n<p>Wyr\u00f3\u017cniany i nagradzany na wielu konkursach mi\u0119dzynarodowych.<\/p>\n","protected":false},"excerpt":{"rendered":"<p>Tytu\u0142: Akt 3<\/p>\n<p>Autor: \u0141ukasz Malczewski<\/p>\n<p>Rok: 2015<\/p>\n<p>Technika: Inkografia z\u00a0odr\u0119cznym podpisem<\/p>\n<p>Oprawa: nie<\/p>\n<p>Podpis: odr\u0119czny bia\u0142ym pisakiem<\/p>\n<p>Wymiary: 100\u00d770 cm<\/p>\n<p>Stan zachowania: bardzo dobry<\/p>\n<p>Certyfikat autentyczno\u015bci<\/p>\n","protected":false},"featured_media":969,"template":"","meta":{"_monsterinsights_skip_tracking":false,"_monsterinsights_sitenote_active":false,"_monsterinsights_sitenote_note":"","_monsterinsights_sitenote_category":0,"_themeisle_gutenberg_block_has_review":false},"product_cat":[41],"product_tag":[59],"class_list":["post-977","product","type-product","status-publish","has-post-thumbnail","hentry","product_cat-grafiki","product_tag-malczewski-lukasz","product_shipping_class-rodzaj-wysylki-1"],"aioseo_notices":[],"_links":{"self":[{"href":"https:\/\/kwintesencja.art\/pl\/wp-json\/wp\/v2\/product\/977","targetHints":{"allow":["GET"]}}],"collection":[{"href":"https:\/\/kwintesencja.art\/pl\/wp-json\/wp\/v2\/product"}],"about":[{"href":"https:\/\/kwintesencja.art\/pl\/wp-json\/wp\/v2\/types\/product"}],"wp:featuredmedia":[{"embeddable":true,"href":"https:\/\/kwintesencja.art\/pl\/wp-json\/wp\/v2\/media\/969"}],"wp:attachment":[{"href":"https:\/\/kwintesencja.art\/pl\/wp-json\/wp\/v2\/media?parent=977"}],"wp:term":[{"taxonomy":"product_cat","embeddable":true,"href":"https:\/\/kwintesencja.art\/pl\/wp-json\/wp\/v2\/product_cat?post=977"},{"taxonomy":"product_tag","embeddable":true,"href":"https:\/\/kwintesencja.art\/pl\/wp-json\/wp\/v2\/product_tag?post=977"}],"curies":[{"name":"wp","href":"https:\/\/api.w.org\/{rel}","templated":true}]}}