{"id":9741,"date":"2026-04-18T20:49:36","date_gmt":"2026-04-18T18:49:36","guid":{"rendered":"https:\/\/kwintesencja.art\/?post_type=product&#038;p=9741"},"modified":"2026-04-19T00:18:36","modified_gmt":"2026-04-18T22:18:36","slug":"32-tony","status":"publish","type":"product","link":"https:\/\/kwintesencja.art\/pl\/product\/32-tony\/","title":{"rendered":"32 tony"},"content":{"rendered":"<p>Jacek Sroka (ur.1957) \u2013 malarz, grafik i rysownik. Studiowa\u0142 na Wydziale Grafiki Akademii Sztuk Pi\u0119knych w Krakowie, uzyska\u0142 dyplom w Pracowni Miedziorytu Prof. Mieczys\u0142awa Wejmana, w 1981 roku. W latach1981-1988 by\u0142 asystentem na Wydziale Grafiki krakowskiej ASP. W 2018 roku prowadzi\u0142 kurs grafiki w Akademii Sztuk Pi\u0119knych Uniwersytetu Tsinghua w Pekinie. W latach 2014 \u2013 2018 wsp\u00f3\u0142tworzy\u0142 Centrum Grafiki w Nantongu, w Chinach.<br \/>\nWystawia\u0142 obrazy i grafiki na studwudziestu pokazach indywidualnych (m.in. w Krakowie, Warszawie, Wroc\u0142awiu, Pary\u017cu, Tokio, Berlinie, Reykjaviku, Amsterdamie, Maastricht, San Francisco, Wiedniu, Lyonie, Kurytybie, Pekinie) i kilkuset zbiorowych w Polsce i \u015bwiecie.<br \/>\nPrace artysty znajduj\u0105 si\u0119 w zbiorach muzealnych w Polsce (m.in. Muzeum Narodowe w Krakowie, Muzeum Okr\u0119gowe im. L. Wycz\u00f3\u0142kowskiego w Bydgoszczy, Muzeum G\u00f3rno\u015bl\u0105skie, Bytom; Muzeum Sztuki, \u0141\u00f3d\u017a; Muzeum Sztuki Wsp\u00f3\u0142czesnej, Radom, Biblioteka Jagiello\u0144ska,Krak\u00f3w; Zbiory Graficzne PAU, Krak\u00f3w ) i w \u015bwiecie (m.in. Metropolitan Museum, Nowy Jork; Graphishe Sammlung Albertina, Wiede\u0144; British Museum, Londyn; National Gallery of Art, Waszyngton; Musee Savoisien, Chambery; Cabinet des Estampes, Bibliotheque National de France, Pary\u017c; Utsunomiya Museum of Art, Utsunomiya; Museu Oscar Niemeyer, Kurytyba; Ningbo Art Museum, Ningbo) oraz licznych kolekcjach prywatnych.<br \/>\nArtysta jest laureatem nagr\u00f3d i wyr\u00f3\u017cnie\u0144 m.in. na Biennale Grafiki w Mulhouse (1984), Mi\u0119dzynarodowej Wystawie Miniatury w Toronto (1986), Graphica Atlantica w Reykjaviku (1987), na Biennale Grafiki w Vaasa (1987), Grand Prix na Biennale Grafiki w Seulu (1988), Nagrody im. I.Trybowskiego na Mi\u0119dzynarodowym Triennale Grafiki w Krakowie (1994 ).<br \/>\nNominowany do Paszportu \u201ePolityki\u201d w 1996 roku; laureat Nagrody im. Witolda Wojtkiewicza (2001); odznaczony Br\u0105zowym Medalem \u201eGloria Artis\u201d oraz , przyznanym przez ZPAP Okr\u0119g Krakowski Medalem Vive l\u2019Art. Jest cz\u0142onkiem Polskiej Akademii Umiej\u0119tno\u015bci (2022).<\/p>\n","protected":false},"excerpt":{"rendered":"<p>Tytu\u0142:32 tony<br \/>\nAutor: Jacek Sroka<br \/>\nRok: 2011<br \/>\nTechnika: Akwaforta, akwatinta<br \/>\nOprawa: Nie<br \/>\nPodpis: odr\u0119czny<br \/>\nEdycja: 13\/100<br \/>\nWymiary: 35 x 50 cm, 54 x 78,5\u00a0 cm (arkusz)<br \/>\nStan zachowania: bardzo dobry<br \/>\nCertyfikat autentyczno\u015bci<\/p>\n","protected":false},"featured_media":9727,"template":"","meta":{"_monsterinsights_skip_tracking":false,"_monsterinsights_sitenote_active":false,"_monsterinsights_sitenote_note":"","_monsterinsights_sitenote_category":0,"_themeisle_gutenberg_block_has_review":false},"product_cat":[41],"product_tag":[71],"class_list":["post-9741","product","type-product","status-publish","has-post-thumbnail","hentry","product_cat-grafiki","product_tag-sroka-jacek","product_shipping_class-rodzaj-wysylki-2"],"aioseo_notices":[],"_links":{"self":[{"href":"https:\/\/kwintesencja.art\/pl\/wp-json\/wp\/v2\/product\/9741","targetHints":{"allow":["GET"]}}],"collection":[{"href":"https:\/\/kwintesencja.art\/pl\/wp-json\/wp\/v2\/product"}],"about":[{"href":"https:\/\/kwintesencja.art\/pl\/wp-json\/wp\/v2\/types\/product"}],"wp:featuredmedia":[{"embeddable":true,"href":"https:\/\/kwintesencja.art\/pl\/wp-json\/wp\/v2\/media\/9727"}],"wp:attachment":[{"href":"https:\/\/kwintesencja.art\/pl\/wp-json\/wp\/v2\/media?parent=9741"}],"wp:term":[{"taxonomy":"product_cat","embeddable":true,"href":"https:\/\/kwintesencja.art\/pl\/wp-json\/wp\/v2\/product_cat?post=9741"},{"taxonomy":"product_tag","embeddable":true,"href":"https:\/\/kwintesencja.art\/pl\/wp-json\/wp\/v2\/product_tag?post=9741"}],"curies":[{"name":"wp","href":"https:\/\/api.w.org\/{rel}","templated":true}]}}