{"id":9722,"date":"2026-04-18T20:27:37","date_gmt":"2026-04-18T18:27:37","guid":{"rendered":"https:\/\/kwintesencja.art\/?post_type=product&#038;p=9722"},"modified":"2026-04-18T20:42:19","modified_gmt":"2026-04-18T18:42:19","slug":"pomocnik","status":"publish","type":"product","link":"https:\/\/kwintesencja.art\/pl\/product\/pomocnik\/","title":{"rendered":"Pomocnik"},"content":{"rendered":"<p>Jacek Sroka uprawia malarstwo, grafik\u0119, rysunek. W swym dorobku ma ponad sto wystaw indywidualnych, bra\u0142 udzia\u0142 w wielu pokazach sztuki polskiej w kraju i za granic\u0105. Jest laureatem nagr\u00f3d i wyr\u00f3\u017cnie\u0144 m.in. na Biennale Grafiki w Mulhouse (1984), Grafica Atlantica w Reykjaviku (1987), Grand Prix na Biennale Grafiki w Vaasa (1987), Grand Prix na Biennale Grafiki w Seulu (1988), Nagrody im. Witolda Wojtkiewicza w Krakowie (2001). W 2008 roku odby\u0142a si\u0119 retrospektywna wystaw artysty w krakowskim Muzeum Narodowym. Prace w licznych zbiorach muzealnych (m.in. Muzeum Narodowe w Krakowie; Metropolitan Museum, Nowy Jork; Albertina Wiede\u0144; National Gallery, Waszyngton; Museu Oscar Niemeyer, Kurytyba; Utsunomiya Museum of Art, Utsunomiya).<\/p>\n","protected":false},"excerpt":{"rendered":"<p>Tytu\u0142: Pomocnik<br \/>\nAutor: Jacek Sroka<br \/>\nRok: 2014<br \/>\nTechnika: Olej p\u0142\u00f3tno<br \/>\nWymiary: 40 x 30 cm<br \/>\nPodpis: u do\u0142u i na odwrocie<br \/>\nStan zachowania: bardzo dobry<br \/>\nCertyfikat autentyczno\u015bci<\/p>\n","protected":false},"featured_media":9723,"template":"","meta":{"_monsterinsights_skip_tracking":false,"_monsterinsights_sitenote_active":false,"_monsterinsights_sitenote_note":"","_monsterinsights_sitenote_category":0,"_themeisle_gutenberg_block_has_review":false},"product_cat":[39],"product_tag":[71],"class_list":["post-9722","product","type-product","status-publish","has-post-thumbnail","hentry","product_cat-obrazy","product_tag-sroka-jacek","product_shipping_class-rodzaj-wysylki-2"],"aioseo_notices":[],"_links":{"self":[{"href":"https:\/\/kwintesencja.art\/pl\/wp-json\/wp\/v2\/product\/9722","targetHints":{"allow":["GET"]}}],"collection":[{"href":"https:\/\/kwintesencja.art\/pl\/wp-json\/wp\/v2\/product"}],"about":[{"href":"https:\/\/kwintesencja.art\/pl\/wp-json\/wp\/v2\/types\/product"}],"wp:featuredmedia":[{"embeddable":true,"href":"https:\/\/kwintesencja.art\/pl\/wp-json\/wp\/v2\/media\/9723"}],"wp:attachment":[{"href":"https:\/\/kwintesencja.art\/pl\/wp-json\/wp\/v2\/media?parent=9722"}],"wp:term":[{"taxonomy":"product_cat","embeddable":true,"href":"https:\/\/kwintesencja.art\/pl\/wp-json\/wp\/v2\/product_cat?post=9722"},{"taxonomy":"product_tag","embeddable":true,"href":"https:\/\/kwintesencja.art\/pl\/wp-json\/wp\/v2\/product_tag?post=9722"}],"curies":[{"name":"wp","href":"https:\/\/api.w.org\/{rel}","templated":true}]}}