{"id":9712,"date":"2026-04-04T20:57:38","date_gmt":"2026-04-04T18:57:38","guid":{"rendered":"https:\/\/kwintesencja.art\/?post_type=product&#038;p=9712"},"modified":"2026-04-04T21:01:39","modified_gmt":"2026-04-04T19:01:39","slug":"la-gardienne","status":"publish","type":"product","link":"https:\/\/kwintesencja.art\/pl\/product\/la-gardienne\/","title":{"rendered":"La Gardienne"},"content":{"rendered":"<p>J\u00f3zef Czapski (Praga 1896 &#8211; Maisons-Laffitte 1993) &#8211; malarz, rysownik, pisarz i publicysta; pocz\u0105tkowo studiowa\u0142 prawo, p\u00f3\u017aniej w 1918 kszta\u0142ci\u0142 si\u0119 w warszawskiej Szkole Sztuk Pi\u0119knych. Przerwa\u0142 studia, by na polecenie polskich w\u0142adz wojskowych uda\u0107 si\u0119 do Rosji w poszukiwaniu zaginionych oficer\u00f3w polskich.<\/p>\n<p>W 1920 uczestniczy\u0142 w wojnie polsko-bolszewickiej. W latach 1923-1924 studiowa\u0142 w Akademii Sztuk Pi\u0119knych w Krakowie. W 1924 wraz z grup\u0105 uczni\u00f3w J\u00f3zefa Pankiewicza, tworz\u0105cych tzw. Komitet Paryski, wyjecha\u0142 na dalsze studia do Pary\u017ca, gdzie przebywa\u0142 do roku 1931. Po powrocie do kraju uczestniczy\u0142 w wystawach kapist\u00f3w, m.in. w warszawskim Instytucie Propagandy Sztuki. Uczestnik kampanii wrze\u015bniowej, wi\u0119zie\u0144 m.in. obozu w Starobielsku; uwolniony z niewoli wst\u0105pi\u0142 do armii Andersa i w latach 1941-1942 prowadzi\u0142 poszukiwania oficer\u00f3w i \u017co\u0142nierzy uwi\u0119zionych i zaginionych w ZSRR.<\/p>\n<p>Po 1944 stale mieszka\u0142 w Maisons-Laffitte pod Pary\u017cem. By\u0142 jednym z za\u0142o\u017cycieli miesi\u0119cznika \u201eKultura\u201d. Jako pisarz opublikowa\u0142, m.in. Wspomnienia starobielskie, Na nieludzkiej ziemi oraz liczne eseje o sztuce. Malowa\u0142 pejza\u017ce, martwe natury, wn\u0119trza, rzadziej tak\u017ce portrety. W latach osiemdziesi\u0105tych i dziewi\u0119\u0107dziesi\u0105tych obrazy i rysunki artysty by\u0142y kilkakrotnie prezentowane na wystawach w Krakowie, Warszawie, Poznaniu.<\/p>\n<p>Jego malarstwo &#8211; pocz\u0105tkowo bliskie szkole Pankiewicza, p\u00f3\u017aniej bardzo indywidualne i ekspresyjne &#8211; szerzej przedstawia album autorstwa przez Joay Pollak\u00f3wny (Czapski, Warszawa 1993).<\/p>\n","protected":false},"excerpt":{"rendered":"<p>J\u00f3zef Czapski (1896 &#8211; 1993) &#8211; La Gardienne<br \/>\nWymiary: 16.30 x 14.50 cm<br \/>\nTechnika: kredki, o\u0142\u00f3wek, papier (sklejony z dw\u00f3ch kawa\u0142k\u00f3w)<br \/>\nPodpis: ,p.d. napis o\u0142. i tuszem: &#8230; | LA GARDIENNE<\/p>\n","protected":false},"featured_media":9713,"template":"","meta":{"_monsterinsights_skip_tracking":false,"_monsterinsights_sitenote_active":false,"_monsterinsights_sitenote_note":"","_monsterinsights_sitenote_category":0,"_themeisle_gutenberg_block_has_review":false},"product_cat":[39],"product_tag":[34],"class_list":["post-9712","product","type-product","status-publish","has-post-thumbnail","hentry","product_cat-obrazy","product_tag-czapski-jozef","product_shipping_class-rodzaj-wysylki-2"],"aioseo_notices":[],"_links":{"self":[{"href":"https:\/\/kwintesencja.art\/pl\/wp-json\/wp\/v2\/product\/9712","targetHints":{"allow":["GET"]}}],"collection":[{"href":"https:\/\/kwintesencja.art\/pl\/wp-json\/wp\/v2\/product"}],"about":[{"href":"https:\/\/kwintesencja.art\/pl\/wp-json\/wp\/v2\/types\/product"}],"wp:featuredmedia":[{"embeddable":true,"href":"https:\/\/kwintesencja.art\/pl\/wp-json\/wp\/v2\/media\/9713"}],"wp:attachment":[{"href":"https:\/\/kwintesencja.art\/pl\/wp-json\/wp\/v2\/media?parent=9712"}],"wp:term":[{"taxonomy":"product_cat","embeddable":true,"href":"https:\/\/kwintesencja.art\/pl\/wp-json\/wp\/v2\/product_cat?post=9712"},{"taxonomy":"product_tag","embeddable":true,"href":"https:\/\/kwintesencja.art\/pl\/wp-json\/wp\/v2\/product_tag?post=9712"}],"curies":[{"name":"wp","href":"https:\/\/api.w.org\/{rel}","templated":true}]}}