{"id":9664,"date":"2026-04-01T14:45:08","date_gmt":"2026-04-01T12:45:08","guid":{"rendered":"https:\/\/kwintesencja.art\/?post_type=product&#038;p=9664"},"modified":"2026-04-01T22:10:09","modified_gmt":"2026-04-01T20:10:09","slug":"grajacy-w-karty","status":"publish","type":"product","link":"https:\/\/kwintesencja.art\/pl\/product\/grajacy-w-karty\/","title":{"rendered":"Graj\u0105cy w karty"},"content":{"rendered":"<p><b>Paul C\u00e9zanne<\/b> to francuski malarz, kt\u00f3rego tw\u00f3rczo\u015b\u0107 stanowi\u0142a pomost mi\u0119dzy XIX-wiecznym impresjonizmem, a nowoczesnymi kierunkami XX wieku. Nazywany \u201eojcem sztuki nowoczesnej\u201d, odrzuci\u0142 ulotno\u015b\u0107 \u015bwiat\u0142a na rzecz poszukiwania trwa\u0142ych struktur i geometrycznych form w naturze. Malowa\u0142 w spos\u00f3b powolny i analityczny, buduj\u0105c kompozycje z rytmicznych poci\u0105gni\u0119\u0107 p\u0119dzla. Jego cykl <i>Graj\u0105cy w karty<\/i> jest jednym z najwa\u017cniejszych dokona\u0144 postimpresjonizmu, w kt\u00f3rym autor zmonumentalizowa\u0142 codzienn\u0105 scen\u0119 rodzajow\u0105.<\/p>\n","protected":false},"excerpt":{"rendered":"<p>Technika: Olej na p\u0142\u00f3tnie<br \/>\nWymiary: ok. 39 x 31 cm, 47 x 55 cm (z opraw\u0105)<br \/>\nStan zachowania: P\u0142\u00f3tno po konserwacji, uzupe\u0142niono ubytki warstwy malarskiej.<br \/>\nNa odwrocie liczne \u0142aty wzmacniaj\u0105ce (dubla\u017c punktowy) oraz odr\u0119czny numer inwentarzowy lub aukcyjny \u201e1633\u201d.<br \/>\nStan p\u0142\u00f3tna sugeruje bogat\u0105 histori\u0119 obiektu.<\/p>\n<p>Dzie\u0142o stanowi dawn\u0105 kopi\u0119 jednej z najbardziej prze\u0142omowych kompozycji w historii sztuki nowoczesnej. C\u00e9zanne w <i>Graj\u0105cych w karty<\/i> odszed\u0142 od anegdotycznego przedstawiania scen rodzajowych na rzecz monumentalizacji postaci i analizy formy.<\/p>\n<p>Prezentowana kopia zosta\u0142a wykonana z du\u017c\u0105 swobod\u0105 malarsk\u0105. Cho\u0107 odbiega od orygina\u0142u, dobrze oddaje ci\u0119\u017car kompozycji i charakterystyczn\u0105 dla postimpresjonizmu palet\u0119 barw (ugry, b\u0142\u0119kity, g\u0142\u0119bokie br\u0105zy). Widoczne na odwrocie liczne naprawy \u015bwiadcz\u0105 o tym, \u017ce obraz by\u0142 przez dziesi\u0119ciolecia traktowany jako warto\u015bciowy element kolekcji.<\/p>\n","protected":false},"featured_media":9666,"template":"","meta":{"_monsterinsights_skip_tracking":false,"_monsterinsights_sitenote_active":false,"_monsterinsights_sitenote_note":"","_monsterinsights_sitenote_category":0,"_themeisle_gutenberg_block_has_review":false},"product_cat":[39],"product_tag":[280,350],"class_list":["post-9664","product","type-product","status-publish","has-post-thumbnail","hentry","product_cat-obrazy","product_tag-artysta-nierozpoznany","product_tag-wyprzedaz","product_shipping_class-rodzaj-wysylki-3"],"aioseo_notices":[],"_links":{"self":[{"href":"https:\/\/kwintesencja.art\/pl\/wp-json\/wp\/v2\/product\/9664","targetHints":{"allow":["GET"]}}],"collection":[{"href":"https:\/\/kwintesencja.art\/pl\/wp-json\/wp\/v2\/product"}],"about":[{"href":"https:\/\/kwintesencja.art\/pl\/wp-json\/wp\/v2\/types\/product"}],"wp:featuredmedia":[{"embeddable":true,"href":"https:\/\/kwintesencja.art\/pl\/wp-json\/wp\/v2\/media\/9666"}],"wp:attachment":[{"href":"https:\/\/kwintesencja.art\/pl\/wp-json\/wp\/v2\/media?parent=9664"}],"wp:term":[{"taxonomy":"product_cat","embeddable":true,"href":"https:\/\/kwintesencja.art\/pl\/wp-json\/wp\/v2\/product_cat?post=9664"},{"taxonomy":"product_tag","embeddable":true,"href":"https:\/\/kwintesencja.art\/pl\/wp-json\/wp\/v2\/product_tag?post=9664"}],"curies":[{"name":"wp","href":"https:\/\/api.w.org\/{rel}","templated":true}]}}