{"id":9564,"date":"2026-03-06T10:04:12","date_gmt":"2026-03-06T09:04:12","guid":{"rendered":"https:\/\/kwintesencja.art\/?post_type=product&#038;p=9564"},"modified":"2026-03-06T10:04:12","modified_gmt":"2026-03-06T09:04:12","slug":"bez-tytulu-czaszka","status":"publish","type":"product","link":"https:\/\/kwintesencja.art\/pl\/product\/bez-tytulu-czaszka\/","title":{"rendered":"Bez tytu\u0142u (Czaszka)"},"content":{"rendered":"<p><b>Piotr Ukla\u0144ski<\/b>\u00a0(ur. 1968) \u2013 jeden z najwa\u017cniejszych polskich artyst\u00f3w \u015bredniego pokolenia, fotograf, autor instalacji, film\u00f3w, obiekt\u00f3w i prac z pogranicza malarstwa oraz rze\u017aby. Urodzony w 1968 r. w Warszawie, studiowa\u0142 w tamtejszej Akademii Sztuk Pi\u0119knych, a nast\u0119pnie w Cooper Union School of Art w Nowym Jorku. Od lat 90. dzia\u0142a mi\u0119dzynarodowo, wsp\u00f3\u0142pracuj\u0105c m.in. z galeri\u0105 Gagosian i najwa\u017cniejszymi instytucjami sztuki wsp\u00f3\u0142czesnej.<br \/>\nRozg\u0142os przynios\u0142a mu instalacja \u201eThe Nazis\u201d (1998), z\u0142o\u017cona z portret\u00f3w aktor\u00f3w graj\u0105cych nazist\u00f3w, oraz \u015bwietlny parkiet \u201eDance Floor\u201d (1996). W swojej sztuce Ukla\u0144ski cz\u0119sto \u0142\u0105czy fascynacj\u0119 kultur\u0105 popularn\u0105 z krytycznym namys\u0142em nad polityk\u0105, erotyk\u0105, przemoc\u0105 i mechanizmami zbiorowej pami\u0119ci. Pos\u0142uguje si\u0119 r\u00f3\u017cnymi technikami \u2013 od fotografii i filmu, przez ceramik\u0119 i tekstylia, po monumentalne instalacje w przestrzeni publicznej \u2013 tworz\u0105c ironiczne, a zarazem poruszaj\u0105ce obrazy wsp\u00f3\u0142czesno\u015bci. Jego prace znajduj\u0105 si\u0119 w kolekcjach tak presti\u017cowych instytucji jak Metropolitan Museum of Art, Tate Modern, Centre Pompidou czy Muzeum Sztuki Nowoczesnej w Warszawie.<\/p>\n","protected":false},"excerpt":{"rendered":"<p>Piotr Ukla\u0144ski (ur. 1968), Bez tytu\u0142u (Czaszka), ok. 2000<br \/>\nFotografia, print na grubym papierze<br \/>\nWymiary: 24 x 30,5 cm, 42 x 52 cm (z opraw\u0105)<br \/>\nPochodzenie: USA<br \/>\nIkoniczna dla tw\u00f3rczo\u015bci Piotra Ukla\u0144skiego fotografia, w kt\u00f3rej nagie cia\u0142a modela i modelek u\u0142o\u017cone zosta\u0142y w kszta\u0142t ludzkiej czaszki. Na jednolicie czarnym tle, niczym w martwej naturze vanitas, artysta komponuje z cia\u0142 precyzyjn\u0105, niemal graficzn\u0105 struktur\u0119: rozlu\u017anione, zamkni\u0119te w sobie cia\u0142o m\u0119\u017cczyzny tworzy \u201enos\u201d i \u015brodek kompozycji, kr\u0105g po\u0142\u0105czonych postaci buduje kontur czaszki, za\u015b pary kl\u0119cz\u0105cych plecami modelek \u2013 \u201ez\u0119by\u201d. Ukla\u0144ski zestawia tak erotyk\u0119 z motywem \u015bmierci, jednego z przewodnich temat\u00f3w swojego oeuvre.<\/p>\n<p>Praca nale\u017cy do serii fotografii powsta\u0142ych na prze\u0142omie lat 90. i 2000., w kt\u00f3rych artysta wykorzystuje medium fotografii inscenizowanej, by bada\u0107 ikonografi\u0119 popkultury, stereotypy i fantazmaty zbiorowej wyobra\u017ani. \u201eUntitled (Skull)\u201d jest jednym z najcz\u0119\u015bciej reprodukowanych jego uj\u0119\u0107, prezentowanym m.in. w ramach monograficznej wystawy \u201eFatal Attraction: Piotr Ukla\u0144ski Photographs\u201d w Metropolitan Museum of Art w Nowym Jorku.<\/p>\n","protected":false},"featured_media":9565,"template":"","meta":{"_monsterinsights_skip_tracking":false,"_monsterinsights_sitenote_active":false,"_monsterinsights_sitenote_note":"","_monsterinsights_sitenote_category":0,"_themeisle_gutenberg_block_has_review":false},"product_cat":[15],"product_tag":[350],"class_list":["post-9564","product","type-product","status-publish","has-post-thumbnail","hentry","product_cat-pozostale","product_tag-wyprzedaz","product_shipping_class-rodzaj-wysylki-2"],"aioseo_notices":[],"_links":{"self":[{"href":"https:\/\/kwintesencja.art\/pl\/wp-json\/wp\/v2\/product\/9564","targetHints":{"allow":["GET"]}}],"collection":[{"href":"https:\/\/kwintesencja.art\/pl\/wp-json\/wp\/v2\/product"}],"about":[{"href":"https:\/\/kwintesencja.art\/pl\/wp-json\/wp\/v2\/types\/product"}],"wp:featuredmedia":[{"embeddable":true,"href":"https:\/\/kwintesencja.art\/pl\/wp-json\/wp\/v2\/media\/9565"}],"wp:attachment":[{"href":"https:\/\/kwintesencja.art\/pl\/wp-json\/wp\/v2\/media?parent=9564"}],"wp:term":[{"taxonomy":"product_cat","embeddable":true,"href":"https:\/\/kwintesencja.art\/pl\/wp-json\/wp\/v2\/product_cat?post=9564"},{"taxonomy":"product_tag","embeddable":true,"href":"https:\/\/kwintesencja.art\/pl\/wp-json\/wp\/v2\/product_tag?post=9564"}],"curies":[{"name":"wp","href":"https:\/\/api.w.org\/{rel}","templated":true}]}}