{"id":9563,"date":"2026-03-06T10:00:39","date_gmt":"2026-03-06T09:00:39","guid":{"rendered":"https:\/\/kwintesencja.art\/?post_type=product&#038;p=9563"},"modified":"2026-03-06T10:01:21","modified_gmt":"2026-03-06T09:01:21","slug":"salvator-mundi","status":"publish","type":"product","link":"https:\/\/kwintesencja.art\/pl\/product\/salvator-mundi\/","title":{"rendered":"Salvator Mundi"},"content":{"rendered":"<p>Leonardo da Vinci, \u017cyj\u0105cy w latach 1452\u20131519, by\u0142 archetypowym cz\u0142owiekiem renesansu, kt\u00f3rego wszechstronny geniusz obejmowa\u0142 malarstwo, rze\u017ab\u0119, architektur\u0119, in\u017cynieri\u0119 oraz anatomi\u0119. Jako artysta przeszed\u0142 do historii dzi\u0119ki rewolucyjnemu wykorzystaniu \u015bwiat\u0142ocienia i techniki sfumato, co pozwoli\u0142o mu stworzy\u0107 tak ikoniczne dzie\u0142a jak Mona Lisa czy Ostatnia Wieczerza. Jego ciekawo\u015b\u0107 \u015bwiata wykracza\u0142a jednak daleko poza ramy sztuki, prowadz\u0105c go do pionierskich bada\u0144 nad budow\u0105 ludzkiego cia\u0142a oraz projektowania maszyn wyprzedzaj\u0105cych epok\u0119 o setki lat, w tym prototyp\u00f3w helikopter\u00f3w, czo\u0142g\u00f3w i system\u00f3w hydraulicznych. Wi\u0119kszo\u015b\u0107 swoich odkry\u0107 i przemy\u015ble\u0144 uwieczni\u0142 w obszernych kodeksach pisanych pismem lustrzanym, kt\u00f3re do dzi\u015b stanowi\u0105 dow\u00f3d na to, \u017ce dla Leonarda nauka i sztuka stanowi\u0142y nierozerwaln\u0105 jedno\u015b\u0107, opart\u0105 na g\u0142\u0119bokiej obserwacji natury.<\/p>\n","protected":false},"excerpt":{"rendered":"<p>Leonardo da Vinci (1452 -1519), Ostatnia wieczerza (after)<br \/>\nGrafika barwna na papierze, edycja limitowana \u2013 300 egzemplarzy<br \/>\nNumer: 12\/300 (o\u0142\u00f3wkiem l.d.), p.d. faksymile sygnatury: \u201eT. de Lempicka\u201d<br \/>\nWymiary arkusza: 50 \u00d7 65 cm<br \/>\nNa dole sucha piecz\u0119\u0107 wydawcy \u201eShakespeare Art\u201d<br \/>\nNa odwrocie hologram potwierdzaj\u0105cy autentyczno\u015b\u0107 wydawnictwa<br \/>\nStan zachowania: bardzo dobry<\/p>\n","protected":false},"featured_media":9561,"template":"","meta":{"_monsterinsights_skip_tracking":false,"_monsterinsights_sitenote_active":false,"_monsterinsights_sitenote_note":"","_monsterinsights_sitenote_category":0,"_themeisle_gutenberg_block_has_review":false},"product_cat":[41],"product_tag":[359,350],"class_list":["post-9563","product","type-product","status-publish","has-post-thumbnail","hentry","product_cat-grafiki","product_tag-vinci-leonardo","product_tag-wyprzedaz","product_shipping_class-rodzaj-wysylki-2"],"aioseo_notices":[],"_links":{"self":[{"href":"https:\/\/kwintesencja.art\/pl\/wp-json\/wp\/v2\/product\/9563","targetHints":{"allow":["GET"]}}],"collection":[{"href":"https:\/\/kwintesencja.art\/pl\/wp-json\/wp\/v2\/product"}],"about":[{"href":"https:\/\/kwintesencja.art\/pl\/wp-json\/wp\/v2\/types\/product"}],"wp:featuredmedia":[{"embeddable":true,"href":"https:\/\/kwintesencja.art\/pl\/wp-json\/wp\/v2\/media\/9561"}],"wp:attachment":[{"href":"https:\/\/kwintesencja.art\/pl\/wp-json\/wp\/v2\/media?parent=9563"}],"wp:term":[{"taxonomy":"product_cat","embeddable":true,"href":"https:\/\/kwintesencja.art\/pl\/wp-json\/wp\/v2\/product_cat?post=9563"},{"taxonomy":"product_tag","embeddable":true,"href":"https:\/\/kwintesencja.art\/pl\/wp-json\/wp\/v2\/product_tag?post=9563"}],"curies":[{"name":"wp","href":"https:\/\/api.w.org\/{rel}","templated":true}]}}