{"id":9464,"date":"2026-03-05T21:27:29","date_gmt":"2026-03-05T20:27:29","guid":{"rendered":"https:\/\/kwintesencja.art\/?post_type=product&#038;p=9464"},"modified":"2026-03-10T09:23:43","modified_gmt":"2026-03-10T08:23:43","slug":"tragedia-dellarte","status":"publish","type":"product","link":"https:\/\/kwintesencja.art\/pl\/product\/tragedia-dellarte\/","title":{"rendered":"Tragedia dell\u2019arte"},"content":{"rendered":"<p>Jean-L\u00e9on G\u00e9r\u00f4me (1824\u20131904)<br \/>\nFrancuski malarz, rze\u017abiarz i pedagog, jedna z czo\u0142owych postaci akademizmu drugiej po\u0142owy XIX wieku. Uczy\u0142 m.in. w paryskiej \u00c9cole des Beaux-Arts, prowadz\u0105c wp\u0142ywow\u0105 pracowni\u0119, przez kt\u00f3r\u0105 przewin\u0119\u0142y si\u0119 setki (a w d\u0142u\u017cszej perspektywie \u2013 tysi\u0105ce) student\u00f3w. Tworzy\u0142 sceny historyczne, antyczne i mitologiczne, a tak\u017ce liczne kompozycje orientalizuj\u0105ce; jego obrazy by\u0142y masowo reprodukowane i nale\u017ca\u0142 do najbardziej rozpoznawalnych artyst\u00f3w swojej epoki.<\/p>\n<p>Huber (malarz-kopista, bli\u017cej nieokre\u015blony).<\/p>\n","protected":false},"excerpt":{"rendered":"<p><strong>Jean-L\u00e9on G\u00e9r\u00f4me (1824\u20131904) &#8211;\u00a0<\/strong><strong>\u201eTragedia dell\u2019arte\u201d, 1857<\/strong> (kopia)<br \/>\nOlej na desce<br \/>\nWymiary: 23 \u00d7 34 cm, 34 \u00d7 44 cm (z ram\u0105)<br \/>\nSygnowany p.d.: <strong>\u201eGerome\u201d<\/strong> oraz <strong>\u201eHuber\u201d<\/strong> (autor kopii).<br \/>\nObraz w ozdobnej, drewnianej ramie z\u0142oconej.<br \/>\nPraca po konserwacji.<\/p>\n<p>Kompozycja nawi\u0105zuje do s\u0142ynnej sceny rodzajowej G\u00e9r\u00f4me\u2019a inspirowanej \u015bwiatem <strong>commedia dell\u2019arte<\/strong>: na zimowym, przygaszonym tle parku\/alei widzimy dramatyczny epizod z udzia\u0142em postaci w teatralnych kostiumach. Po lewej grupa postaci skupiona wok\u00f3\u0142 rannej osoby, po prawej dwie sylwetki oddalaj\u0105ce si\u0119 w g\u0142\u0105b pejza\u017cu. Kontrast bieli \u015bniegu i jasnego stroju z intensywn\u0105 czerwieni\u0105 oraz zieleni\u0105 szat buduje napi\u0119cie sceny i podkre\u015bla jej \u201eteatralny\u201d charakter. Praca stanowi przyk\u0142ad XIX-wiecznej praktyki wykonywania autorskich b\u0105d\u017a warsztatowych kopii\u00a0po kompozycjach uznanych mistrz\u00f3w, przeznaczonych do obiegu kolekcjonerskiego.<\/p>\n","protected":false},"featured_media":9465,"template":"","meta":{"_monsterinsights_skip_tracking":false,"_monsterinsights_sitenote_active":false,"_monsterinsights_sitenote_note":"","_monsterinsights_sitenote_category":0,"_themeisle_gutenberg_block_has_review":false},"product_cat":[39],"product_tag":[350],"class_list":["post-9464","product","type-product","status-publish","has-post-thumbnail","hentry","product_cat-obrazy","product_tag-wyprzedaz","product_shipping_class-rodzaj-wysylki-3"],"aioseo_notices":[],"_links":{"self":[{"href":"https:\/\/kwintesencja.art\/pl\/wp-json\/wp\/v2\/product\/9464","targetHints":{"allow":["GET"]}}],"collection":[{"href":"https:\/\/kwintesencja.art\/pl\/wp-json\/wp\/v2\/product"}],"about":[{"href":"https:\/\/kwintesencja.art\/pl\/wp-json\/wp\/v2\/types\/product"}],"wp:featuredmedia":[{"embeddable":true,"href":"https:\/\/kwintesencja.art\/pl\/wp-json\/wp\/v2\/media\/9465"}],"wp:attachment":[{"href":"https:\/\/kwintesencja.art\/pl\/wp-json\/wp\/v2\/media?parent=9464"}],"wp:term":[{"taxonomy":"product_cat","embeddable":true,"href":"https:\/\/kwintesencja.art\/pl\/wp-json\/wp\/v2\/product_cat?post=9464"},{"taxonomy":"product_tag","embeddable":true,"href":"https:\/\/kwintesencja.art\/pl\/wp-json\/wp\/v2\/product_tag?post=9464"}],"curies":[{"name":"wp","href":"https:\/\/api.w.org\/{rel}","templated":true}]}}