{"id":9453,"date":"2026-03-04T21:25:30","date_gmt":"2026-03-04T20:25:30","guid":{"rendered":"https:\/\/kwintesencja.art\/?post_type=product&#038;p=9453"},"modified":"2026-04-17T12:25:48","modified_gmt":"2026-04-17T10:25:48","slug":"jezus","status":"publish","type":"product","link":"https:\/\/kwintesencja.art\/pl\/product\/jezus\/","title":{"rendered":"Jezus"},"content":{"rendered":"<p>Nikifor Krynicki, znany r\u00f3wnie\u017c jako Epifaniusz Drowniak (1895-1968), by\u0142 polskim malarzem prymitywist\u0105 pochodz\u0105cym z Krynicy. Urodzi\u0142 si\u0119 w ubogiej rodzinie rusi\u0144skiej i by\u0142 samoukiem w dziedzinie sztuki. Mimo swojego niepe\u0142nosprawnego m\u00f3wienia i s\u0142uchu, Nikifor wykazywa\u0142 niezwyk\u0142y talent malarski, kt\u00f3ry przyci\u0105gn\u0105\u0142 uwag\u0119 i uznanie. Tworzy\u0142 g\u0142\u00f3wnie akwarele, prezentuj\u0105ce architektur\u0119 i pejza\u017ce, a tak\u017ce sceny z \u017cycia codziennego, kt\u00f3re cz\u0119sto ukazywa\u0142 w minimalistycznej, lecz ekspresyjnej formie.<\/p>\n<p>Jego prace charakteryzuj\u0105 si\u0119 intensywnym wykorzystaniem koloru i prostot\u0105 form, co sprawia, \u017ce s\u0105 one \u0142atwo rozpoznawalne i cenione zar\u00f3wno w Polsce, jak i za granic\u0105. Nikifor jest uwa\u017cany za jednego z najwa\u017cniejszych przedstawicieli sztuki naiwnej w Polsce. Przez wi\u0119kszo\u015b\u0107 swojego \u017cycia mieszka\u0142 i tworzy\u0142 w Krynicy, gdzie dzi\u015b znajduje si\u0119 muzeum po\u015bwi\u0119cone jego tw\u00f3rczo\u015bci<\/p>\n","protected":false},"excerpt":{"rendered":"<p>Nikifor Krynicki (1895-1968), \u015awi\u0119ty, lata 50.-60. XX w.<br \/>\nTechnika: kredki na papierze<br \/>\nWymiary: 8 x 13,5 cm, 28,5 x 23,5 cm (z opraw\u0105)<br \/>\nNa odwrocie piecz\u0119\u0107 autorska<br \/>\nStan zachowania: bardzo dobry<br \/>\n<span class=\"HwtZe\" lang=\"pl\"><span class=\"jCAhz ChMk0b\"><span class=\"ryNqvb\">Do obrazu do\u0142\u0105czony b\u0119dzie certyfikat galerii<br \/>\n<\/span><\/span><\/span><span class=\"HwtZe\" lang=\"pl\"><span class=\"jCAhz ChMk0b\"><span class=\"ryNqvb\">i opinia p. Karskiego potwierdzaj\u0105ca autentyczno\u015b\u0107 (e-mail &#8211; screen)<\/span><\/span><\/span><\/p>\n","protected":false},"featured_media":9455,"template":"","meta":{"_monsterinsights_skip_tracking":false,"_monsterinsights_sitenote_active":false,"_monsterinsights_sitenote_note":"","_monsterinsights_sitenote_category":0,"_themeisle_gutenberg_block_has_review":false},"product_cat":[39],"product_tag":[63],"class_list":["post-9453","product","type-product","status-publish","has-post-thumbnail","hentry","product_cat-obrazy","product_tag-nikifor","product_shipping_class-rodzaj-wysylki-2"],"aioseo_notices":[],"_links":{"self":[{"href":"https:\/\/kwintesencja.art\/pl\/wp-json\/wp\/v2\/product\/9453","targetHints":{"allow":["GET"]}}],"collection":[{"href":"https:\/\/kwintesencja.art\/pl\/wp-json\/wp\/v2\/product"}],"about":[{"href":"https:\/\/kwintesencja.art\/pl\/wp-json\/wp\/v2\/types\/product"}],"wp:featuredmedia":[{"embeddable":true,"href":"https:\/\/kwintesencja.art\/pl\/wp-json\/wp\/v2\/media\/9455"}],"wp:attachment":[{"href":"https:\/\/kwintesencja.art\/pl\/wp-json\/wp\/v2\/media?parent=9453"}],"wp:term":[{"taxonomy":"product_cat","embeddable":true,"href":"https:\/\/kwintesencja.art\/pl\/wp-json\/wp\/v2\/product_cat?post=9453"},{"taxonomy":"product_tag","embeddable":true,"href":"https:\/\/kwintesencja.art\/pl\/wp-json\/wp\/v2\/product_tag?post=9453"}],"curies":[{"name":"wp","href":"https:\/\/api.w.org\/{rel}","templated":true}]}}