{"id":9423,"date":"2026-02-24T13:07:31","date_gmt":"2026-02-24T12:07:31","guid":{"rendered":"https:\/\/kwintesencja.art\/?post_type=product&#038;p=9423"},"modified":"2026-03-10T12:53:00","modified_gmt":"2026-03-10T11:53:00","slug":"trzy-drzewa","status":"publish","type":"product","link":"https:\/\/kwintesencja.art\/pl\/product\/trzy-drzewa\/","title":{"rendered":"Trzy drzewa"},"content":{"rendered":"<p>Rembrandt van Rijn, holenderski malarz, rysownik i grafik, uwa\u017cany jest za jednego z najwybitniejszych artyst\u00f3w w dziejach sztuki. Do perfekcji opanowa\u0142 technik\u0119 \u015bwiat\u0142ocienia, wykorzystuj\u0105c j\u0105 dla pog\u0142\u0119bienia dramatyzmu i nastrojowo\u015bci swych kompozycji. Nazywany jest tak\u017ce \u201emalarzem duszy\u201d. Inspirowa\u0142 si\u0119 motywami biblijnymi i mitologicznymi, tworzy\u0142 tak\u017ce sceny rodzajowe, pejza\u017ce oraz liczne portrety i autoportrety.<\/p>\n","protected":false},"excerpt":{"rendered":"<div class=\"woocommerce-product-details__short-description\">\n<p><b>Rembrandt van Rijn (1606\u20131669) \u2013<i>\u00a0<\/i><\/b><b><i>Trzy drzewa<\/i> (<i>The Three Trees<\/i>)<br \/>\n<\/b>Rembrandt Harmenszoon van Rijn (Holandia)<br \/>\n<b>Technika:<\/b> Akwaforta (Etching) na papierze.<br \/>\n<b>Datowanie orygina\u0142u:<\/b> 1643.<br \/>\n<b>Datowanie oferowanego egzemplarza:<\/b>\u00a0ok. XIX wiek<br \/>\n<b>Wymiary:<\/b>\u00a014 x 19 cm, 32 x 36 cm (z opraw\u0105)<br \/>\n<i><br \/>\nTrzy drzewa<\/i> to jedna z najbardziej znanych i cenionych kompozycji pejza\u017cowych Rembrandta. Oryginalna matryca powsta\u0142a w 1643 roku i jest uwa\u017cana za szczytowe osi\u0105gni\u0119cie artysty w dziedzinie grafiki krajobrazowej. Praca charakteryzuje si\u0119 niezwyk\u0142\u0105 dynamik\u0105 \u2013 przedstawia moment zbli\u017caj\u0105cej si\u0119 burzy, z dramatycznymi liniami deszczu po lewej stronie i skomplikowan\u0105 gr\u0105 \u015bwiat\u0142ocienia na niebie.<\/p>\n<p>Oferowany egzemplarz to dziewi\u0119tnastowieczna odbitka, wykonana z oryginalnej lub wiernie odtworzonej p\u0142yty. Tego typu edycje po\u015bmiertne pozwalaj\u0105 kolekcjonerom na posiadanie ikonicznych kompozycji mistrza, kt\u00f3re w oryginalnych siedemnastowiecznych odbitkach osi\u0105gaj\u0105 ceny rynkowe rz\u0119du setek tysi\u0119cy dolar\u00f3w.<\/p>\n<p><b>Stan:<\/b>\u00a0Praca oprawiona, stan wizualny bardzo dobry.<\/p>\n<\/div>\n","protected":false},"featured_media":9426,"template":"","meta":{"_monsterinsights_skip_tracking":false,"_monsterinsights_sitenote_active":false,"_monsterinsights_sitenote_note":"","_monsterinsights_sitenote_category":0,"_themeisle_gutenberg_block_has_review":false},"product_cat":[41],"product_tag":[68],"class_list":["post-9423","product","type-product","status-publish","has-post-thumbnail","hentry","product_cat-grafiki","product_tag-rembrandt","product_shipping_class-rodzaj-wysylki-2"],"aioseo_notices":[],"_links":{"self":[{"href":"https:\/\/kwintesencja.art\/pl\/wp-json\/wp\/v2\/product\/9423","targetHints":{"allow":["GET"]}}],"collection":[{"href":"https:\/\/kwintesencja.art\/pl\/wp-json\/wp\/v2\/product"}],"about":[{"href":"https:\/\/kwintesencja.art\/pl\/wp-json\/wp\/v2\/types\/product"}],"wp:featuredmedia":[{"embeddable":true,"href":"https:\/\/kwintesencja.art\/pl\/wp-json\/wp\/v2\/media\/9426"}],"wp:attachment":[{"href":"https:\/\/kwintesencja.art\/pl\/wp-json\/wp\/v2\/media?parent=9423"}],"wp:term":[{"taxonomy":"product_cat","embeddable":true,"href":"https:\/\/kwintesencja.art\/pl\/wp-json\/wp\/v2\/product_cat?post=9423"},{"taxonomy":"product_tag","embeddable":true,"href":"https:\/\/kwintesencja.art\/pl\/wp-json\/wp\/v2\/product_tag?post=9423"}],"curies":[{"name":"wp","href":"https:\/\/api.w.org\/{rel}","templated":true}]}}