{"id":9400,"date":"2026-02-22T11:58:17","date_gmt":"2026-02-22T10:58:17","guid":{"rendered":"https:\/\/kwintesencja.art\/?post_type=product&#038;p=9400"},"modified":"2026-03-05T21:13:41","modified_gmt":"2026-03-05T20:13:41","slug":"skrzypek","status":"publish","type":"product","link":"https:\/\/kwintesencja.art\/pl\/product\/skrzypek\/","title":{"rendered":"Skrzypek"},"content":{"rendered":"<p>Marc Chagall (1887-1985) &#8211; francuski malarz i grafik pochodzenia rosyjskiego. Wybitny przedstawiciel \u00c9cole de Paris. Rysunku uczy\u0142 si\u0119 u witebskiego malarza Juda Pen. W 1907r. rozpocz\u0105\u0142 studia w Akademii petersburskiej .W latach 1910-1914 przebywa\u0142 na stypendium w Pary\u017cu, gdzie zetkn\u0105\u0142 si\u0119 z kubizmem i zaprzyja\u017ani\u0142 z G. Apollinairem i M. Jacobem. W 1915r. o\u017ceni\u0142 si\u0119 z Bell\u0105 , by\u0142a ona muz\u0105 wielu jego obraz\u00f3w. W 1919r. by\u0142 kierownikiem artystycznym Pa\u0144stwowego Teatru \u017bydowskiego w Moskwie. Od 1947r. mieszka\u0142 na sta\u0142e w Pary\u017cu. Po naiwno-realistycznych obrazach w pocz\u0105tkowej tw\u00f3rczo\u015bci, uleg\u0142 wp\u0142ywom kubizmu, ekspresjonizmu i surrealizmu. W jego obrazach przewa\u017ca pogodna tematyka mi\u0142osna, pejza\u017ce, sceny religijne. Charakterystycznymi dla niego \u015brodkami wyrazu s\u0105 m.in. deformacja kszta\u0142t\u00f3w, zachwianie proporcji, przewaga \u017cywych czerwieni, b\u0142\u0119kit\u00f3w i zieleni.<br \/>\nCzytaj wi\u0119cej o arty\u015bcie: <a href=\"https:\/\/kwintesencja.art\/2022\/12\/11\/spacerujac-w-chmurach\/\" target=\"_blank\" rel=\"noopener\">TUTAJ<\/a><\/p>\n","protected":false},"excerpt":{"rendered":"<p>Grafika, edycja limitowana 300 egzemplarzy,\u00a0na papierze Fabriano Cotton Privilege.<br \/>\nKa\u017cda grafika jest indywidualnie numerowana.<br \/>\nNapis o\u0142\u00f3wkiem l.d.: 51\/300, p.d.: faksymile \u201eChagall&#8221;. Wymiary: 50 cm x 70 cm (arkusz)<br \/>\nNa dole sucha piecz\u0119\u0107 <span class=\"HwtZe\" lang=\"pl\">\u2013\u00a0<span class=\"jCAhz ChMk0b\"><span class=\"ryNqvb\">Certyfikowany przez\u00a0<\/span><\/span><\/span>SPADEM Paris.<br \/>\nStan zachowania: bardzo dobry<\/p>\n","protected":false},"featured_media":9381,"template":"","meta":{"_monsterinsights_skip_tracking":false,"_monsterinsights_sitenote_active":false,"_monsterinsights_sitenote_note":"","_monsterinsights_sitenote_category":0,"_themeisle_gutenberg_block_has_review":false},"product_cat":[41],"product_tag":[197],"class_list":["post-9400","product","type-product","status-publish","has-post-thumbnail","hentry","product_cat-grafiki","product_tag-chagall-marc","product_shipping_class-rodzaj-wysylki-2"],"aioseo_notices":[],"_links":{"self":[{"href":"https:\/\/kwintesencja.art\/pl\/wp-json\/wp\/v2\/product\/9400","targetHints":{"allow":["GET"]}}],"collection":[{"href":"https:\/\/kwintesencja.art\/pl\/wp-json\/wp\/v2\/product"}],"about":[{"href":"https:\/\/kwintesencja.art\/pl\/wp-json\/wp\/v2\/types\/product"}],"wp:featuredmedia":[{"embeddable":true,"href":"https:\/\/kwintesencja.art\/pl\/wp-json\/wp\/v2\/media\/9381"}],"wp:attachment":[{"href":"https:\/\/kwintesencja.art\/pl\/wp-json\/wp\/v2\/media?parent=9400"}],"wp:term":[{"taxonomy":"product_cat","embeddable":true,"href":"https:\/\/kwintesencja.art\/pl\/wp-json\/wp\/v2\/product_cat?post=9400"},{"taxonomy":"product_tag","embeddable":true,"href":"https:\/\/kwintesencja.art\/pl\/wp-json\/wp\/v2\/product_tag?post=9400"}],"curies":[{"name":"wp","href":"https:\/\/api.w.org\/{rel}","templated":true}]}}