{"id":9313,"date":"2026-02-05T20:15:31","date_gmt":"2026-02-05T19:15:31","guid":{"rendered":"https:\/\/kwintesencja.art\/?post_type=product&#038;p=9313"},"modified":"2026-05-08T11:29:10","modified_gmt":"2026-05-08T09:29:10","slug":"yom-kippur-1966","status":"publish","type":"product","link":"https:\/\/kwintesencja.art\/pl\/product\/yom-kippur-1966\/","title":{"rendered":"Yom Kippur, 1966"},"content":{"rendered":"<p>Jerzy Duda-Gracz (1941, Cz\u0119stochowa \u2013 2004, \u0141ag\u00f3w) \u2013 polski malarz, rysownik, grafik i scenograf, jedna z najwa\u017cniejszych i najbardziej rozpoznawalnych osobowo\u015bci sztuki polskiej drugiej po\u0142owy XX wieku. Uko\u0144czy\u0142 studia na Wydziale Grafiki filii krakowskiej ASP w Katowicach (dyplom w 1968 roku). Zas\u0142yn\u0105\u0142 bezkompromisow\u0105, moralitetow\u0105 obserwacj\u0105 spo\u0142ecze\u0144stwa: tworzy\u0142 figuracj\u0119 o silnym \u0142adunku satyrycznym, cz\u0119sto \u015bwiadomie deformuj\u0105c postacie i sytuacje, by wydoby\u0107 prawd\u0119 o ludzkich s\u0142abo\u015bciach, obyczajach i mechanizmach zbiorowej wyobra\u017ani.<\/p>\n<p>Wa\u017cnym, rzadziej podkre\u015blanym w\u0105tkiem jego wczesnej dzia\u0142alno\u015bci by\u0142a tematyka \u017cydowska. By\u0142a ona obecna od samego pocz\u0105tku: w latach 60., jeszcze jako ucze\u0144 liceum plastycznego, prowadzi\u0142 zaj\u0119cia z rysunku dla spo\u0142eczno\u015bci \u017cydowskiej w Cz\u0119stochowie, p\u00f3\u017aniej tak\u017ce w Katowicach, a jako prac\u0119 dyplomow\u0105 przygotowa\u0142 cykl grafik \u201eJudaika\u201d. W kolejnych dekadach artysta rozwija\u0142 w\u0142asny j\u0119zyk malarski w licznych cyklach, \u0142\u0105cz\u0105c realizm warsztatowy z grotesk\u0105, symbolik\u0105 i refleksj\u0105 etyczn\u0105; r\u00f3wnolegle podejmowa\u0142 tak\u017ce tematy sakralne, zwie\u0144czone monumentalnymi realizacjami, w tym \u201eGolgota Jasnog\u00f3rska\u201d (2001).<\/p>\n","protected":false},"excerpt":{"rendered":"<p><b>Jerzy DUDA-GRACZ (1941 Cz\u0119stochowa \u2013 2004 \u0141ag\u00f3w)<\/b><br \/>\n<strong>\u201eYom Kippur\u201d<\/strong>, 1966<br \/>\nOlej, p\u0142\u00f3tno naklejone na pod\u0142o\u017ce drewniane, 41 \u00d7 21 cm + oprawa<br \/>\nSygn. i dat. na odwrocie; na odwrocie tak\u017ce autorski opis z tytu\u0142em (\u201eJOM KIPUR\u2026 21\u00d741 cm\u2026 1966\u201d) oraz napis w alfabecie hebrajskim.<br \/>\nZachowana etykieta pracowni opraw (Nowy Jork, Madison Avenue).<\/p>\n<p>Tytu\u0142 <strong>\u201eYom Kippur\u201d<\/strong> (Dzie\u0144 Pojednania) kieruje interpretacj\u0119 w stron\u0119 tematyki sacrum, rachunku sumienia i zbiorowej pami\u0119ci. To praca wczesna \u2013 z po\u0142owy lat 60. \u2013 pokazuj\u0105ca zainteresowanie artysty kondycj\u0105 cz\u0142owieka oraz \u201eteatrem\u201d do\u015bwiadcze\u0144 granicznych, zanim jego j\u0119zyk plastyczny dojrzeje do p\u00f3\u017aniejszej, szeroko rozpoznawalnej satyry i deformacji w realistycznym kostiumie. Duda-Gracz pozostaje jednym z najwa\u017cniejszych komentator\u00f3w polskiej rzeczywisto\u015bci powojennej; r\u00f3wnolegle podejmowa\u0142 r\u00f3wnie\u017c w\u0105tki religijne i moralitetowe w wi\u0119kszych cyklach (m.in. realizacje o tematyce sakralnej).<\/p>\n","protected":false},"featured_media":9314,"template":"","meta":{"_monsterinsights_skip_tracking":false,"_monsterinsights_sitenote_active":false,"_monsterinsights_sitenote_note":"","_monsterinsights_sitenote_category":0,"_themeisle_gutenberg_block_has_review":false},"product_cat":[39],"product_tag":[35,350],"class_list":["post-9313","product","type-product","status-publish","has-post-thumbnail","hentry","product_cat-obrazy","product_tag-duda-gracz-jerzy","product_tag-wyprzedaz","product_shipping_class-rodzaj-wysylki-3"],"aioseo_notices":[],"_links":{"self":[{"href":"https:\/\/kwintesencja.art\/pl\/wp-json\/wp\/v2\/product\/9313","targetHints":{"allow":["GET"]}}],"collection":[{"href":"https:\/\/kwintesencja.art\/pl\/wp-json\/wp\/v2\/product"}],"about":[{"href":"https:\/\/kwintesencja.art\/pl\/wp-json\/wp\/v2\/types\/product"}],"wp:featuredmedia":[{"embeddable":true,"href":"https:\/\/kwintesencja.art\/pl\/wp-json\/wp\/v2\/media\/9314"}],"wp:attachment":[{"href":"https:\/\/kwintesencja.art\/pl\/wp-json\/wp\/v2\/media?parent=9313"}],"wp:term":[{"taxonomy":"product_cat","embeddable":true,"href":"https:\/\/kwintesencja.art\/pl\/wp-json\/wp\/v2\/product_cat?post=9313"},{"taxonomy":"product_tag","embeddable":true,"href":"https:\/\/kwintesencja.art\/pl\/wp-json\/wp\/v2\/product_tag?post=9313"}],"curies":[{"name":"wp","href":"https:\/\/api.w.org\/{rel}","templated":true}]}}