{"id":9305,"date":"2026-02-05T20:06:28","date_gmt":"2026-02-05T19:06:28","guid":{"rendered":"https:\/\/kwintesencja.art\/?post_type=product&#038;p=9305"},"modified":"2026-05-08T11:04:48","modified_gmt":"2026-05-08T09:04:48","slug":"kuszenie-sw-antoniego-2","status":"publish","type":"product","link":"https:\/\/kwintesencja.art\/pl\/product\/kuszenie-sw-antoniego-2\/","title":{"rendered":"Kuszenie \u015aw. Antoniego"},"content":{"rendered":"<p><strong>Jan Lebenstein<\/strong> (1930 \u2013 1999) nale\u017cy do najwa\u017cniejszych polskich tw\u00f3rc\u00f3w powojennych. Studiowa\u0142 w warszawskiej ASP pod kierunkiem prof. Eugeniusza Eibischa i Artura Nachta-Samborskiego. Rozpoznawalno\u015b\u0107 mi\u0119dzynarodow\u0105 przynios\u0142a mu nagroda Grand Prix na Biennale M\u0142odych w Pary\u017cu (1959); wkr\u00f3tce osiad\u0142 w Pary\u017cu, rozwijaj\u0105c konsekwentnie w\u0142asny j\u0119zyk figuracji \u2013 od \u201efigur osiowych\u201d po p\u00f3\u017aniejsze, fantastyczno-symboliczne przedstawienia o w\u0105tkach zwierz\u0119cych i mitologicznych.<\/p>\n","protected":false},"excerpt":{"rendered":"<p>LEBENSTEIN Jan (1930-1999), Kuszenie \u015aw. Antoniego<br \/>\nTechnika: akwarela, tusz i gwasz na papierze<br \/>\nWymiary: 92 \u00d7 62 cm, 116 x 87 cm (z opraw\u0105)<br \/>\nSygnowana w dolnej partii arkusza, widoczne tak\u017ce odr\u0119czne dopiski\/notatki autorskie (m.in. w j\u0119z. francuskim):<br \/>\n&#8220;Kuszenie \u015aw. Antoniego, naszkicowane do drugiej wersji, dla &#8230; Stefan i (nierozczytane)&#8230; Jan&#8221;<br \/>\nPraca oprawiona w pi\u0119kn\u0105 z\u0142ot\u0105 ram\u0119, bez szyby<br \/>\nPochodzenie: Izraela<br \/>\nCertyfikat autentyczno\u015bci<\/p>\n","protected":false},"featured_media":9306,"template":"","meta":{"_monsterinsights_skip_tracking":false,"_monsterinsights_sitenote_active":false,"_monsterinsights_sitenote_note":"","_monsterinsights_sitenote_category":0,"_themeisle_gutenberg_block_has_review":false},"product_cat":[39],"product_tag":[266],"class_list":["post-9305","product","type-product","status-publish","has-post-thumbnail","hentry","product_cat-obrazy","product_tag-lebenstein-jan","product_shipping_class-rodzaj-wysylki-3"],"aioseo_notices":[],"_links":{"self":[{"href":"https:\/\/kwintesencja.art\/pl\/wp-json\/wp\/v2\/product\/9305","targetHints":{"allow":["GET"]}}],"collection":[{"href":"https:\/\/kwintesencja.art\/pl\/wp-json\/wp\/v2\/product"}],"about":[{"href":"https:\/\/kwintesencja.art\/pl\/wp-json\/wp\/v2\/types\/product"}],"wp:featuredmedia":[{"embeddable":true,"href":"https:\/\/kwintesencja.art\/pl\/wp-json\/wp\/v2\/media\/9306"}],"wp:attachment":[{"href":"https:\/\/kwintesencja.art\/pl\/wp-json\/wp\/v2\/media?parent=9305"}],"wp:term":[{"taxonomy":"product_cat","embeddable":true,"href":"https:\/\/kwintesencja.art\/pl\/wp-json\/wp\/v2\/product_cat?post=9305"},{"taxonomy":"product_tag","embeddable":true,"href":"https:\/\/kwintesencja.art\/pl\/wp-json\/wp\/v2\/product_tag?post=9305"}],"curies":[{"name":"wp","href":"https:\/\/api.w.org\/{rel}","templated":true}]}}