{"id":9182,"date":"2025-12-23T23:19:35","date_gmt":"2025-12-23T22:19:35","guid":{"rendered":"https:\/\/kwintesencja.art\/?post_type=product&#038;p=9182"},"modified":"2026-01-12T11:55:01","modified_gmt":"2026-01-12T10:55:01","slug":"martwa-natura-z-butelka-i-kieliszkiem","status":"publish","type":"product","link":"https:\/\/kwintesencja.art\/pl\/product\/martwa-natura-z-butelka-i-kieliszkiem\/","title":{"rendered":"Martwa natura z butelk\u0105 i kieliszkiem"},"content":{"rendered":"<p><strong data-start=\"0\" data-end=\"17\">Ludwik Klimek<\/strong> (23 sierpnia 1912, Skocz\u00f3w \u2013 7 grudnia 1992, Nicea) \u2013 polski malarz i ilustrator tworz\u0105cy g\u0142\u00f3wnie we Francji, u\u017cywaj\u0105cy tak\u017ce pseudonim\u00f3w \u201eLuna\u201d i \u201eLudovic\u201d. Dorasta\u0142 na \u015al\u0105sku Cieszy\u0144skim, uczy\u0142 si\u0119 w Cieszynie, a nast\u0119pnie studiowa\u0142 malarstwo w Akademii Sztuk Pi\u0119knych w Krakowie. Wiosn\u0105 1939 roku otrzyma\u0142 stypendium i wyjecha\u0142 do Pary\u017ca; po wybuchu wojny zdecydowa\u0142 si\u0119 pozosta\u0107 we Francji, a w czasie okupacji przeni\u00f3s\u0142 si\u0119 na po\u0142udnie (m.in. do Aix-en-Provence). Po wojnie osiad\u0142 na Riwierze \u2013 szczeg\u00f3lnie zwi\u0105zany by\u0142 z Menton oraz okolicami Cannes, Antibes i Nicei; w Vallauris pozna\u0142 Pabla Picassa, utrzymywa\u0142 te\u017c przyjazne relacje z Markiem Chagallem. W 1951 roku wsp\u00f3\u0142tworzy\u0142 i wsp\u00f3\u0142prowadzi\u0142 Biennale Internationale d\u2019Art de Menton, na kt\u00f3rym jego obrazy nagrodzono srebrnymi medalami w 1951 i 1953. Malowa\u0142 przede wszystkim \u015bwietliste pejza\u017ce i widoki po\u0142udnia Francji, martwe natury oraz akty, \u0142\u0105cz\u0105c wra\u017cliwo\u015b\u0107 polskiego koloryzmu z francuskim postimpresjonizmem i dekoracyjn\u0105 kompozycj\u0105; szacuje si\u0119, \u017ce pozostawi\u0142 po sobie kilka tysi\u0119cy prac.<\/p>\n","protected":false},"excerpt":{"rendered":"<p><span class=\"HwtZe\" lang=\"pl\"><span class=\"jCAhz ChMk0b\"><span class=\"ryNqvb\">Ludwik Klimek (1912-1992) \u201eMartwa natura z butelk\u0105 i kieliszkiem\u201d<br \/>\nRysunek o\u0142\u00f3wkiem na papierze<br \/>\nWymiary 19 x 13 cm + oprawa<br \/>\nSygnowany piecz\u0119ci\u0105 pracowni.<br \/>\nCertyfikat autentyczno\u015bci<\/span><\/span><\/span><\/p>\n","protected":false},"featured_media":9184,"template":"","meta":{"_monsterinsights_skip_tracking":false,"_monsterinsights_sitenote_active":false,"_monsterinsights_sitenote_note":"","_monsterinsights_sitenote_category":0,"_themeisle_gutenberg_block_has_review":false},"product_cat":[39],"product_tag":[357],"class_list":["post-9182","product","type-product","status-publish","has-post-thumbnail","hentry","product_cat-obrazy","product_tag-klimek-ludwik","product_shipping_class-rodzaj-wysylki-2"],"aioseo_notices":[],"_links":{"self":[{"href":"https:\/\/kwintesencja.art\/pl\/wp-json\/wp\/v2\/product\/9182","targetHints":{"allow":["GET"]}}],"collection":[{"href":"https:\/\/kwintesencja.art\/pl\/wp-json\/wp\/v2\/product"}],"about":[{"href":"https:\/\/kwintesencja.art\/pl\/wp-json\/wp\/v2\/types\/product"}],"wp:featuredmedia":[{"embeddable":true,"href":"https:\/\/kwintesencja.art\/pl\/wp-json\/wp\/v2\/media\/9184"}],"wp:attachment":[{"href":"https:\/\/kwintesencja.art\/pl\/wp-json\/wp\/v2\/media?parent=9182"}],"wp:term":[{"taxonomy":"product_cat","embeddable":true,"href":"https:\/\/kwintesencja.art\/pl\/wp-json\/wp\/v2\/product_cat?post=9182"},{"taxonomy":"product_tag","embeddable":true,"href":"https:\/\/kwintesencja.art\/pl\/wp-json\/wp\/v2\/product_tag?post=9182"}],"curies":[{"name":"wp","href":"https:\/\/api.w.org\/{rel}","templated":true}]}}