{"id":9162,"date":"2025-12-23T22:44:20","date_gmt":"2025-12-23T21:44:20","guid":{"rendered":"https:\/\/kwintesencja.art\/?post_type=product&#038;p=9162"},"modified":"2025-12-31T13:51:39","modified_gmt":"2025-12-31T12:51:39","slug":"pawilon-korsykanski-na-wystawie-paryskiej","status":"publish","type":"product","link":"https:\/\/kwintesencja.art\/pl\/product\/pawilon-korsykanski-na-wystawie-paryskiej\/","title":{"rendered":"Pawilon Korsyka\u0144ski na Wystawie Paryskiej"},"content":{"rendered":"<p>Irena Hassenberg (Reno) (1884 Warszawa \u2013 1953 Pary\u017c) \u2013 polsko-francuska malarka i graficzka, zwi\u0105zana z kr\u0119giem \u00c9cole de Paris. Studiowa\u0142a w Akademii Sztuk Pi\u0119knych w Monachium oraz w Szkole Sztuk Pi\u0119knych w Warszawie, nast\u0119pnie od ok. 1905\u20131907 roku mieszka\u0142a i tworzy\u0142a w Pary\u017cu, gdzie w 1923\/1926 r. uzyska\u0142a obywatelstwo francuskie.<\/p>\n<p>Regularnie wystawia\u0142a na paryskich Salonach: Salon d\u2019Automne, Salon des Ind\u00e9pendants, Salon des Tuileries, a tak\u017ce w galeriach Druet, d\u2019Art Contemporain i du Portique. Bra\u0142a udzia\u0142 w pokazach sztuki polskiej we Francji, m.in. na Salon de la Soci\u00e9t\u00e9 Nationale des Beaux-Arts.<\/p>\n<p>Znana jest przede wszystkim z nastrojowych pejza\u017cy miejskich (Pary\u017c, Nowy Jork, Melun, Monako, Krak\u00f3w), widok\u00f3w portowych oraz martwych natur. Krytycy podkre\u015blaj\u0105 jej ekspresyjny, nerwowy rysunek i dba\u0142o\u015b\u0107 o atmosfer\u0119 miejsca \u2013 to ona uchodzi za jedn\u0105 z pierwszych Europejek maluj\u0105cych nowojorski Manhattan z perspektywy artystki \u00c9cole de Paris.<\/p>\n","protected":false},"excerpt":{"rendered":"<p>Ir\u00e8ne R\u00c9NO (1884\u20131953)<br \/>\nPawilon Korsyka\u0144ski na Wystawie Paryskiej w 1937 roku<br \/>\nW\u0119giel drzewny, czerwona kreda i kredka kolorowa, sygnowany, tytu\u0142 i datacja w lewym dolnym rogu,<br \/>\nWymiary: 31,5 x 40,5 cm, 50 x 65,5 (z opraw\u0105)<br \/>\nStan: drobne plamy, rama przyniszczona<br \/>\nCertyfikat autentyczno\u015bci<\/p>\n","protected":false},"featured_media":9233,"template":"","meta":{"_monsterinsights_skip_tracking":false,"_monsterinsights_sitenote_active":false,"_monsterinsights_sitenote_note":"","_monsterinsights_sitenote_category":0,"_themeisle_gutenberg_block_has_review":false},"product_cat":[39],"product_tag":[356],"class_list":["post-9162","product","type-product","status-publish","has-post-thumbnail","hentry","product_cat-obrazy","product_tag-hassenberg-irena-reno","product_shipping_class-rodzaj-wysylki-3"],"aioseo_notices":[],"_links":{"self":[{"href":"https:\/\/kwintesencja.art\/pl\/wp-json\/wp\/v2\/product\/9162","targetHints":{"allow":["GET"]}}],"collection":[{"href":"https:\/\/kwintesencja.art\/pl\/wp-json\/wp\/v2\/product"}],"about":[{"href":"https:\/\/kwintesencja.art\/pl\/wp-json\/wp\/v2\/types\/product"}],"wp:featuredmedia":[{"embeddable":true,"href":"https:\/\/kwintesencja.art\/pl\/wp-json\/wp\/v2\/media\/9233"}],"wp:attachment":[{"href":"https:\/\/kwintesencja.art\/pl\/wp-json\/wp\/v2\/media?parent=9162"}],"wp:term":[{"taxonomy":"product_cat","embeddable":true,"href":"https:\/\/kwintesencja.art\/pl\/wp-json\/wp\/v2\/product_cat?post=9162"},{"taxonomy":"product_tag","embeddable":true,"href":"https:\/\/kwintesencja.art\/pl\/wp-json\/wp\/v2\/product_tag?post=9162"}],"curies":[{"name":"wp","href":"https:\/\/api.w.org\/{rel}","templated":true}]}}