{"id":9153,"date":"2025-12-23T22:20:24","date_gmt":"2025-12-23T21:20:24","guid":{"rendered":"https:\/\/kwintesencja.art\/?post_type=product&#038;p=9153"},"modified":"2026-03-29T22:39:13","modified_gmt":"2026-03-29T20:39:13","slug":"pejzaz-z-brzozami","status":"publish","type":"product","link":"https:\/\/kwintesencja.art\/pl\/product\/pejzaz-z-brzozami\/","title":{"rendered":"Pejza\u017c z brzozami"},"content":{"rendered":"<p data-start=\"42\" data-end=\"249\"><strong data-start=\"42\" data-end=\"60\">Wiktor Korecki<\/strong> \u2013 polski malarz-pejza\u017cysta. Urodzi\u0142 si\u0119 w <strong data-start=\"103\" data-end=\"125\">Kamie\u0144cu Podolskim<\/strong> (w \u017ar\u00f3d\u0142ach spotyka si\u0119 dat\u0119 <strong data-start=\"155\" data-end=\"163\">1890<\/strong> lub <strong data-start=\"168\" data-end=\"176\">1897<\/strong>), zmar\u0142 w <strong data-start=\"187\" data-end=\"210\" data-is-only-node=\"\">1980 r. w Milan\u00f3wku<\/strong>.<\/p>\n<p data-start=\"251\" data-end=\"706\">Uko\u0144czy\u0142 gimnazjum w Kijowie i studiowa\u0142 w <strong data-start=\"294\" data-end=\"330\">Szkole Rysunkowej N. I. Muraszki<\/strong>. Po studiach wr\u00f3ci\u0142 do rodzinnych stron, a w <strong data-start=\"376\" data-end=\"387\">1921 r.<\/strong> przeni\u00f3s\u0142 si\u0119 do <strong data-start=\"405\" data-end=\"417\">Warszawy<\/strong>, gdzie prowadzi\u0142 pracowni\u0119 (cz\u0119\u015b\u0107 dorobku sp\u0142on\u0119\u0142a w 1944 r. podczas Powstania Warszawskiego). Po powstaniu przeszed\u0142 przez ob\u00f3z w <strong data-start=\"549\" data-end=\"563\">Pruszkowie<\/strong> i trafi\u0142 do <strong data-start=\"576\" data-end=\"600\">obozu pracy w Lipsku<\/strong>; po wojnie zamieszka\u0142 w <strong data-start=\"625\" data-end=\"638\">Komorowie<\/strong>, a nast\u0119pnie w <strong data-start=\"654\" data-end=\"667\">Milan\u00f3wku<\/strong>.<\/p>\n<p data-start=\"708\" data-end=\"1060\">Malowa\u0142 g\u0142\u00f3wnie <strong data-start=\"724\" data-end=\"746\">nastrojowe pejza\u017ce<\/strong> (cz\u0119sto Mazowsza) \u2013 rzeki, lasy, wsie, zimowe drogi i rozlewiska, z wyczuciem p\u00f3r roku; wskazuje si\u0119 wp\u0142ywy tradycji polskiego malarstwa pejza\u017cowego (m.in. Che\u0142mo\u0144skiego i Rapackiego). W okresie mi\u0119dzywojennym wielokrotnie wystawia\u0142 w <strong data-start=\"982\" data-end=\"1021\">Towarzystwie Zach\u0119ty Sztuk Pi\u0119knych<\/strong>.<\/p>\n","protected":false},"excerpt":{"rendered":"<p>Olej, p\u0142yta pil\u015bniowa<br \/>\nWymiary: 50 x 35 cm (+ oprawa)<br \/>\nsygn. l. d.: WIKTOR KORECKI<br \/>\nCertyfikat<\/p>\n","protected":false},"featured_media":9154,"template":"","meta":{"_monsterinsights_skip_tracking":false,"_monsterinsights_sitenote_active":false,"_monsterinsights_sitenote_note":"","_monsterinsights_sitenote_category":0,"_themeisle_gutenberg_block_has_review":false},"product_cat":[39],"product_tag":[355],"class_list":["post-9153","product","type-product","status-publish","has-post-thumbnail","hentry","product_cat-obrazy","product_tag-korecki-wiktor","product_shipping_class-rodzaj-wysylki-3"],"aioseo_notices":[],"_links":{"self":[{"href":"https:\/\/kwintesencja.art\/pl\/wp-json\/wp\/v2\/product\/9153","targetHints":{"allow":["GET"]}}],"collection":[{"href":"https:\/\/kwintesencja.art\/pl\/wp-json\/wp\/v2\/product"}],"about":[{"href":"https:\/\/kwintesencja.art\/pl\/wp-json\/wp\/v2\/types\/product"}],"wp:featuredmedia":[{"embeddable":true,"href":"https:\/\/kwintesencja.art\/pl\/wp-json\/wp\/v2\/media\/9154"}],"wp:attachment":[{"href":"https:\/\/kwintesencja.art\/pl\/wp-json\/wp\/v2\/media?parent=9153"}],"wp:term":[{"taxonomy":"product_cat","embeddable":true,"href":"https:\/\/kwintesencja.art\/pl\/wp-json\/wp\/v2\/product_cat?post=9153"},{"taxonomy":"product_tag","embeddable":true,"href":"https:\/\/kwintesencja.art\/pl\/wp-json\/wp\/v2\/product_tag?post=9153"}],"curies":[{"name":"wp","href":"https:\/\/api.w.org\/{rel}","templated":true}]}}