{"id":9109,"date":"2025-12-23T09:47:30","date_gmt":"2025-12-23T08:47:30","guid":{"rendered":"https:\/\/kwintesencja.art\/?post_type=product&#038;p=9109"},"modified":"2026-05-08T11:00:38","modified_gmt":"2026-05-08T09:00:38","slug":"bez-tytulu-16","status":"publish","type":"product","link":"https:\/\/kwintesencja.art\/pl\/product\/bez-tytulu-16\/","title":{"rendered":"Bez tytu\u0142u"},"content":{"rendered":"<p><strong>Magdalena Abakanowicz<\/strong> (1930\u20132017) \u2013 jedna z najwa\u017cniejszych polskich artystek XX wieku, rze\u017abiarka i tw\u00f3rczyni tkaniny artystycznej, zwi\u0105zana z nurtem sztuki wsp\u00f3\u0142czesnej. Mi\u0119dzynarodow\u0105 s\u0142aw\u0119 przynios\u0142y jej monumentalne formy z w\u0142\u00f3kien, tzw. <strong>\u201eAbakany\u201d<\/strong>, a p\u00f3\u017aniej cykle figur i t\u0142um\u00f3w ludzkich o anonimowych, pozbawionych g\u0142\u00f3w sylwetkach, podejmuj\u0105ce temat kondycji cz\u0142owieka, zbiorowo\u015bci i krucho\u015bci cia\u0142a. Studiowa\u0142a w Akademii Sztuk Pi\u0119knych w Warszawie, wyk\u0142ada\u0142a w pozna\u0144skiej PWSSP, wystawia\u0142a na ca\u0142ym \u015bwiecie i realizowa\u0142a liczne instalacje w przestrzeni publicznej. Jej prace znajduj\u0105 si\u0119 w kolekcjach najwa\u017cniejszych muze\u00f3w i instytucji sztuki wsp\u00f3\u0142czesnej.<\/p>\n","protected":false},"excerpt":{"rendered":"<p><strong data-start=\"166\" data-end=\"191\">Magdalena Abakanowicz<\/strong> (Falenty 1930 \u2013 Warszawa 2017)<br data-start=\"222\" data-end=\"225\" \/><strong data-start=\"225\" data-end=\"269\">Bez tytu\u0142u (z teki \u201eKatarsis\/Katharsis\u201d)<\/strong>, 1985<br data-start=\"275\" data-end=\"278\" \/><strong data-start=\"278\" data-end=\"338\">ceramolle (mi\u0119kki werniks \/ soft-ground etching), papier<\/strong><br data-start=\"338\" data-end=\"341\" \/><strong data-start=\"341\" data-end=\"366\">Wym. odcisku (p\u0142yty):<\/strong> 64,5 \u00d7 49 cm<br data-start=\"379\" data-end=\"382\" \/><strong data-start=\"382\" data-end=\"399\">Wym. arkusza:<\/strong> 76 \u00d7 56,5 cm<br data-start=\"412\" data-end=\"415\" \/><strong data-start=\"415\" data-end=\"426\">Edycja:<\/strong> 42\/80<br data-start=\"432\" data-end=\"435\" \/><strong data-start=\"435\" data-end=\"461\">Sygnatura i datowanie:<\/strong> o\u0142\u00f3wkiem p.d. \u201eM. Abakanowicz 85\u201d; numeracja o\u0142\u00f3wkiem l.d. \u201e42\/80\u201d<br data-start=\"528\" data-end=\"531\" \/><strong data-start=\"531\" data-end=\"543\">Wydawca:<\/strong> Edizioni della Bezuga, Firenze (Florencja) \u2013 suchy t\u0142ok wydawcy w dolnej cz\u0119\u015bci arkusza<br data-start=\"631\" data-end=\"634\" \/><strong data-start=\"634\" data-end=\"650\">Pochodzenie:<\/strong> z portfolio \u201eKatarsis\/Katharsis\u201d (Fattoria di Celle \/ Edizioni della Bezuga, Firenze)<\/p>\n","protected":false},"featured_media":9110,"template":"","meta":{"_monsterinsights_skip_tracking":false,"_monsterinsights_sitenote_active":false,"_monsterinsights_sitenote_note":"","_monsterinsights_sitenote_category":0,"_themeisle_gutenberg_block_has_review":false},"product_cat":[41],"product_tag":[352],"class_list":["post-9109","product","type-product","status-publish","has-post-thumbnail","hentry","product_cat-grafiki","product_tag-abakanowicz-magdalena","product_shipping_class-rodzaj-wysylki-2"],"aioseo_notices":[],"_links":{"self":[{"href":"https:\/\/kwintesencja.art\/pl\/wp-json\/wp\/v2\/product\/9109","targetHints":{"allow":["GET"]}}],"collection":[{"href":"https:\/\/kwintesencja.art\/pl\/wp-json\/wp\/v2\/product"}],"about":[{"href":"https:\/\/kwintesencja.art\/pl\/wp-json\/wp\/v2\/types\/product"}],"wp:featuredmedia":[{"embeddable":true,"href":"https:\/\/kwintesencja.art\/pl\/wp-json\/wp\/v2\/media\/9110"}],"wp:attachment":[{"href":"https:\/\/kwintesencja.art\/pl\/wp-json\/wp\/v2\/media?parent=9109"}],"wp:term":[{"taxonomy":"product_cat","embeddable":true,"href":"https:\/\/kwintesencja.art\/pl\/wp-json\/wp\/v2\/product_cat?post=9109"},{"taxonomy":"product_tag","embeddable":true,"href":"https:\/\/kwintesencja.art\/pl\/wp-json\/wp\/v2\/product_tag?post=9109"}],"curies":[{"name":"wp","href":"https:\/\/api.w.org\/{rel}","templated":true}]}}