{"id":9059,"date":"2025-12-04T20:33:00","date_gmt":"2025-12-04T19:33:00","guid":{"rendered":"https:\/\/kwintesencja.art\/?post_type=product&#038;p=9059"},"modified":"2025-12-04T20:34:18","modified_gmt":"2025-12-04T19:34:18","slug":"kwiaty-w-wazonie-4","status":"publish","type":"product","link":"https:\/\/kwintesencja.art\/pl\/product\/kwiaty-w-wazonie-4\/","title":{"rendered":"Kwiaty w wazonie"},"content":{"rendered":"<p>\u017bycie Czapskiego wype\u0142nione do\u015bwiadczeniem wojny, \u015bmierci i cierpienia spowodowa\u0142o, \u017ce artysta skupi\u0142 si\u0119 w swojej tw\u00f3rczo\u015bci na codzienno\u015bci i najprostszych rzeczach. W notatnikach szkicowa\u0142 na gor\u0105co sceny zwyczajne: par\u0119 w kawiarni, samotnego m\u0119\u017cczyzn\u0119 na stacji metra, par\u0119 na mo\u015bcie. Pisa\u0142 w dziennikach: Moje odkrywanie \u015bwiata to odkrywanie form czy uk\u0142ad\u00f3w istniej\u0105cych na \u015bwiecie, kt\u00f3re nas otaczaj\u0105 i kt\u00f3rych przewa\u017cnie nie zauwa\u017camy.<\/p>\n<p>Malarstwo Czapskiego \u2013 jak pisze Zmorzy\u0144ski \u2013 w przedziwny spos\u00f3b \u0142\u0105czy jednocze\u015bnie zachwyt nad \u015bwiatem z niezwyk\u0142\u0105 egzystencjaln\u0105 prawd\u0105. To dotykanie spraw zasadniczych, m\u00f3wienie w spos\u00f3b prosty i przekonywaj\u0105cy o cz\u0142owieku, m\u00f3wienie bez patosu i egzaltacji, bez dramatycznego krzyku i anegdoty, bez natarczywego \u201eja\u201c, stanowi o sile, a przede wszystkim aktualno\u015bci tw\u00f3rczo\u015bci J\u00f3zefa Czapskiego.<\/p>\n<p>Prezentowany rysunek by\u0142 szkicem do obrazu, kt\u00f3ry wskazuje na metod\u0119 pracy artysty, dla kt\u00f3rego rysunek nie by\u0142 tylko \u0107wiczeniem r\u0119ki, lecz sposobem zapisywania pierwszej wizji, pocz\u0105tkiem procesu psychicznego, prowadz\u0105cego poprzez pog\u0142\u0119bienie prze\u017cycia do malarstwa olejnego. (W. Zmorzy\u0144ski, Widzenie \u017cycia, Gda\u0144sk 2000, s. 8-9)<\/p>\n<p>J\u00f3zef Czapski (Praga 1896 &#8211; Pary\u017c 1993) &#8211; malarz, rysownik, pisarz i publicysta; pocz\u0105tkowo studiowa\u0142 prawo, p\u00f3\u017aniej w 1918 kszta\u0142ci\u0142 si\u0119 w warszawskiej Szkole Sztuk Pi\u0119knych. Przerwa\u0142 studia, by na polecenie polskich w\u0142adz wojskowych uda\u0107 si\u0119 do Rosji w poszukiwaniu zaginionych oficer\u00f3w polskich.<\/p>\n<p>W 1920 uczestniczy\u0142 w wojnie polsko-bolszewickiej. W latach 1923-1924 studiowa\u0142 w Akademii Sztuk Pi\u0119knych w Krakowie. W 1924 wraz z grup\u0105 uczni\u00f3w J\u00f3zefa Pankiewicza, tworz\u0105cych tzw. Komitet Paryski, wyjecha\u0142 na dalsze studia do Pary\u017ca, gdzie przebywa\u0142 do roku 1931. Po powrocie do kraju uczestniczy\u0142 w wystawach kapist\u00f3w, m.in. w warszawskim Instytucie Propagandy Sztuki. Uczestnik kampanii wrze\u015bniowej, wi\u0119zie\u0144 m.in. obozu w Starobielsku; uwolniony z niewoli wst\u0105pi\u0142 do armii Andersa i w latach 1941-1942 prowadzi\u0142 poszukiwania oficer\u00f3w i \u017co\u0142nierzy uwi\u0119zionych i zaginionych w ZSRR.<\/p>\n<p>Po 1944 stale mieszka\u0142 w Maisons-Laffitte pod Pary\u017cem. By\u0142 jednym z za\u0142o\u017cycieli miesi\u0119cznika \u201eKultura\u201d. Jako pisarz opublikowa\u0142, m.in. Wspomnienia starobielskie, Na nieludzkiej ziemi oraz liczne eseje o sztuce. Malowa\u0142 pejza\u017ce, martwe natury, wn\u0119trza, rzadziej tak\u017ce portrety. W latach osiemdziesi\u0105tych i dziewi\u0119\u0107dziesi\u0105tych obrazy i rysunki artysty by\u0142y kilkakrotnie prezentowane na wystawach w Krakowie, Warszawie, Poznaniu.<\/p>\n<p>Jego malarstwo &#8211; pocz\u0105tkowo bliskie szkole Pankiewicza, p\u00f3\u017aniej bardzo indywidualne i ekspresyjne &#8211; szerzej przedstawia album autorstwa przez Joanny Pollak\u00f3wny (Czapski, Warszawa 1993).<\/p>\n","protected":false},"excerpt":{"rendered":"<p>Flamaster, tusz, papier<br \/>\nWymiary w \u015bw. p-p: 25 x 19,3 cm<br \/>\nSygn. d\u0142g. p.d.: Pani Janinie | J\u00f3zef Czapski, obok pionowo:73[?]<br \/>\nNa odwr. oprawy nalepka Galerii Grafiki i Plakatu w Warszawie<\/p>\n","protected":false},"featured_media":9057,"template":"","meta":{"_monsterinsights_skip_tracking":false,"_monsterinsights_sitenote_active":false,"_monsterinsights_sitenote_note":"","_monsterinsights_sitenote_category":0,"_themeisle_gutenberg_block_has_review":false},"product_cat":[39],"product_tag":[34],"class_list":["post-9059","product","type-product","status-publish","has-post-thumbnail","hentry","product_cat-obrazy","product_tag-czapski-jozef","product_shipping_class-rodzaj-wysylki-2"],"aioseo_notices":[],"_links":{"self":[{"href":"https:\/\/kwintesencja.art\/pl\/wp-json\/wp\/v2\/product\/9059","targetHints":{"allow":["GET"]}}],"collection":[{"href":"https:\/\/kwintesencja.art\/pl\/wp-json\/wp\/v2\/product"}],"about":[{"href":"https:\/\/kwintesencja.art\/pl\/wp-json\/wp\/v2\/types\/product"}],"wp:featuredmedia":[{"embeddable":true,"href":"https:\/\/kwintesencja.art\/pl\/wp-json\/wp\/v2\/media\/9057"}],"wp:attachment":[{"href":"https:\/\/kwintesencja.art\/pl\/wp-json\/wp\/v2\/media?parent=9059"}],"wp:term":[{"taxonomy":"product_cat","embeddable":true,"href":"https:\/\/kwintesencja.art\/pl\/wp-json\/wp\/v2\/product_cat?post=9059"},{"taxonomy":"product_tag","embeddable":true,"href":"https:\/\/kwintesencja.art\/pl\/wp-json\/wp\/v2\/product_tag?post=9059"}],"curies":[{"name":"wp","href":"https:\/\/api.w.org\/{rel}","templated":true}]}}