{"id":9040,"date":"2025-12-04T11:57:59","date_gmt":"2025-12-04T10:57:59","guid":{"rendered":"https:\/\/kwintesencja.art\/?post_type=product&#038;p=9040"},"modified":"2026-04-17T11:44:41","modified_gmt":"2026-04-17T09:44:41","slug":"latelier-de-sculpt","status":"publish","type":"product","link":"https:\/\/kwintesencja.art\/pl\/product\/latelier-de-sculpt\/","title":{"rendered":"L\u2019atelier de sculpt"},"content":{"rendered":"<p data-start=\"1797\" data-end=\"2169\">Alfred Aberdam \u2013 malarz \u017cydowskiego pochodzenia, zwi\u0105zany z \u00c9cole de Paris. Urodzi\u0142 si\u0119 w 1894 r. we Lwowie, zmar\u0142 w 1963 r. w Pary\u017cu. Studiowa\u0142 malarstwo w Akademii Monachijskiej (od 1911 r.), a po I wojnie \u015bwiatowej \u2013 po pobycie w rosyjskiej niewoli \u2013 kontynuowa\u0142 nauk\u0119 w krakowskiej Akademii Sztuk Pi\u0119knych u Teodora Axentowicza.<br \/>\nOd pocz\u0105tku lat 20. XX w. mieszka\u0142 g\u0142\u00f3wnie w Pary\u017cu, gdzie zwi\u0105za\u0142 si\u0119 z kr\u0119giem artyst\u00f3w z Europy \u015arodkowo-Wschodniej i tzw. Grup\u0105 Czterech (Aberdam, L\u00e9on Weissberg, Sigmund Menkes, Joachim Weingart). Uczestniczy\u0142 w licznych wystawach we Francji i w Polsce, nale\u017ca\u0142 r\u00f3wnie\u017c do grupy \u201ePlastycy Nowocze\u015bni\u201d. Jego tw\u00f3rczo\u015b\u0107 obejmuje kompozycje figuralne, sceny rodzajowe, motywy atelier, martwe natury i pejza\u017ce o charakterystycznej, syntetycznej formie i przygaszonej, szlachetnej kolorystyce. Prace Aberdama znajduj\u0105 si\u0119 w kolekcjach muzealnych i prywatnych m.in. we Francji, Polsce, Szwajcarii i Izraelu.<\/p>\n","protected":false},"excerpt":{"rendered":"<p data-start=\"0\" data-end=\"111\"><strong data-start=\"0\" data-end=\"43\">Alfred Aberdam (1894 Lw\u00f3w \u2013 1963 Pary\u017c)<\/strong><br data-start=\"43\" data-end=\"46\" \/><strong data-start=\"46\" data-end=\"93\">L\u2019atelier de sculpt \/ Pracownia rze\u017abiarska<\/strong>, lata 40. XX w.<\/p>\n<p data-start=\"113\" data-end=\"351\">olej na p\u0142\u00f3tnie<br data-start=\"128\" data-end=\"131\" \/>54 x 65 cm, 73 x 84 cm (z opraw\u0105)<br data-start=\"141\" data-end=\"144\" \/>sygn. p.d.: <em data-start=\"156\" data-end=\"165\">Aberdam<\/em><br data-start=\"165\" data-end=\"168\" \/>na odwrociu: autorski napis z adresem artysty (\u201e14 Passage Victor Marchand\u201d) oraz nalepka z tytu\u0142em obrazu <em data-start=\"275\" data-end=\"296\">L\u2019Atelier de sculpt<\/em><br data-start=\"296\" data-end=\"299\" \/>oprawa: dekoracyjna rama w tonacji bieli<\/p>\n","protected":false},"featured_media":9043,"template":"","meta":{"_monsterinsights_skip_tracking":false,"_monsterinsights_sitenote_active":false,"_monsterinsights_sitenote_note":"","_monsterinsights_sitenote_category":0,"_themeisle_gutenberg_block_has_review":false},"product_cat":[39],"product_tag":[351,350],"class_list":["post-9040","product","type-product","status-publish","has-post-thumbnail","hentry","product_cat-obrazy","product_tag-aberdam-alfred","product_tag-wyprzedaz","product_shipping_class-rodzaj-wysylki-3"],"aioseo_notices":[],"_links":{"self":[{"href":"https:\/\/kwintesencja.art\/pl\/wp-json\/wp\/v2\/product\/9040","targetHints":{"allow":["GET"]}}],"collection":[{"href":"https:\/\/kwintesencja.art\/pl\/wp-json\/wp\/v2\/product"}],"about":[{"href":"https:\/\/kwintesencja.art\/pl\/wp-json\/wp\/v2\/types\/product"}],"wp:featuredmedia":[{"embeddable":true,"href":"https:\/\/kwintesencja.art\/pl\/wp-json\/wp\/v2\/media\/9043"}],"wp:attachment":[{"href":"https:\/\/kwintesencja.art\/pl\/wp-json\/wp\/v2\/media?parent=9040"}],"wp:term":[{"taxonomy":"product_cat","embeddable":true,"href":"https:\/\/kwintesencja.art\/pl\/wp-json\/wp\/v2\/product_cat?post=9040"},{"taxonomy":"product_tag","embeddable":true,"href":"https:\/\/kwintesencja.art\/pl\/wp-json\/wp\/v2\/product_tag?post=9040"}],"curies":[{"name":"wp","href":"https:\/\/api.w.org\/{rel}","templated":true}]}}