{"id":8970,"date":"2025-12-01T09:26:50","date_gmt":"2025-12-01T08:26:50","guid":{"rendered":"https:\/\/kwintesencja.art\/?post_type=product&#038;p=8970"},"modified":"2026-01-29T22:26:55","modified_gmt":"2026-01-29T21:26:55","slug":"lebenstein-et-les-siens-8-litografii","status":"publish","type":"product","link":"https:\/\/kwintesencja.art\/pl\/product\/lebenstein-et-les-siens-8-litografii\/","title":{"rendered":"Lebenstein et les siens (8 litografii)"},"content":{"rendered":"<p>Jan Lebenstein (1930 Brze\u015b\u0107 nad Bugiem \u2013 1999 Krak\u00f3w) \u2013 malarz i grafik, jedna z najwa\u017cniejszych postaci powojennej sztuki polskiej. Studiowa\u0142 w Akademii Sztuk Pi\u0119knych w Warszawie (m.in. u Artura Nachta-Samborskiego). W 1959 roku zdoby\u0142 Grand Prix na Biennale M\u0142odych w Pary\u017cu, co otworzy\u0142o mu drog\u0119 do mi\u0119dzynarodowej kariery; od pocz\u0105tku lat 60. mieszka\u0142 g\u0142\u00f3wnie we Francji.<\/p>\n<p>Znany jest przede wszystkim z cyklu \u201eFigur osiowych\u201d, a tak\u017ce z p\u00f3\u017aniejszych kompozycji o silnym \u0142adunku symbolicznym i metafizycznym \u2013 inspirowanych mitologi\u0105, Bibli\u0105 i do\u015bwiadczeniem XX wieku. Tworzy\u0142 malarstwo, rysunek, grafik\u0119 oraz ilustracje ksi\u0105\u017ckowe (szczeg\u00f3lnie do \u201eApokalipsy\u201d \u015bw. Jana i \u201eKsi\u0119gi Hioba\u201d). Jego prace znajduj\u0105 si\u0119 w najwa\u017cniejszych kolekcjach muzealnych w Polsce i za granic\u0105, a artysta uchodzi za jednego z najwybitniejszych polskich tw\u00f3rc\u00f3w emigracyjnych.<\/p>\n","protected":false},"excerpt":{"rendered":"<p><strong>Elverio Maurizi, Jan Lebenstein (1930\u20131999)<\/strong><br \/>\n<strong>\u201eLebenstein et les siens\u201d<\/strong><br \/>\nLa Nuova Foglio S.p.A., Pollenza 1972<\/p>\n<p>Album artystyczny z tekstem Elveria Mauriziego po\u015bwi\u0119cony tw\u00f3rczo\u015bci Jana Lebensteina, ilustrowany <strong>8 oryginalnymi litografiami<\/strong> artysty: <em>Les Siens, Weekend, Double jeu, L\u2019Apog\u00e9e, Strassbourg-Saint Denis, Longchamps, Image domestique, Le Balcon<\/em>.<br \/>\noraz <b>wiele innych ca\u0142ostronicowych grafik<\/b>.<br \/>\nFormat ok. <strong>42 \u00d7 31 cm<\/strong>, 48 stron, oprawa twarda wydawnicza.<br \/>\nEgzemplarz kompletny; wn\u0119trze bardzo dobrze zachowane.<\/p>\n","protected":false},"featured_media":8971,"template":"","meta":{"_monsterinsights_skip_tracking":false,"_monsterinsights_sitenote_active":false,"_monsterinsights_sitenote_note":"","_monsterinsights_sitenote_category":0,"_themeisle_gutenberg_block_has_review":false},"product_cat":[15],"product_tag":[266,350],"class_list":["post-8970","product","type-product","status-publish","has-post-thumbnail","hentry","product_cat-pozostale","product_tag-lebenstein-jan","product_tag-wyprzedaz","product_shipping_class-rodzaj-wysylki-2"],"aioseo_notices":[],"_links":{"self":[{"href":"https:\/\/kwintesencja.art\/pl\/wp-json\/wp\/v2\/product\/8970","targetHints":{"allow":["GET"]}}],"collection":[{"href":"https:\/\/kwintesencja.art\/pl\/wp-json\/wp\/v2\/product"}],"about":[{"href":"https:\/\/kwintesencja.art\/pl\/wp-json\/wp\/v2\/types\/product"}],"wp:featuredmedia":[{"embeddable":true,"href":"https:\/\/kwintesencja.art\/pl\/wp-json\/wp\/v2\/media\/8971"}],"wp:attachment":[{"href":"https:\/\/kwintesencja.art\/pl\/wp-json\/wp\/v2\/media?parent=8970"}],"wp:term":[{"taxonomy":"product_cat","embeddable":true,"href":"https:\/\/kwintesencja.art\/pl\/wp-json\/wp\/v2\/product_cat?post=8970"},{"taxonomy":"product_tag","embeddable":true,"href":"https:\/\/kwintesencja.art\/pl\/wp-json\/wp\/v2\/product_tag?post=8970"}],"curies":[{"name":"wp","href":"https:\/\/api.w.org\/{rel}","templated":true}]}}