{"id":8950,"date":"2025-12-01T08:54:36","date_gmt":"2025-12-01T07:54:36","guid":{"rendered":"https:\/\/kwintesencja.art\/?post_type=product&#038;p=8950"},"modified":"2025-12-01T08:56:13","modified_gmt":"2025-12-01T07:56:13","slug":"dziewczyna-grajaca-na-lirze","status":"publish","type":"product","link":"https:\/\/kwintesencja.art\/pl\/product\/dziewczyna-grajaca-na-lirze\/","title":{"rendered":"Dziewczyna graj\u0105ca na lirze"},"content":{"rendered":"<p>Dzie\u0142o nale\u017cy do rzadkich, w pe\u0142ni <strong>\u201epalesty\u0144skich\u201d<\/strong> prac artysty, powsta\u0142ych podczas tu\u0142aczki wojennej (Hofman w latach 1942\u20131946 przebywa\u0142 w Ziemi \u015awi\u0119tej). Ikonografia \u0142\u0105czy bliski mu j\u0119zyk symbolizmu m\u0142odopolskiego z do\u015bwiadczeniem czasu wojny.<br \/>\nAlchemia sacrum i codzienno\u015bci: realistyczny portret zestawiony z emblematami przemijania i odrodzenia.<br \/>\nObraz wyj\u0105tkowy zar\u00f3wno ikonograficznie, jak i ze wzgl\u0119du na miejsce powstania (Nazaret) \u2013 wa\u017cny punkt w biografii artysty.<\/p>\n<p>Wlastimil Hofman (1881, Praga \u2013 1970, Szklarska Por\u0119ba) by\u0142 polskim malarzem czeskiego pochodzenia, reprezentuj\u0105cym nurt symbolizmu. Studiowa\u0142 w krakowskiej Szkole Sztuk Pi\u0119knych pod kierunkiem m.in. Jacka Malczewskiego, kt\u00f3rego tw\u00f3rczo\u015b\u0107 wywar\u0142a na niego du\u017cy wp\u0142yw. Kontynuowa\u0142 edukacj\u0119 w Pary\u017cu u Jean-L\u00e9ona G\u00e9r\u00f4me\u2019a, co wzbogaci\u0142o jego styl o elementy klasycyzmu i malarstwa akademickiego.<\/p>\n<p>Hofman by\u0142 jednym z najbardziej cenionych artyst\u00f3w M\u0142odej Polski. Jego malarstwo, inspirowane zar\u00f3wno tematyk\u0105 religijn\u0105, jak i folklorem, charakteryzowa\u0142o si\u0119 alegorycznym podej\u015bciem i delikatnym romantyzmem. Szczeg\u00f3lnie znane s\u0105 jego prace przedstawiaj\u0105ce Madonny oraz sceny rodzajowe, cz\u0119sto inspirowane \u017cyciem ch\u0142op\u00f3w i g\u00f3rali.<\/p>\n<p>Podczas II wojny \u015bwiatowej przebywa\u0142 na emigracji, a po powrocie do Polski w 1946 roku zamieszka\u0142 w Szklarskiej Por\u0119bie. Tam, w \u201eWlastimil\u00f3wce\u201d, tworzy\u0142 do ko\u0144ca \u017cycia, maluj\u0105c g\u0142\u00f3wnie portrety i obrazy religijne. Jego tw\u00f3rczo\u015b\u0107 by\u0142a prezentowana na licznych wystawach w Polsce i za granic\u0105, a po wojnie sta\u0142 si\u0119 kontynuatorem tradycji artystycznych tego regionu.<\/p>\n","protected":false},"excerpt":{"rendered":"<p>Wlastimil Hofman (1881-1970)<br \/>\n<strong>Dziewczyna graj\u0105ca na lirze (z ko\u015bci)<\/strong><br \/>\nNazaret, <strong>1944<\/strong><br \/>\nTechnika: Olej na desce<br \/>\nWymiary: 32,5 \u00d7 46,5 cm (w \u015bwietle ramy), 47 x 61,5 cm (z opraw\u0105)<br \/>\nsygn. p. d.: <em>Wlastimil Hofman \/ Nazaret 1944<br \/>\n<\/em>Stan zachowania: Bardzo dobry. Deska stabilna. Warstwa barwna czytelna, sygnatura wyra\u017ana.<br \/>\nRama z epoki (p\u0142\u00f3tno passe-partout) \u2013 niewielkie \u015blady u\u017cytkowania.<br \/>\nPochodzenie: Kolekcja prywatna (Izrael). <em><br \/>\n<\/em><\/p>\n","protected":false},"featured_media":8952,"template":"","meta":{"_monsterinsights_skip_tracking":false,"_monsterinsights_sitenote_active":false,"_monsterinsights_sitenote_note":"","_monsterinsights_sitenote_category":0,"_themeisle_gutenberg_block_has_review":false},"product_cat":[39,15],"product_tag":[317],"class_list":["post-8950","product","type-product","status-publish","has-post-thumbnail","hentry","product_cat-obrazy","product_cat-pozostale","product_tag-hofman-wlastimil","product_shipping_class-rodzaj-wysylki-2"],"aioseo_notices":[],"_links":{"self":[{"href":"https:\/\/kwintesencja.art\/pl\/wp-json\/wp\/v2\/product\/8950","targetHints":{"allow":["GET"]}}],"collection":[{"href":"https:\/\/kwintesencja.art\/pl\/wp-json\/wp\/v2\/product"}],"about":[{"href":"https:\/\/kwintesencja.art\/pl\/wp-json\/wp\/v2\/types\/product"}],"wp:featuredmedia":[{"embeddable":true,"href":"https:\/\/kwintesencja.art\/pl\/wp-json\/wp\/v2\/media\/8952"}],"wp:attachment":[{"href":"https:\/\/kwintesencja.art\/pl\/wp-json\/wp\/v2\/media?parent=8950"}],"wp:term":[{"taxonomy":"product_cat","embeddable":true,"href":"https:\/\/kwintesencja.art\/pl\/wp-json\/wp\/v2\/product_cat?post=8950"},{"taxonomy":"product_tag","embeddable":true,"href":"https:\/\/kwintesencja.art\/pl\/wp-json\/wp\/v2\/product_tag?post=8950"}],"curies":[{"name":"wp","href":"https:\/\/api.w.org\/{rel}","templated":true}]}}