{"id":8942,"date":"2025-12-01T08:41:06","date_gmt":"2025-12-01T07:41:06","guid":{"rendered":"https:\/\/kwintesencja.art\/?post_type=product&#038;p=8942"},"modified":"2026-02-24T14:47:20","modified_gmt":"2026-02-24T13:47:20","slug":"tamara-lempicka","status":"publish","type":"product","link":"https:\/\/kwintesencja.art\/pl\/product\/tamara-lempicka\/","title":{"rendered":"Tamara \u0141empicka"},"content":{"rendered":"<p>Stanis\u0142aw Brach. Profesor Akademii Sztuk Pi\u0119knych w Warszawie. Od 2010 roku kieruje Pracowni\u0105 Ceramiki na Wydziale<br \/>\nRze\u017aby warszawskiej ASP. Absolwent Wydzia\u0142u Rze\u017aby Akademii Sztuk Pi\u0119knych w Krakowie, dyplom<br \/>\nw pracowni prof. Mariana Koniecznego w 2000 roku oraz Technikum Ceramicznego w \u0141ysej G\u00f3rze (1987\u2013<br \/>\n1993). W 2014 roku uzyska\u0142 tytu\u0142 doktora habilitowanego w dziedzinie sztuk pi\u0119knych na Wydziale Rze\u017aby<br \/>\nASP w Krakowie. Laureat nagrody Rektora ASP w Warszawie (2011, 2019, 2023), stypendysta Ministerstwa<br \/>\nKultury i Dziedzictwa Narodowego (2014, 2020, 2023). Finalista mi\u0119dzynarodowego konkursu<br \/>\nTaiwan Ceramics Biennale 2016. Prace w zbiorach: Muzeum Narodowego w Krakowie, Centrum Rze\u017aby<br \/>\nPolskiej w Oro\u0144sku, Mi\u0119dzynarodowego Muzeum Ceramiki w Faenza we W\u0142oszech, New Taipei City Yingge<br \/>\nCeramics Museum w Tajwanie, Narodowego Muzeum Sztuki Ukrai\u0144skiej w Kijowie, Pa\u0142acu Sztuki we Lwowie<br \/>\noraz w zbiorach prywatnych.<\/p>\n","protected":false},"excerpt":{"rendered":"<p>Stanis\u0142aw Brach (ur.1972) &#8211; Tamara \u0141empicka, 2025<br \/>\nPorcelana szkliwiona<br \/>\nwym.: ok. 30 x 28 x 32 cm,<br \/>\nsygn.: r\u0119cznie srebrn\u0105 farb\u0105 oraz wyciskiem w masie: BRACH<br \/>\nedycja kolekcjonerska, limitowana<\/p>\n","protected":false},"featured_media":8945,"template":"","meta":{"_monsterinsights_skip_tracking":false,"_monsterinsights_sitenote_active":false,"_monsterinsights_sitenote_note":"","_monsterinsights_sitenote_category":0,"_themeisle_gutenberg_block_has_review":false},"product_cat":[15],"product_tag":[99,161],"class_list":["post-8942","product","type-product","status-publish","has-post-thumbnail","hentry","product_cat-pozostale","product_tag-brach-stanislaw","product_tag-lempicka-tamara","product_shipping_class-rodzaj-wysylki-3"],"aioseo_notices":[],"_links":{"self":[{"href":"https:\/\/kwintesencja.art\/pl\/wp-json\/wp\/v2\/product\/8942","targetHints":{"allow":["GET"]}}],"collection":[{"href":"https:\/\/kwintesencja.art\/pl\/wp-json\/wp\/v2\/product"}],"about":[{"href":"https:\/\/kwintesencja.art\/pl\/wp-json\/wp\/v2\/types\/product"}],"wp:featuredmedia":[{"embeddable":true,"href":"https:\/\/kwintesencja.art\/pl\/wp-json\/wp\/v2\/media\/8945"}],"wp:attachment":[{"href":"https:\/\/kwintesencja.art\/pl\/wp-json\/wp\/v2\/media?parent=8942"}],"wp:term":[{"taxonomy":"product_cat","embeddable":true,"href":"https:\/\/kwintesencja.art\/pl\/wp-json\/wp\/v2\/product_cat?post=8942"},{"taxonomy":"product_tag","embeddable":true,"href":"https:\/\/kwintesencja.art\/pl\/wp-json\/wp\/v2\/product_tag?post=8942"}],"curies":[{"name":"wp","href":"https:\/\/api.w.org\/{rel}","templated":true}]}}