{"id":8857,"date":"2025-10-30T13:33:27","date_gmt":"2025-10-30T12:33:27","guid":{"rendered":"https:\/\/kwintesencja.art\/?post_type=product&#038;p=8857"},"modified":"2026-03-29T22:32:57","modified_gmt":"2026-03-29T20:32:57","slug":"lezaca-postac-opus-117-ok-1942","status":"publish","type":"product","link":"https:\/\/kwintesencja.art\/pl\/product\/lezaca-postac-opus-117-ok-1942\/","title":{"rendered":"Le\u017c\u0105ca posta\u0107, opus 117, ok. 1942"},"content":{"rendered":"<p><strong>Jankiel Adler (1895\u20131949)<\/strong> by\u0142 polsko-\u017cydowskim malarzem i grafikiem, zwi\u0105zanym z \u00c9cole de Paris oraz europejsk\u0105 awangard\u0105. Urodzi\u0142 si\u0119 w Tuszynie ko\u0142o \u0141odzi w ortodoksyjnej rodzinie \u017cydowskiej. Studiowa\u0142 sztuk\u0119 w Warszawie i na Akademii Sztuk Pi\u0119knych w Barmen. Po I wojnie \u015bwiatowej powr\u00f3ci\u0142 do \u0141odzi, gdzie wsp\u00f3\u0142tworzy\u0142 grup\u0119 \u201eJung Idysz\u201d, a jego prace zacz\u0119\u0142y zdobywa\u0107 uznanie w Polsce i za granic\u0105.<\/p>\n<p>W latach 20. Adler osiedli\u0142 si\u0119 w Niemczech, gdzie zwi\u0105za\u0142 si\u0119 z berli\u0144sk\u0105 grup\u0105 <em>Der Sturm<\/em>. Jego tw\u00f3rczo\u015b\u0107, inspirowana tradycj\u0105 \u017cydowsk\u0105, kubizmem i ekspresjonizmem, szybko zyska\u0142a mi\u0119dzynarodowe uznanie. W 1933 roku, po doj\u015bciu nazist\u00f3w do w\u0142adzy, jego prace uznano za &#8220;sztuk\u0119 zdegenerowan\u0105&#8221;, a sam artysta musia\u0142 ucieka\u0107 z Niemiec. Osiedli\u0142 si\u0119 w Pary\u017cu, gdzie wsp\u00f3\u0142pracowa\u0142 z Leopoldem Zborowskim, a nast\u0119pnie w Wielkiej Brytanii.<\/p>\n<p>Adler tworzy\u0142 portrety, martwe natury i kompozycje abstrakcyjne, \u0142\u0105cz\u0105c prostot\u0119 form z g\u0142\u0119bok\u0105 symbolik\u0105 religijn\u0105 i emocjonaln\u0105. W czasie II wojny \u015bwiatowej s\u0142u\u017cy\u0142 w polskiej armii na Zachodzie, a po wojnie pozosta\u0142 w Wielkiej Brytanii, gdzie zmar\u0142 w 1949 roku. Jego prace, uznawane za wyraz syntezy tradycji i nowoczesno\u015bci, s\u0105 dzi\u015b wystawiane w presti\u017cowych muzeach na ca\u0142ym \u015bwiecie.<\/p>\n","protected":false},"excerpt":{"rendered":"<p><strong>Jankel Adler (1895\u20131949)<\/strong>, <em>Le\u017c\u0105ca posta\u0107, opus 117<\/em>, ok. 1942,<br \/>\nRysunek (Monotypia?) na papierze, sygnowany w prawym dolnym rogu: \u201e<strong>Adler<\/strong>\u201d,<br \/>\nWymiary: 50,5 \u00d7 40 cm, 70 x 58 cm (z opraw\u0105)<br \/>\n<strong>Pochodzenie:<\/strong> Gimpel Fils, Londyn, nr inw. <strong>GF2377<\/strong> (wg etykiet na odwrocie ramy).<br \/>\nCertyfikat autentyczno\u015bci.<\/p>\n<p>Delikatny, linearny wizerunek kobiecego aktu ukazanego w pozycji skurczonej, z d\u0142oni\u0105 przy twarzy i ramieniem zarysowuj\u0105cym szeroki, eliptyczny \u0142uk. Adler buduje kompozycj\u0119 oszcz\u0119dn\u0105, \u201epaj\u0119cz\u0105\u201d kresk\u0105, pozostawiaj\u0105c obszerne pola bieli, kt\u00f3re \u201eoddychaj\u0105\u201d mi\u0119dzy nielicznymi akcentami modelunku. Zastosowanie techniki graficznej przeniesienia rysunku \u2013 charakterystyczne dla wojennych lat artysty \u2013 nadaje pracy mi\u0119kko\u015b\u0107 konturu i subtelne zabrudzenia t\u0142a, dzia\u0142aj\u0105ce jak \u015blady pami\u0119ci. \u201eOpus 117\u201d sytuuje dzie\u0142o w\u015br\u00f3d abstrakcyjnych figuracji Adlera z pierwszej po\u0142owy lat 40., kiedy \u2013 ju\u017c na emigracji w Wielkiej Brytanii \u2013 wypracowa\u0142 w\u0142asny idiom \u0142\u0105cz\u0105cy syntetyczn\u0105 form\u0119, liryczny gest i emocjonaln\u0105 pow\u015bci\u0105gliwo\u015b\u0107. Prezentowany arkusz znakomicie ilustruje \u00f3w wp\u0142ywowy etap: to w\u0142a\u015bnie w tym czasie artysta oddzia\u0142ywa\u0142 na ca\u0142e grono tw\u00f3rc\u00f3w szkocko-brytyjskich (m.in. Roberta Colquhouna, Roberta MacBryde\u2019a, Johna Sheltona), a jego linearny, intymny zapis cia\u0142a \u2013 dzi\u015b zaskakuj\u0105co aktualny \u2013 bywa przywo\u0142ywany w kontek\u015bcie p\u00f3\u017aniejszych wra\u017cliwo\u015bci rysunkowych, pokrewnych cho\u0107by Tracey Emin. Uwiarygodniaj\u0105ca dzie\u0142o proweniencja z Gimpel Fils (jednej z kluczowych londy\u0144skich galerii powojennych) podkre\u015bla jego rang\u0119 kolekcjonersk\u0105.<\/p>\n","protected":false},"featured_media":8858,"template":"","meta":{"_monsterinsights_skip_tracking":false,"_monsterinsights_sitenote_active":false,"_monsterinsights_sitenote_note":"","_monsterinsights_sitenote_category":0,"_themeisle_gutenberg_block_has_review":false},"product_cat":[41],"product_tag":[328],"class_list":["post-8857","product","type-product","status-publish","has-post-thumbnail","hentry","product_cat-grafiki","product_tag-adler-jankiel","product_shipping_class-rodzaj-wysylki-2"],"aioseo_notices":[],"_links":{"self":[{"href":"https:\/\/kwintesencja.art\/pl\/wp-json\/wp\/v2\/product\/8857","targetHints":{"allow":["GET"]}}],"collection":[{"href":"https:\/\/kwintesencja.art\/pl\/wp-json\/wp\/v2\/product"}],"about":[{"href":"https:\/\/kwintesencja.art\/pl\/wp-json\/wp\/v2\/types\/product"}],"wp:featuredmedia":[{"embeddable":true,"href":"https:\/\/kwintesencja.art\/pl\/wp-json\/wp\/v2\/media\/8858"}],"wp:attachment":[{"href":"https:\/\/kwintesencja.art\/pl\/wp-json\/wp\/v2\/media?parent=8857"}],"wp:term":[{"taxonomy":"product_cat","embeddable":true,"href":"https:\/\/kwintesencja.art\/pl\/wp-json\/wp\/v2\/product_cat?post=8857"},{"taxonomy":"product_tag","embeddable":true,"href":"https:\/\/kwintesencja.art\/pl\/wp-json\/wp\/v2\/product_tag?post=8857"}],"curies":[{"name":"wp","href":"https:\/\/api.w.org\/{rel}","templated":true}]}}