{"id":8841,"date":"2025-10-29T22:39:50","date_gmt":"2025-10-29T21:39:50","guid":{"rendered":"https:\/\/kwintesencja.art\/?post_type=product&#038;p=8841"},"modified":"2025-12-18T15:04:55","modified_gmt":"2025-12-18T14:04:55","slug":"widok-ulicy","status":"publish","type":"product","link":"https:\/\/kwintesencja.art\/pl\/product\/widok-ulicy\/","title":{"rendered":"Widok ulicy"},"content":{"rendered":"<p><strong>Nathan Grunsweigh (1880\u20131956)<\/strong> \u2013 urodzony w Krakowie, polsko-\u017cydowski malarz zwi\u0105zany z nurtem <strong>\u00c9cole de Paris<\/strong>. Po dzieci\u0144stwie sp\u0119dzonym w Antwerpii, osiedli\u0142 si\u0119 na sta\u0142e w Pary\u017cu, gdzie sta\u0142 si\u0119 cz\u0119\u015bci\u0105 artystycznego \u015brodowiska Montparnasse.<\/p>\n<p>Zaprzyja\u017aniony m.in. z Cha\u00efmem Soutinem i Michelem Kiko\u00efnem.<\/p>\n<p>Tworzy\u0142 pejza\u017ce miejskie, martwe natury, portrety i sceny rodzajowe. Jego malarstwo \u0142\u0105czy\u0142o <strong>\u017cyw\u0105 kolorystyk\u0119, zgeometryzowane formy i wyra\u017any kontur<\/strong>, inspirowane postimpresjonizmem, fowizmem i kubizmem.<\/p>\n<p>Wystawia\u0142 m.in. na <strong>Salonie Jesiennym, Salonie Niezale\u017cnych i w Galerie Pierre<\/strong> (1924, indywidualnie). Cho\u0107 przez lata zapomniany, dzi\u015b jego tw\u00f3rczo\u015b\u0107 odzyskuje nale\u017cne miejsce \u2013 m.in. dzi\u0119ki wystawom w Muzeum Villa la Fleur (2020).<br \/>\nZmar\u0142 w 1956 roku w Pary\u017cu, pochowany na cmentarzu Montparnasse.<\/p>\n","protected":false},"excerpt":{"rendered":"<p><strong>Nathan GRUNSWEIGH (1880\u20131956)<br \/>\n<\/strong><strong data-start=\"34\" data-end=\"49\">Widok ulicy<\/strong><br data-start=\"49\" data-end=\"52\" \/>olej na p\u0142\u00f3tnie, <strong data-start=\"69\" data-end=\"83\">sygn. p.d.<\/strong>: <em data-start=\"85\" data-end=\"97\">Grunsweigh<\/em><br data-start=\"97\" data-end=\"100\" \/><strong data-start=\"100\" data-end=\"114\">54 \u00d7 73 cm<\/strong> + oprawa<br \/>\nUrokliwy, paryski widok ulicy z szeregiem kamienic, zawieszony pomi\u0119dzy \u015bwiat\u0142em a cieniem. Mi\u0119kkie modelowanie bry\u0142, ciep\u0142a, przyt\u0142umiona paleta oraz szkicowy, energiczny dukt p\u0119dzla s\u0105 charakterystyczne dla tw\u00f3rczo\u015bci Grunsweigha, malarza z kr\u0119gu <strong data-start=\"386\" data-end=\"404\">\u00c9cole de Paris<\/strong>, kt\u00f3ry ch\u0119tnie przedstawia\u0142 kameralne pejza\u017ce miejskie i zau\u0142ki francuskich miasteczek.<\/p>\n<p data-start=\"569\" data-end=\"769\"><strong data-start=\"569\" data-end=\"588\">Stan zachowania<\/strong><br data-start=\"588\" data-end=\"591\" \/>Dobry: miejscowa siateczka sp\u0119ka\u0144 i lekkie przetarcia przy kraw\u0119dziach; powierzchnia z naturalnym zabrudzeniem warstwy werniksu \u2013 wskazane delikatne oczyszczenie konserwatorskie.<\/p>\n","protected":false},"featured_media":8842,"template":"","meta":{"_monsterinsights_skip_tracking":false,"_monsterinsights_sitenote_active":false,"_monsterinsights_sitenote_note":"","_monsterinsights_sitenote_category":0,"_themeisle_gutenberg_block_has_review":false},"product_cat":[39],"product_tag":[336],"class_list":["post-8841","product","type-product","status-publish","has-post-thumbnail","hentry","product_cat-obrazy","product_tag-grunsweigh-nathan","product_shipping_class-rodzaj-wysylki-3"],"aioseo_notices":[],"_links":{"self":[{"href":"https:\/\/kwintesencja.art\/pl\/wp-json\/wp\/v2\/product\/8841","targetHints":{"allow":["GET"]}}],"collection":[{"href":"https:\/\/kwintesencja.art\/pl\/wp-json\/wp\/v2\/product"}],"about":[{"href":"https:\/\/kwintesencja.art\/pl\/wp-json\/wp\/v2\/types\/product"}],"wp:featuredmedia":[{"embeddable":true,"href":"https:\/\/kwintesencja.art\/pl\/wp-json\/wp\/v2\/media\/8842"}],"wp:attachment":[{"href":"https:\/\/kwintesencja.art\/pl\/wp-json\/wp\/v2\/media?parent=8841"}],"wp:term":[{"taxonomy":"product_cat","embeddable":true,"href":"https:\/\/kwintesencja.art\/pl\/wp-json\/wp\/v2\/product_cat?post=8841"},{"taxonomy":"product_tag","embeddable":true,"href":"https:\/\/kwintesencja.art\/pl\/wp-json\/wp\/v2\/product_tag?post=8841"}],"curies":[{"name":"wp","href":"https:\/\/api.w.org\/{rel}","templated":true}]}}