{"id":8828,"date":"2025-10-29T21:51:13","date_gmt":"2025-10-29T20:51:13","guid":{"rendered":"https:\/\/kwintesencja.art\/?post_type=product&#038;p=8828"},"modified":"2026-04-17T11:52:19","modified_gmt":"2026-04-17T09:52:19","slug":"montmartre-1930","status":"publish","type":"product","link":"https:\/\/kwintesencja.art\/pl\/product\/montmartre-1930\/","title":{"rendered":"Montmartre, 1930"},"content":{"rendered":"<p data-start=\"187\" data-end=\"750\">Nastrojowy widok paryskiej uliczki na Montmartrze, uj\u0119ty z poziomu bruku, z wysok\u0105 zabudow\u0105 o zr\u00f3\u017cnicowanych elewacjach i charakterystyczn\u0105 latarni\u0105 gazow\u0105. Kompozycja prowadzona perspektywicznie zakolem jezdni; \u015bwiat\u0142o poranka\/p\u00f3\u017anego popo\u0142udnia modeluje fasady, a chmurne niebo dodaje scenie mi\u0119kkiej, melancholijnej aury, typowej dla malarstwa paryskiego kr\u0119gu mi\u0119dzywojnia (wp\u0142ywy \u201e\u00e9cole de Paris\u201d, pami\u0119\u0107 o widokach Utrilla, Leprina, Grunsweigha). Faktura partii architektury miejscami impastowa, z widocznymi laserunkami w partiach nieba.<\/p>\n","protected":false},"excerpt":{"rendered":"<p><strong>Tytu\u0142:<\/strong> <em>Rue de Montmartre, 1930<br \/>\n<\/em><strong>Autor:<\/strong> Nieokre\u015blony (sygnatura trudna do zidentyfikowania)<br \/>\n<strong>Technika:<\/strong> olej na p\u0142\u00f3tnie<br \/>\n<strong>Wymiary: <\/strong>60 \u00d7 50 cm, 64 x 54 cm (z opraw\u0105)<br \/>\n<strong>Sygnatura:<\/strong> l.d.: nierozpoznana<br \/>\n<strong>Stan zachowania:<\/strong> bardzo dobry, lokalne zabrudzenia, drobne sp\u0119kania warstwy malarskiej zgodne z wiekiem obrazu.<\/p>\n","protected":false},"featured_media":8829,"template":"","meta":{"_monsterinsights_skip_tracking":false,"_monsterinsights_sitenote_active":false,"_monsterinsights_sitenote_note":"","_monsterinsights_sitenote_category":0,"_themeisle_gutenberg_block_has_review":false},"product_cat":[39],"product_tag":[280],"class_list":["post-8828","product","type-product","status-publish","has-post-thumbnail","hentry","product_cat-obrazy","product_tag-artysta-nierozpoznany","product_shipping_class-rodzaj-wysylki-3"],"aioseo_notices":[],"_links":{"self":[{"href":"https:\/\/kwintesencja.art\/pl\/wp-json\/wp\/v2\/product\/8828","targetHints":{"allow":["GET"]}}],"collection":[{"href":"https:\/\/kwintesencja.art\/pl\/wp-json\/wp\/v2\/product"}],"about":[{"href":"https:\/\/kwintesencja.art\/pl\/wp-json\/wp\/v2\/types\/product"}],"wp:featuredmedia":[{"embeddable":true,"href":"https:\/\/kwintesencja.art\/pl\/wp-json\/wp\/v2\/media\/8829"}],"wp:attachment":[{"href":"https:\/\/kwintesencja.art\/pl\/wp-json\/wp\/v2\/media?parent=8828"}],"wp:term":[{"taxonomy":"product_cat","embeddable":true,"href":"https:\/\/kwintesencja.art\/pl\/wp-json\/wp\/v2\/product_cat?post=8828"},{"taxonomy":"product_tag","embeddable":true,"href":"https:\/\/kwintesencja.art\/pl\/wp-json\/wp\/v2\/product_tag?post=8828"}],"curies":[{"name":"wp","href":"https:\/\/api.w.org\/{rel}","templated":true}]}}