{"id":8814,"date":"2025-10-29T21:12:05","date_gmt":"2025-10-29T20:12:05","guid":{"rendered":"https:\/\/kwintesencja.art\/?post_type=product&#038;p=8814"},"modified":"2025-12-06T15:04:23","modified_gmt":"2025-12-06T14:04:23","slug":"the-embrace","status":"publish","type":"product","link":"https:\/\/kwintesencja.art\/pl\/product\/the-embrace\/","title":{"rendered":"The Embrace"},"content":{"rendered":"<p><strong>Auguste Rodin<\/strong> \u2013 jeden z najwa\u017cniejszych rze\u017abiarzy nowoczesno\u015bci, autor m.in. <em>My\u015bliciela<\/em>, <em>Poca\u0142unku<\/em> i <em>Bramy Piekie\u0142<\/em>. Urodzony w 1840 r. w Pary\u017cu, zmar\u0142 w 1917 r. W rysunkach i grafikach, podobnie jak w rze\u017abie, koncentrowa\u0142 si\u0119 na wyrazie gestu i dynamice cia\u0142a, pos\u0142uguj\u0105c si\u0119 skr\u00f3tem i spontaniczn\u0105 lini\u0105. Dziedzictwo artysty opieku\u0144czo kontynuuje Mus\u00e9e Rodin w Pary\u017cu, kt\u00f3re autoryzuje wybrane edycje graficzne jego prac.<\/p>\n","protected":false},"excerpt":{"rendered":"<p><b>Auguste Rodin (1840\u20131917)<\/b>,\u00a0<strong>The Embrace<br \/>\nTechnika:<\/strong> litografia offsetowa, sygnowana z druku<br \/>\n<b>Dedykacja, l.d.: <\/b><span class=\"HwtZe\" lang=\"pl\"><span class=\"jCAhz ChMk0b\"><span class=\"ryNqvb\">&#8220;Litografia Auguste\u2019a Rodina, Ho\u0142d dla mojej wielkiej przyjaci\u00f3\u0142ki Judith Cladel, 1911&#8221;<\/span><\/span><\/span><br \/>\n<strong>Numeracja i piecz\u0119\u0107:<\/strong> <strong>7\/95<\/strong>; <strong>sucha piecz\u0119\u0107 wydawcy Muzeum Rodina<\/strong><br \/>\n<strong>Wymiary kompozycji\/arkusza:<\/strong> <strong>40 \u00d7 30 cm, 44 x 34 cm (z opraw\u0105)<\/strong><\/p>\n<p><span class=\"HwtZe\" lang=\"pl\"><span class=\"jCAhz ChMk0b\"><span class=\"ryNqvb\">Mi\u0142o\u015b\u0107 lesbijska to jeden z temat\u00f3w, kt\u00f3re Rodin zg\u0142\u0119bia\u0142 w swojej tw\u00f3rczo\u015bci.<\/span><\/span> <span class=\"jCAhz ChMk0b\"><span class=\"ryNqvb\">Dwie kobiety s\u0105 w intymnym u\u015bcisku, kt\u00f3ry nie pozostawia wiele do interpretacji.<\/span><\/span> <span class=\"jCAhz ChMk0b\"><span class=\"ryNqvb\">Obie s\u0105 nagie i wygl\u0105daj\u0105, jakby si\u0119 ca\u0142owa\u0142y.<\/span><\/span> <span class=\"jCAhz ChMk0b\"><span class=\"ryNqvb\">Trudno dostrzec wyraz twarzy postaci, poniewa\u017c s\u0105 one jedynie zbiorem linii.<\/span><\/span> <span class=\"jCAhz ChMk0b\"><span class=\"ryNqvb\">Usta s\u0105 \u0142atwo widoczne, ale wszystko inne jest rozmazane.<\/span><\/span><span class=\"jCAhz ChMk0b\"><span class=\"ryNqvb\"> Rodin doda\u0142 odrobin\u0119 koloru wok\u00f3\u0142 g\u0142\u00f3w.<\/span><\/span> <span class=\"jCAhz ChMk0b\"><span class=\"ryNqvb\">We w\u0142osach pojawia si\u0119 pomara\u0144cz i biel, co dodaje postaciom \u017cycia.<\/span><\/span> <span class=\"jCAhz ChMk0b\"><span class=\"ryNqvb\">Kobieta po lewej ma na sobie co\u015b, co wygl\u0105da jak niebieska szata sp\u0142ywaj\u0105ca po plecach i zakrywaj\u0105ca nogi.<\/span><\/span><br \/>\n<span class=\"jCAhz ChMk0b\"><span class=\"ryNqvb\">Rodin zadba\u0142 o detale.<\/span><\/span> <span class=\"jCAhz ChMk0b\"><span class=\"ryNqvb\">U\u017cywa\u0142 czystych linii, aby podkre\u015bli\u0107 konkretne cz\u0119\u015bci, takie jak krzy\u017c, piersi i ramiona.<\/span><\/span><span class=\"jCAhz ChMk0b\"><span class=\"ryNqvb\"> Nami\u0119tno\u015b\u0107 i uczucie Wi\u0119kszo\u015b\u0107 obraz\u00f3w Rodina zawsze dotyczy\u0142a ludzkich emocji, a konkretnie nami\u0119tno\u015bci, mi\u0142o\u015bci i po\u017c\u0105dania.<\/span><\/span> <span class=\"jCAhz ChMk0b\"><span class=\"ryNqvb\">W \u201eDw\u00f3ch kobietach w obj\u0119ciach\u201d te tematy stanowi\u0105 sedno dzie\u0142a.<\/span><\/span> <span class=\"jCAhz ChMk0b\"><span class=\"ryNqvb\">Proste linie pod\u0105\u017caj\u0105 za ruchem postaci przy ka\u017cdym pochyleniu.<\/span><\/span> <span class=\"jCAhz ChMk0b\"><span class=\"ryNqvb\">Rodin narysowa\u0142 te dwie postacie tak, aby si\u0119 przeplata\u0142y w spos\u00f3b, kt\u00f3ry ukazuje g\u0142\u0119bok\u0105 intymno\u015b\u0107.<\/span><\/span> <\/span><br \/>\nOdbitka pochodzi z edycji autoryzowanej przez Mus\u00e9e Rodin (stempel suchy), numerowanej do 95 egzemplarzy.<\/p>\n<p><strong>Stan zachowania:<\/strong> bardzo dobry; drobne, naturalne \u015blady czasu w\u0142a\u015bciwe dla techniki i wieku; odbitka \u015bwie\u017ca, kontrastowa.<\/p>\n","protected":false},"featured_media":8815,"template":"","meta":{"_monsterinsights_skip_tracking":false,"_monsterinsights_sitenote_active":false,"_monsterinsights_sitenote_note":"","_monsterinsights_sitenote_category":0,"_themeisle_gutenberg_block_has_review":false},"product_cat":[41],"product_tag":[],"class_list":["post-8814","product","type-product","status-publish","has-post-thumbnail","hentry","product_cat-grafiki","product_shipping_class-rodzaj-wysylki-2"],"aioseo_notices":[],"_links":{"self":[{"href":"https:\/\/kwintesencja.art\/pl\/wp-json\/wp\/v2\/product\/8814","targetHints":{"allow":["GET"]}}],"collection":[{"href":"https:\/\/kwintesencja.art\/pl\/wp-json\/wp\/v2\/product"}],"about":[{"href":"https:\/\/kwintesencja.art\/pl\/wp-json\/wp\/v2\/types\/product"}],"wp:featuredmedia":[{"embeddable":true,"href":"https:\/\/kwintesencja.art\/pl\/wp-json\/wp\/v2\/media\/8815"}],"wp:attachment":[{"href":"https:\/\/kwintesencja.art\/pl\/wp-json\/wp\/v2\/media?parent=8814"}],"wp:term":[{"taxonomy":"product_cat","embeddable":true,"href":"https:\/\/kwintesencja.art\/pl\/wp-json\/wp\/v2\/product_cat?post=8814"},{"taxonomy":"product_tag","embeddable":true,"href":"https:\/\/kwintesencja.art\/pl\/wp-json\/wp\/v2\/product_tag?post=8814"}],"curies":[{"name":"wp","href":"https:\/\/api.w.org\/{rel}","templated":true}]}}