{"id":8805,"date":"2025-10-29T20:28:09","date_gmt":"2025-10-29T19:28:09","guid":{"rendered":"https:\/\/kwintesencja.art\/?post_type=product&#038;p=8805"},"modified":"2025-10-29T20:38:18","modified_gmt":"2025-10-29T19:38:18","slug":"katarzyna-w-wannie","status":"publish","type":"product","link":"https:\/\/kwintesencja.art\/pl\/product\/katarzyna-w-wannie\/","title":{"rendered":"Katarzyna w wannie"},"content":{"rendered":"<p data-start=\"2812\" data-end=\"2890\"><strong data-start=\"2825\" data-end=\"2844\">Suzanne Valadon<\/strong> (1865, Bessines-sur-Gartempe \u2013 1938, Pary\u017c) Francuska malarka i graficzka zwi\u0105zana z Montmartre\u2019em. Zanim zacz\u0119\u0142a tworzy\u0107, by\u0142a jedn\u0105 z najs\u0142ynniejszych modelek fin-de-si\u00e8cle\u2019u \u2013 pozowa\u0142a m.in. Puvis de Chavannesowi, Degasowi i Renoirowi (uwieczniona m.in. w \u201eTa\u0144cu w Bougival\u201d). Samouk; rysunku i technik graficznych uczy\u0142a si\u0119 pod okiem Degasa, kt\u00f3ry jako pierwszy doceni\u0142 jej talent i zach\u0119ci\u0142 do pracy w akwaforcie i litografii. W \u017cyciu prywatnym zwi\u0105zana m.in. z Erikem Satie; matka malarza Maurice\u2019a Utrilla. Od lat 90. XIX w. regularnie wystawia\u0142a na paryskich salonach, a po 1909 roku skupi\u0142a si\u0119 na monumentalnych aktach, scenach k\u0105pielowych, macierzy\u0144stwie, martwych naturach i portrecie. Charakterystyczne dla jej stylu s\u0105 mocny, pewny kontur, syntetyczna plama, brak idealizacji i afirmacja cielesno\u015bci. Jedna z pierwszych artystek, kt\u00f3re z feministyczn\u0105 \u015bwiadomo\u015bci\u0105 odwr\u00f3ci\u0142y r\u00f3l p\u0142ciowych w sztuce, przedstawiaj\u0105c kobiece cia\u0142o bez uprzedmiotowienia. Dzi\u015b jej prace znajduj\u0105 si\u0119 w kolekcjach Mus\u00e9e d\u2019Orsay, Centre Pompidou, The Metropolitan Museum of Art i wielu muze\u00f3w na \u015bwiecie.<\/p>\n","protected":false},"excerpt":{"rendered":"<p><strong data-start=\"1162\" data-end=\"1175\"><span class=\"HwtZe\" lang=\"pl\"><span class=\"jCAhz ChMk0b\"><span class=\"ryNqvb\">Suzanne VALADON (1865\u20131938) Catherine au tub, 1932 <\/span><\/span><\/span><br \/>\nTechnika: akwaforta na papierze <span class=\"HwtZe\" lang=\"pl\"><span class=\"jCAhz ChMk0b\"><span class=\"ryNqvb\">BFK Rives<\/span><\/span><\/span><\/strong><br data-start=\"1248\" data-end=\"1251\" \/><strong data-start=\"1251\" data-end=\"1265\">Sygnatura:<\/strong> o\u0142\u00f3wkiem \u201esuzanne valadon\u201d pod kompozycj\u0105.<br data-start=\"1318\" data-end=\"1321\" \/><strong data-start=\"1321\" data-end=\"1354\">Wymiary kompozycji:<\/strong> 13<span class=\"HwtZe\" lang=\"pl\"><span class=\"jCAhz ChMk0b\"><span class=\"ryNqvb\">\u00a0x 13 cm<\/span><\/span><\/span><br data-start=\"1399\" data-end=\"1402\" \/><strong data-start=\"1402\" data-end=\"1422\">Stan zachowania:<\/strong> dobry; naturalne po\u017c\u00f3\u0142kni\u0119cie papieru w marginesach; lokalne drobne przebarwienia w\u0142a\u015bciwe dla wieku<br \/>\nPraca oprawiona w ozdobn\u0105 ram\u0119 za szk\u0142em antyrefleksyjnym<br \/>\n<span class=\"HwtZe\" lang=\"pl\"><span class=\"jCAhz ChMk0b\"><span class=\"ryNqvb\">Ta akwaforta, wydrukowana w 1932 roku, jest cz\u0119\u015bci\u0105 portfolio akwafort Suzanne Valadon, wykonanych w latach 1895\u20131910. Wydrukowano j\u0105 w nak\u0142adzie 75 egzemplarzy na prasach Daragn\u00e8s w Pary\u017cu, zosta\u0142a podpisana o\u0142\u00f3wkiem przez artystk\u0119.<\/span><\/span><br \/>\n<span class=\"jCAhz ChMk0b\"><span class=\"ryNqvb\">NUMER REFERENCYJNY: Catalogue raisonn\u00e9 Petrides #E1 MUZEALNICTWO:<br \/>\nTa grafika znajduje si\u0119 w zbiorach Centrum Pompidou pod numerem referencyjnym AM 1974-253 (1).\u00a0<\/span><\/span><\/span><\/p>\n","protected":false},"featured_media":8806,"template":"","meta":{"_monsterinsights_skip_tracking":false,"_monsterinsights_sitenote_active":false,"_monsterinsights_sitenote_note":"","_monsterinsights_sitenote_category":0,"_themeisle_gutenberg_block_has_review":false},"product_cat":[41],"product_tag":[349],"class_list":["post-8805","product","type-product","status-publish","has-post-thumbnail","hentry","product_cat-grafiki","product_tag-valadon-suzanne","product_shipping_class-rodzaj-wysylki-3"],"aioseo_notices":[],"_links":{"self":[{"href":"https:\/\/kwintesencja.art\/pl\/wp-json\/wp\/v2\/product\/8805","targetHints":{"allow":["GET"]}}],"collection":[{"href":"https:\/\/kwintesencja.art\/pl\/wp-json\/wp\/v2\/product"}],"about":[{"href":"https:\/\/kwintesencja.art\/pl\/wp-json\/wp\/v2\/types\/product"}],"wp:featuredmedia":[{"embeddable":true,"href":"https:\/\/kwintesencja.art\/pl\/wp-json\/wp\/v2\/media\/8806"}],"wp:attachment":[{"href":"https:\/\/kwintesencja.art\/pl\/wp-json\/wp\/v2\/media?parent=8805"}],"wp:term":[{"taxonomy":"product_cat","embeddable":true,"href":"https:\/\/kwintesencja.art\/pl\/wp-json\/wp\/v2\/product_cat?post=8805"},{"taxonomy":"product_tag","embeddable":true,"href":"https:\/\/kwintesencja.art\/pl\/wp-json\/wp\/v2\/product_tag?post=8805"}],"curies":[{"name":"wp","href":"https:\/\/api.w.org\/{rel}","templated":true}]}}