{"id":8784,"date":"2025-10-27T13:54:33","date_gmt":"2025-10-27T12:54:33","guid":{"rendered":"https:\/\/kwintesencja.art\/?post_type=product&#038;p=8784"},"modified":"2025-12-03T11:42:14","modified_gmt":"2025-12-03T10:42:14","slug":"triumf-bachusa","status":"publish","type":"product","link":"https:\/\/kwintesencja.art\/pl\/product\/triumf-bachusa\/","title":{"rendered":"Triumf Bachusa"},"content":{"rendered":"<p><strong>Diego Rodr\u00edguez de Silva y Vel\u00e1zquez<\/strong> (1599, Sewilla \u2013 1660, Madryt) \u2013 najwybitniejszy malarz hiszpa\u0144skiego baroku, nadworny artysta kr\u00f3la <strong>Filipa IV<\/strong>. Ucze\u0144 Francisca Pacheco, wczesne lata sp\u0119dzi\u0142 w Sewilli, tworz\u0105c naturalistyczne <strong>bodegones<\/strong> (sceny kuchenne) pod wp\u0142ywem caravaggionizmu. Od 1623 r. dzia\u0142a\u0142 w Madrycie jako portrecista dworu i autor kompozycji historycznych; dwukrotnie podr\u00f3\u017cowa\u0142 do W\u0142och (1629\u201331, 1649\u201351), studiuj\u0105c sztuk\u0119 renesansu i baroku. Arcydzie\u0142a: <strong>\u201eLas Meninas\u201d<\/strong>, <strong>\u201ePoddanie Bredy\u201d<\/strong>, <strong>\u201eWenus z lustrem\u201d<\/strong>, <strong>\u201eTriumf Bachusa\u201d<\/strong>. Ceniony za niezwyk\u0142\u0105 swobod\u0119 p\u0119dzla, prawd\u0119 psychologiczn\u0105 portret\u00f3w i mistrzowsk\u0105 gr\u0119 \u015bwiat\u0142a.<\/p>\n","protected":false},"excerpt":{"rendered":"<p><strong>REZERWACJA<br \/>\nTriumf Bachusa (Los Borrachos \/ The Triumph of Bacchus)<br \/>\nTechnika:<\/strong> olej na p\u0142\u00f3tnie<br \/>\n<strong>Wymiary:<\/strong> 81 \u00d7 111 cm, 97 x 127 cm (z opraw\u0105)<br \/>\n<strong>Pochodzenie:<\/strong> kolekcja prywatna, Francja.<br \/>\nDo ramy dokr\u0119cone jest g\u00f3rne o\u015bwietlenie obrazu.<br \/>\n<em><b>Etykieta:<\/b> F\u00e1brica de telas preparadas para pintores\u2026 FRANCISCO VILA, C. de Preciados n\u00ba 19, Madrid, \u2026 y objetos de dibujo y pintura<\/em><br \/>\n\u201eFabryka\/punkt sprzeda\u017cy p\u0142\u00f3cien dla malarzy i artyku\u0142\u00f3w do rysunku i malarstwa, Francisco Vila, ul. Preciados 19, Madryt.\u201d<br \/>\nTo typowa nalepka dostawcy podobrazi i ram u\u017cywana w Hiszpanii pod koniec XIX w.<\/p>\n<p><strong>Opis:<\/strong><br \/>\nWysokiej klasy kopia s\u0142ynnej kompozycji <strong>Diega Vel\u00e1zqueza<\/strong> przedstawiaj\u0105cej Bachusa otoczonego grup\u0105 wie\u015bniak\u00f3w. Centralna, m\u0142odzie\u0144cza posta\u0107 boga w winnym wie\u0144cu koronuje kl\u0119cz\u0105cego m\u0119\u017cczyzn\u0119, a scena \u2013 rozgrywaj\u0105ca si\u0119 na tle rozleg\u0142ego pejza\u017cu \u2013 \u0142\u0105czy mitologiczny temat z realistyczn\u0105 obserwacj\u0105 typ\u00f3w ludzkich. Utrzymana w ciep\u0142ej, br\u0105zowo-oliwkowej gamie i z wyra\u017anym modelunkiem \u015bwiat\u0142ocieniowym, praca wiernie oddaje uk\u0142ad postaci, nastrojowo\u015b\u0107 i dramaturgi\u0119 \u015bwiat\u0142a orygina\u0142u.<\/p>\n<p>Pierwowz\u00f3r namalowany przez <strong>Diega Vel\u00e1zqueza w latach 1628\u20131629<\/strong> znajduje si\u0119 w <strong>Museo del Prado, Madryt<\/strong> (olej na p\u0142\u00f3tnie, 165 \u00d7 225 cm), gdzie figuruje pod tytu\u0142em <em>El triunfo de Baco<\/em> (znany tak\u017ce jako <em>Los borrachos<\/em>).<\/p>\n","protected":false},"featured_media":8789,"template":"","meta":{"_monsterinsights_skip_tracking":false,"_monsterinsights_sitenote_active":false,"_monsterinsights_sitenote_note":"","_monsterinsights_sitenote_category":0,"_themeisle_gutenberg_block_has_review":false},"product_cat":[39],"product_tag":[348],"class_list":["post-8784","product","type-product","status-publish","has-post-thumbnail","hentry","product_cat-obrazy","product_tag-velazquez-diego","product_shipping_class-rodzaj-wysylki-3"],"aioseo_notices":[],"_links":{"self":[{"href":"https:\/\/kwintesencja.art\/pl\/wp-json\/wp\/v2\/product\/8784","targetHints":{"allow":["GET"]}}],"collection":[{"href":"https:\/\/kwintesencja.art\/pl\/wp-json\/wp\/v2\/product"}],"about":[{"href":"https:\/\/kwintesencja.art\/pl\/wp-json\/wp\/v2\/types\/product"}],"wp:featuredmedia":[{"embeddable":true,"href":"https:\/\/kwintesencja.art\/pl\/wp-json\/wp\/v2\/media\/8789"}],"wp:attachment":[{"href":"https:\/\/kwintesencja.art\/pl\/wp-json\/wp\/v2\/media?parent=8784"}],"wp:term":[{"taxonomy":"product_cat","embeddable":true,"href":"https:\/\/kwintesencja.art\/pl\/wp-json\/wp\/v2\/product_cat?post=8784"},{"taxonomy":"product_tag","embeddable":true,"href":"https:\/\/kwintesencja.art\/pl\/wp-json\/wp\/v2\/product_tag?post=8784"}],"curies":[{"name":"wp","href":"https:\/\/api.w.org\/{rel}","templated":true}]}}