{"id":8679,"date":"2025-10-04T23:04:29","date_gmt":"2025-10-04T21:04:29","guid":{"rendered":"https:\/\/kwintesencja.art\/?post_type=product&#038;p=8679"},"modified":"2025-12-20T01:05:30","modified_gmt":"2025-12-20T00:05:30","slug":"la-chevelure-wlosy","status":"publish","type":"product","link":"https:\/\/kwintesencja.art\/pl\/product\/la-chevelure-wlosy\/","title":{"rendered":"La chevelure (W\u0142osy)"},"content":{"rendered":"<p>Marie Laurencin (1883-1956), francuska malarka i graficzka. By\u0142a pierwsz\u0105 kobiet\u0105 maluj\u0105c\u0105 w stylu kubistycznym. Znana z malarstwa eterycznych postaci kobiecych. Bliska Braque&#8217;owi, Picasso, Matisse&#8217;owi i Appollinaire&#8217;owi. Na pocz\u0105tku XX wieku zajmowa\u0142a s\u0142awne miejsce w okresie, gdy sztuka eksplodowa\u0142a geniuszem. Mieszka\u0142a w dzielnicy Montmartre w Pary\u017cu i sta\u0142a si\u0119 cz\u0119\u015bci\u0105 kr\u0119gu skupionego wok\u00f3\u0142 Stein\u00f3w. Chocia\u017c jej wczesne portrety ukazuj\u0105 pi\u0119tno fauw\u00f3w i kubist\u00f3w, jej romantyczny i delikatny temperament przeciwstawi\u0142 si\u0119 tym szko\u0142om.<br \/>\nBy\u0142a prymitywna, konserwatywna i zawsze nosi\u0142a fartuch kuchenny, kiedy malowa\u0142a. Mia\u0142a s\u0142ynny romans z Guilliamem Appollinaire&#8217;em, wielkim francuskim wsp\u00f3\u0142czesnym krytykiem.<\/p>\n","protected":false},"excerpt":{"rendered":"<p data-start=\"32\" data-end=\"62\"><strong data-start=\"32\" data-end=\"56\">La chevelure (W\u0142osy)<\/strong>, 1951<br \/>\n<strong data-start=\"64\" data-end=\"77\">Technika:<\/strong> akwaforta na papierze<br data-start=\"108\" data-end=\"111\" \/><strong data-start=\"111\" data-end=\"150\">Wymiary kompozycji (w \u015bwietle p-p):<\/strong> 20,5 \u00d7 15 cm, 35 x 30 cm (z opraw\u0105)<br data-start=\"163\" data-end=\"166\" \/><strong data-start=\"166\" data-end=\"192\">Sygnatura i numeracja:<\/strong> sygn. o\u0142\u00f3wkiem p. d.: <em data-start=\"215\" data-end=\"229\" data-is-only-node=\"\">M. Laurencin<\/em>; numerowana p. l.: <strong data-start=\"249\" data-end=\"259\">18\/180 <\/strong>oraz suchy stempel wydawcy<\/p>\n<p data-start=\"263\" data-end=\"591\"><strong data-start=\"263\" data-end=\"272\">Opis:<\/strong><br data-start=\"272\" data-end=\"275\" \/>Kameralny portret m\u0142odej kobiety \u2013 uj\u0119cie w p\u00f3\u0142zbli\u017ceniu z charakterystycznym, mi\u0119kkim okiem i zamaszyst\u0105, dekoracyjn\u0105 fryzur\u0105. Delikatny, szkicowy modelunek i elegancka linearno\u015b\u0107, tak typowe dla Marie Laurencin, tworz\u0105 obraz zmys\u0142owy i poetycki, zbli\u017cony nastrojem do jej p\u00f3\u017anych prac graficznych z lat 50. XX wieku.<\/p>\n<p data-start=\"593\" data-end=\"727\"><strong data-start=\"593\" data-end=\"613\">Stan zachowania:<\/strong> dobry; miejscami kropkowanie papieru (foxing) i lekkie odbarwienie od \u015bwiat\u0142a; odbitka czytelna, kraw\u0119dzie r\u00f3wne.<\/p>\n","protected":false},"featured_media":8680,"template":"","meta":{"_monsterinsights_skip_tracking":false,"_monsterinsights_sitenote_active":false,"_monsterinsights_sitenote_note":"","_monsterinsights_sitenote_category":0,"_themeisle_gutenberg_block_has_review":false},"product_cat":[41],"product_tag":[207],"class_list":["post-8679","product","type-product","status-publish","has-post-thumbnail","hentry","product_cat-grafiki","product_tag-laurencin-marie","product_shipping_class-rodzaj-wysylki-2"],"aioseo_notices":[],"_links":{"self":[{"href":"https:\/\/kwintesencja.art\/pl\/wp-json\/wp\/v2\/product\/8679","targetHints":{"allow":["GET"]}}],"collection":[{"href":"https:\/\/kwintesencja.art\/pl\/wp-json\/wp\/v2\/product"}],"about":[{"href":"https:\/\/kwintesencja.art\/pl\/wp-json\/wp\/v2\/types\/product"}],"wp:featuredmedia":[{"embeddable":true,"href":"https:\/\/kwintesencja.art\/pl\/wp-json\/wp\/v2\/media\/8680"}],"wp:attachment":[{"href":"https:\/\/kwintesencja.art\/pl\/wp-json\/wp\/v2\/media?parent=8679"}],"wp:term":[{"taxonomy":"product_cat","embeddable":true,"href":"https:\/\/kwintesencja.art\/pl\/wp-json\/wp\/v2\/product_cat?post=8679"},{"taxonomy":"product_tag","embeddable":true,"href":"https:\/\/kwintesencja.art\/pl\/wp-json\/wp\/v2\/product_tag?post=8679"}],"curies":[{"name":"wp","href":"https:\/\/api.w.org\/{rel}","templated":true}]}}