{"id":8652,"date":"2025-10-04T22:10:37","date_gmt":"2025-10-04T20:10:37","guid":{"rendered":"https:\/\/kwintesencja.art\/?post_type=product&#038;p=8652"},"modified":"2025-12-01T10:19:12","modified_gmt":"2025-12-01T09:19:12","slug":"kwitnacy-welon","status":"publish","type":"product","link":"https:\/\/kwintesencja.art\/pl\/product\/kwitnacy-welon\/","title":{"rendered":"Kwitn\u0105cy welon"},"content":{"rendered":"<p><strong data-start=\"871\" data-end=\"891\">Antonia Beauvoir<\/strong> (ur. 1979) \u2013 wsp\u00f3\u0142czesna artystka wizualna, pracuj\u0105ca na styku grafiki artystycznej, fotografii i malarstwa. W swoich realizacjach \u0142\u0105czy motywy klasycznego portretu z elementami onirycznymi i symbolik\u0105 natury, eksploruj\u0105c tematy to\u017csamo\u015bci, cielesno\u015bci i pami\u0119ci obraz\u00f3w. Tworzy kr\u00f3tkie, limitowane edycje prac, zwykle sygnowane i numerowane przez autork\u0119.<\/p>\n","protected":false},"excerpt":{"rendered":"<p data-start=\"32\" data-end=\"56\"><strong data-start=\"32\" data-end=\"50\">Kwitn\u0105cy welon<\/strong>, 2018<br \/>\n<strong data-start=\"58\" data-end=\"71\">Technika:<\/strong> grafika barwna (druk artystyczny), papier; sygnowana i numerowana<br data-start=\"146\" data-end=\"149\" \/><strong data-start=\"149\" data-end=\"161\">Wymiary:<\/strong> w \u015bwietle passe-partout 49 \u00d7 49 cm; 63 \u00d7 63 cm (z opraw\u0105)<br data-start=\"219\" data-end=\"222\" \/><strong data-start=\"222\" data-end=\"233\">Edycja:<\/strong> <strong data-start=\"234\" data-end=\"242\">3\/15<\/strong><\/p>\n<p data-start=\"244\" data-end=\"694\"><strong data-start=\"244\" data-end=\"253\">Opis:<\/strong><br data-start=\"253\" data-end=\"256\" \/>Utrzymany w konwencji wsp\u00f3\u0142czesnego surrealizmu portret popiersia na tle rozleg\u0142ego pejza\u017cu. Zamiast twarzy \u2013 misterna kompozycja z jedwabistych zwoj\u00f3w tkanin oraz bukietu kwiat\u00f3w, przywo\u0142uj\u0105ca skojarzenia z arcimboldowsk\u0105 gr\u0105 z przedstawieniem natury i cz\u0142owieka. Mi\u0119kkie \u015bwiat\u0142o, klasycyzuj\u0105ca kompozycja oraz jubilerska dba\u0142o\u015b\u0107 o faktur\u0119 tkanin i p\u0142atk\u00f3w buduj\u0105 wyrafinowan\u0105, poetyck\u0105 aur\u0119, w kt\u00f3rej elegancja zderza si\u0119 z tajemnic\u0105.<\/p>\n<p data-start=\"696\" data-end=\"758\"><strong data-start=\"696\" data-end=\"716\">Stan zachowania:<\/strong> bardzo dobry; elegancka oprawa.<\/p>\n","protected":false},"featured_media":8654,"template":"","meta":{"_monsterinsights_skip_tracking":false,"_monsterinsights_sitenote_active":false,"_monsterinsights_sitenote_note":"","_monsterinsights_sitenote_category":0,"_themeisle_gutenberg_block_has_review":false},"product_cat":[41],"product_tag":[295,350],"class_list":["post-8652","product","type-product","status-publish","has-post-thumbnail","hentry","product_cat-grafiki","product_tag-artysta-mniej-znany","product_tag-wyprzedaz","product_shipping_class-rodzaj-wysylki-2"],"aioseo_notices":[],"_links":{"self":[{"href":"https:\/\/kwintesencja.art\/pl\/wp-json\/wp\/v2\/product\/8652","targetHints":{"allow":["GET"]}}],"collection":[{"href":"https:\/\/kwintesencja.art\/pl\/wp-json\/wp\/v2\/product"}],"about":[{"href":"https:\/\/kwintesencja.art\/pl\/wp-json\/wp\/v2\/types\/product"}],"wp:featuredmedia":[{"embeddable":true,"href":"https:\/\/kwintesencja.art\/pl\/wp-json\/wp\/v2\/media\/8654"}],"wp:attachment":[{"href":"https:\/\/kwintesencja.art\/pl\/wp-json\/wp\/v2\/media?parent=8652"}],"wp:term":[{"taxonomy":"product_cat","embeddable":true,"href":"https:\/\/kwintesencja.art\/pl\/wp-json\/wp\/v2\/product_cat?post=8652"},{"taxonomy":"product_tag","embeddable":true,"href":"https:\/\/kwintesencja.art\/pl\/wp-json\/wp\/v2\/product_tag?post=8652"}],"curies":[{"name":"wp","href":"https:\/\/api.w.org\/{rel}","templated":true}]}}