{"id":862,"date":"2022-03-04T11:11:20","date_gmt":"2022-03-04T10:11:20","guid":{"rendered":"https:\/\/kwintesencja.dkonto.pl\/?post_type=product&#038;p=862"},"modified":"2022-11-27T23:31:39","modified_gmt":"2022-11-27T22:31:39","slug":"women","status":"publish","type":"product","link":"https:\/\/kwintesencja.art\/pl\/product\/women\/","title":{"rendered":"Women"},"content":{"rendered":"<p>&#8220;<strong>NAJWI\u0118KSZY FOTOGRAF KOBIET&#8221; \/<\/strong><em>Richard Avedon\/<\/em><\/p>\n<p>Uwa\u017cany jest za jednego z\u00a0najwybitniejszych fotograf\u00f3w na \u015bwiecie. Jego wra\u017cliwo\u015b\u0107 oraz wyczucie aparatu przyczyni\u0142y si\u0119 do jego s\u0142awy, jako fotografa gwiazd i\u00a0\u015bwiata mody. Na szczeg\u00f3lne uznanie zas\u0142uguj\u0105 przepi\u0119kne fotografie Marilyn Monroe. Tworzy\u0142 przez ponad 40 lat. Przygod\u0119 z\u00a0fotografi\u0105 rozpocz\u0105\u0142 w\u00a0wieku 14 lat. By\u0142 stypendy-st\u0105 s\u0142ynnego Pratt Institute w\u00a0Nowym Jorku. Studiowa\u0142 u\u00a0s\u0142ynnego fotoreportera i\u00a0czarodzieja kompozycji Elliota Elisofena. Zafascynowany mod\u0105 podj\u0105\u0142 prac\u0119 asystenta Louise Dahl-Wolfe, wybitnej fotografki, znanej z\u00a0wyj\u0105tkowych ok\u0142adek i\u00a0stron z\u00a0mod\u0105 w\u00a0Harper&#8217;s Bazaar. W\u00a0wieku 23 lat Milton Greene zosta\u0142 okrzykni\u0119ty \u201ecudownym dzieckiem fotografii kolorowej\u201d.<\/p>\n<p>W\u00a0latach 50-tych, 60-tych wi\u0119kszo\u015b\u0107 jego prac pojawia\u0142a si\u0119 w\u00a0najbardziej presti\u017cowych ameryka\u0144skich czasopismach, takich jak Life, Look, Harper&#8217;s Bazaar, Town &amp; Country czy Vogue. Pr\u00f3cz eleganckich, wysmakowanych portret\u00f3w gwiazd znany by\u0142 z\u00a0fotografii mody \u2013 uwa\u017cany jest obok Irvinga Penna czy Richarda Avedona za jednego z\u00a0fotograf\u00f3w, kt\u00f3rzy przyczynili si\u0119 do zmiany postrzegania tej dziedziny tw\u00f3rczo\u015bci i\u00a0uznania jej za prawdziw\u0105 sztuk\u0119.<\/p>\n<p>Najs\u0142ynniejsze dzie\u0142a Greene\u2019a to portrety artyst\u00f3w, muzyk\u00f3w, gwiazd filmu, teatru i\u00a0telewizji. Potrafi\u0142 uchwyci\u0107 pi\u0119kno cz\u0142owieka p\u0142yn\u0105ce z\u00a0jego wn\u0119trza, pokazuj\u0105c ludzi w\u00a0naturalny, subtelny i\u00a0elegancki spos\u00f3b.<br \/>\nFotografowa\u0142 takie s\u0142awy jak Frank Sinatra, Grace Kelly, Marlene Dietrich, Elizabeth Taylor, Cary Grant, Sophia Loren, Audrey Hepburn, Andy Warhol, Judy Garland, Alfred Hitchcock, Romy Schneider, Laurence Olivier, Steve McQueen, Claudia Cardinale, Paul Newman, Catherine Deneuve\u00a0 i\u00a0wielu innych.<\/p>\n<p>Jednak to przyja\u017a\u0144 i\u00a0relacja, jaka \u0142\u0105czy\u0142a go z\u00a0Marilyn Monroe, zapewni\u0142y mu niebywa\u0142\u0105 rozpoznawalno\u015b\u0107 na ca\u0142ym \u015bwiecie. Milton pozna\u0142 Marilyn w\u00a0trakcie pracy dla Look Magazine. Szybko stali si\u0119 przyjaci\u00f3\u0142mi. Przez przesz\u0142o cztery lata, od 1953 do 1957 roku, by\u0142 jej fotografem, doradc\u0105 artystycznym i\u00a0wsp\u00f3lnikiem w\u00a0interesach &#8211; to on pom\u00f3g\u0142 jej zako\u0144czy\u0107 niekorzystny kontrakt z\u00a020th Century Fox i\u00a0za\u0142o\u017cy\u0107 w\u0142asn\u0105 niezale\u017cn\u0105 firm\u0119 Marilyn Monroe Productions, Inc. W\u0142a\u015bnie to da\u0142o wreszcie Marilyn wp\u0142yw na wysoko\u015b\u0107 honorari\u00f3w i\u00a0mo\u017cliwo\u015b\u0107 wyboru projekt\u00f3w, a\u00a0w efekcie role w\u00a0filmach: &#8220;Przystanek autobusowy&#8221; (Bus Stop) i\u00a0&#8220;Ksi\u0105\u017c\u0119 i\u00a0aktoreczka&#8221; (The Prince and the Showgirl). Za\u017cy\u0142o\u015b\u0107 pomi\u0119dzy s\u0142ynnym fotografem i\u00a0blond pi\u0119kno\u015bci\u0105 by\u0142a bardzo bliska i\u00a0niezwykle owocna. Milton zrobi\u0142 Marylin par\u0119 tysi\u0119cy fotografii. Przez pewien czas aktorka mieszka\u0142a razem z\u00a0rodzin\u0105 Miltona, znajduj\u0105c tam zawodowe i\u00a0osobiste wsparcie. W\u00a0tym w\u0142a\u015bnie czasie Greene wykona\u0142 najs\u0142ynniejsze fotografie Marilyn. W\u00a0ci\u0105gu czterech lat przyja\u017ani Greene\u2019a z\u00a0Marilyn powsta\u0142y 52 sesje z\u00a0udzia\u0142em gwiazdy, w\u00a0tym ta najbardziej rozpoznawalna \u201eBlack Sitting\u201d. Kr\u0105\u017c\u0105 plotki, \u017ce Greene\u2019a \u0142\u0105czy\u0142a z\u00a0Marilyn nie tylko przyja\u017a\u0144, ale i\u00a0romans. Informacjom tym zaprzecza rodzina fotografa, twierdz\u0105c, \u017ce by\u0142a to pi\u0119kna, czysta relacja bliskich przyjaci\u00f3\u0142.<\/p>\n<p>Wsp\u00f3\u0142praca pomi\u0119dzy Greene&#8217;m, a\u00a0Monroe zosta\u0142a zerwana w\u00a01957 roku, kiedy to trzeci m\u0105\u017c Marilyn, dramatopisarz Arthur Miller zacz\u0105\u0142 wtr\u0105ca\u0107 si\u0119 do interes\u00f3w Marylin. Milton poczu\u0142 si\u0119 ura\u017cony i\u00a0wycofa\u0142 si\u0119 z\u00a0Marilyn Monroe Productions, zakazuj\u0105c jednocze\u015bnie komukolwiek publikacji swoich fotografii. Milton Greene nie chcia\u0142 sprzeda\u0107 fotografii Marilyn. Do dzi\u015b nie wiadomo czy kierowa\u0142 si\u0119 wzgl\u0119dami prawnymi, czy te\u017c mi\u0142o\u015bci\u0105 do gwiazdy. Fotograf, posiadaj\u0105c taki skarb, zmar\u0142 pogr\u0105\u017cony w\u00a0d\u0142ugach w\u00a0sierpniu 1985 roku, w\u00a0Los Angeles.<\/p>\n<p>Niespe\u0142na 10 lat p\u00f3\u017aniej, w\u00a01994 roku, najstarszy syn Miltona \u2013 Joshua \u2013 za\u0142o\u017cy\u0142 firm\u0119-archiwum: Milton H. Greene Archives, kt\u00f3ra rozpocz\u0119\u0142a prac\u0119 nad dorobkiem ojca. Dzi\u0119ki jego staraniom fotografie, odbitki, a\u00a0tak\u017ce plakaty Miltona H.Greene&#8217;a mo\u017cemy ogl\u0105da\u0107 w\u00a0najwi\u0119kszych galeriach\u00a0i muzeach na ca\u0142ym \u015bwiecie.<\/p>\n","protected":false},"excerpt":{"rendered":"<p>Folder z wystawy sk\u0142adaj\u0105cy si\u0119 z 12 odbitek (reprodukcji) w etui.<br \/>\nTytu\u0142: Women<br \/>\nAutor: Milton H. Greene<br \/>\nRok: 2018<br \/>\nTechnika: Odbitki &#8211; Reprodukcje<br \/>\nOprawa: nie<br \/>\nPodpis: nie<br \/>\nWymiary: 15x15cm<br \/>\nStan zachowania: bardzo dobry<br \/>\nCertyfikat autentyczno\u015bci<\/p>\n","protected":false},"featured_media":890,"template":"","meta":{"_monsterinsights_skip_tracking":false,"_monsterinsights_sitenote_active":false,"_monsterinsights_sitenote_note":"","_monsterinsights_sitenote_category":0,"_themeisle_gutenberg_block_has_review":false},"product_cat":[15],"product_tag":[54],"class_list":["post-862","product","type-product","status-publish","has-post-thumbnail","hentry","product_cat-pozostale","product_tag-greene-milton","product_shipping_class-rodzaj-wysylki-1"],"aioseo_notices":[],"_links":{"self":[{"href":"https:\/\/kwintesencja.art\/pl\/wp-json\/wp\/v2\/product\/862","targetHints":{"allow":["GET"]}}],"collection":[{"href":"https:\/\/kwintesencja.art\/pl\/wp-json\/wp\/v2\/product"}],"about":[{"href":"https:\/\/kwintesencja.art\/pl\/wp-json\/wp\/v2\/types\/product"}],"wp:featuredmedia":[{"embeddable":true,"href":"https:\/\/kwintesencja.art\/pl\/wp-json\/wp\/v2\/media\/890"}],"wp:attachment":[{"href":"https:\/\/kwintesencja.art\/pl\/wp-json\/wp\/v2\/media?parent=862"}],"wp:term":[{"taxonomy":"product_cat","embeddable":true,"href":"https:\/\/kwintesencja.art\/pl\/wp-json\/wp\/v2\/product_cat?post=862"},{"taxonomy":"product_tag","embeddable":true,"href":"https:\/\/kwintesencja.art\/pl\/wp-json\/wp\/v2\/product_tag?post=862"}],"curies":[{"name":"wp","href":"https:\/\/api.w.org\/{rel}","templated":true}]}}