{"id":8612,"date":"2025-09-27T16:04:27","date_gmt":"2025-09-27T14:04:27","guid":{"rendered":"https:\/\/kwintesencja.art\/?post_type=product&#038;p=8612"},"modified":"2026-02-24T09:49:53","modified_gmt":"2026-02-24T08:49:53","slug":"spiace-kobiety","status":"publish","type":"product","link":"https:\/\/kwintesencja.art\/pl\/product\/spiace-kobiety\/","title":{"rendered":"\u015api\u0105ce kobiety"},"content":{"rendered":"<p><strong>Lucian Freud (1922\u20132011)<\/strong> \u2013 jeden z najwybitniejszych brytyjskich malarzy XX wieku, wnuk Zygmunta Freuda. Urodzi\u0142 si\u0119 w Berlinie, w 1933 roku wraz z rodzin\u0105 wyemigrowa\u0142 do Wielkiej Brytanii. Studiowa\u0142 m.in. w Central School of Arts and Crafts w Londynie. Pocz\u0105tkowo zwi\u0105zany z surrealizmem, szybko wypracowa\u0142 w\u0142asny j\u0119zyk malarski \u2013 brutalnie szczery realizm portretowy. Jego tw\u00f3rczo\u015b\u0107 skupia\u0142a si\u0119 na studiach nad cia\u0142em, psychologi\u0105 modela i fizyczn\u0105 materialno\u015bci\u0105. Malowa\u0142 g\u0142\u00f3wnie akty i portrety, u\u017cywaj\u0105c g\u0119stej, pastowatej faktury farby olejnej. Freud by\u0142 profesorem w Slade School of Fine Art, a jego prace znajduj\u0105 si\u0119 w najwa\u017cniejszych kolekcjach muzealnych \u015bwiata, m.in. w Tate Britain, Metropolitan Museum of Art czy Centre Pompidou.<\/p>\n","protected":false},"excerpt":{"rendered":"<p>Lucian Freud (1922\u20132011)<br \/>\nDwie \u015bpi\u0105ce kobiety (kopia)<br \/>\nOlej na p\u0142ycie<br \/>\nWymiary: 42 \u00d7 65 cm<\/p>\n<p>Kompozycja przedstawia dwa nagie kobiece akty le\u017c\u0105ce na bia\u0142ym pos\u0142aniu, ukazane w typowej dla Luciana Freuda surowej, psychologicznie intensywnej stylistyce.<br \/>\nCia\u0142a, pozbawione idealizacji, oddane zosta\u0142y z charakterystycznym dla mistrza brytyjskiego malarstwa bezpo\u015brednim realizmem, w kt\u00f3rym sk\u00f3ra i anatomia staj\u0105 si\u0119 g\u0142\u00f3wnym tematem obrazu.<br \/>\nPraca stanowi kopi\u0119 znanego dzie\u0142a Freuda <em>Two Women<\/em> z 1992 roku, b\u0119d\u0105cego portretem Janey Longman i India Jane Birley, przechowywanego w Lucian Freud Archive.<\/p>\n","protected":false},"featured_media":8620,"template":"","meta":{"_monsterinsights_skip_tracking":false,"_monsterinsights_sitenote_active":false,"_monsterinsights_sitenote_note":"","_monsterinsights_sitenote_category":0,"_themeisle_gutenberg_block_has_review":false},"product_cat":[39],"product_tag":[295],"class_list":["post-8612","product","type-product","status-publish","has-post-thumbnail","hentry","product_cat-obrazy","product_tag-artysta-mniej-znany","product_shipping_class-rodzaj-wysylki-3"],"aioseo_notices":[],"_links":{"self":[{"href":"https:\/\/kwintesencja.art\/pl\/wp-json\/wp\/v2\/product\/8612","targetHints":{"allow":["GET"]}}],"collection":[{"href":"https:\/\/kwintesencja.art\/pl\/wp-json\/wp\/v2\/product"}],"about":[{"href":"https:\/\/kwintesencja.art\/pl\/wp-json\/wp\/v2\/types\/product"}],"wp:featuredmedia":[{"embeddable":true,"href":"https:\/\/kwintesencja.art\/pl\/wp-json\/wp\/v2\/media\/8620"}],"wp:attachment":[{"href":"https:\/\/kwintesencja.art\/pl\/wp-json\/wp\/v2\/media?parent=8612"}],"wp:term":[{"taxonomy":"product_cat","embeddable":true,"href":"https:\/\/kwintesencja.art\/pl\/wp-json\/wp\/v2\/product_cat?post=8612"},{"taxonomy":"product_tag","embeddable":true,"href":"https:\/\/kwintesencja.art\/pl\/wp-json\/wp\/v2\/product_tag?post=8612"}],"curies":[{"name":"wp","href":"https:\/\/api.w.org\/{rel}","templated":true}]}}