{"id":8573,"date":"2025-08-30T15:50:04","date_gmt":"2025-08-30T13:50:04","guid":{"rendered":"https:\/\/kwintesencja.art\/?post_type=product&#038;p=8573"},"modified":"2025-09-08T10:06:10","modified_gmt":"2025-09-08T08:06:10","slug":"teka-4-miedzioryty-2000","status":"publish","type":"product","link":"https:\/\/kwintesencja.art\/pl\/product\/teka-4-miedzioryty-2000\/","title":{"rendered":"Teka (4 miedzioryty), 2000"},"content":{"rendered":"<p>Krzysztof Sk\u00f3rczewski (ur. 1947) &#8211; studiowa\u0142 na Wydziale Grafiki Akademii Sztuk Pi\u0119knych w Krakowie. W latach 1995-2003 by\u0142 profesorem w Europejskiej Akademii Sztuk w Warszawie, wsp\u00f3\u0142pracowa\u0142 tak\u017ce z Uniwersytetem Stanowym w Utah (USA). Obecnie jest profesorem Uniwersytetu w Rzeszowie prowadzi Zak\u0142ad Grafiki na Wydziale Sztuki. Pocz\u0105tkowo pracowa\u0142 w technice linorytu, od roku 1976 (studia w Kr\u00f3lewskiej Wy\u017cszej Szkole Artystycznej w Sztokholmie) uprawia miedzioryt. Od po\u0142owy lat 90. tworzy r\u00f3wnie\u017c cykle w technikach malarskich (pastele, akwarele) i rysunkowych. W swym dorobku ma ponad 60 wystaw indywidualnych w kraju i za granic\u0105 oraz udzia\u0142 w wielu wystawach zbiorowych. Jest laureatem, m.inn. II Nagrody i Nagrody Fundowanej na IV i XI Mi\u0119dzynarodowym Biennale Grafiki w Krakowie ( 1972, 1986), I Nagrody na II Mi\u0119dzynarodowym Festiwalu Grafiki w Menton ( Francja) 1989. Nagrody Specjalnej na Mi\u0119dzynarodowym Biennale Grafiki \u201eCuprum VI\u201d w Lubinie (Polska) 1995 i I Nagrody Premio Sciascia (2009).<\/p>\n","protected":false},"excerpt":{"rendered":"<p>Teka wydana przez Galeri\u0119 CZAS w B\u0119dzinie w 2000 roku.<br \/>\nSk\u0142ada si\u0119 z 4 miedzioryt\u00f3w: &#8220;\u015awi\u0105tynia&#8221;, &#8220;Forum&#8221;, &#8220;Kolos&#8221;, &#8220;Obserwatorium&#8221;<\/p>\n<p>Technika: miedzioryt \/ papier.<br \/>\nWymiary: 34 cm x 35,5 cm. \u015aredni wymiar kompozycji 13,8 cm x 16 cm<br \/>\nWszystkie prace sygnowane i tytu\u0142owane o\u0142\u00f3wkiem.<br \/>\nEdycja 13\/100<br \/>\nNa ok\u0142adce teki odr\u0119czna dedykacja autora.<br \/>\nStan zachowania: bardzo dobry<\/p>\n","protected":false},"featured_media":8583,"template":"","meta":{"_monsterinsights_skip_tracking":false,"_monsterinsights_sitenote_active":false,"_monsterinsights_sitenote_note":"","_monsterinsights_sitenote_category":0,"_themeisle_gutenberg_block_has_review":false},"product_cat":[41],"product_tag":[157],"class_list":["post-8573","product","type-product","status-publish","has-post-thumbnail","hentry","product_cat-grafiki","product_tag-skorczewski-krzysztof","product_shipping_class-rodzaj-wysylki-2"],"aioseo_notices":[],"_links":{"self":[{"href":"https:\/\/kwintesencja.art\/pl\/wp-json\/wp\/v2\/product\/8573","targetHints":{"allow":["GET"]}}],"collection":[{"href":"https:\/\/kwintesencja.art\/pl\/wp-json\/wp\/v2\/product"}],"about":[{"href":"https:\/\/kwintesencja.art\/pl\/wp-json\/wp\/v2\/types\/product"}],"wp:featuredmedia":[{"embeddable":true,"href":"https:\/\/kwintesencja.art\/pl\/wp-json\/wp\/v2\/media\/8583"}],"wp:attachment":[{"href":"https:\/\/kwintesencja.art\/pl\/wp-json\/wp\/v2\/media?parent=8573"}],"wp:term":[{"taxonomy":"product_cat","embeddable":true,"href":"https:\/\/kwintesencja.art\/pl\/wp-json\/wp\/v2\/product_cat?post=8573"},{"taxonomy":"product_tag","embeddable":true,"href":"https:\/\/kwintesencja.art\/pl\/wp-json\/wp\/v2\/product_tag?post=8573"}],"curies":[{"name":"wp","href":"https:\/\/api.w.org\/{rel}","templated":true}]}}