{"id":8539,"date":"2025-08-30T15:32:09","date_gmt":"2025-08-30T13:32:09","guid":{"rendered":"https:\/\/kwintesencja.art\/?post_type=product&#038;p=8539"},"modified":"2026-04-19T20:08:20","modified_gmt":"2026-04-19T18:08:20","slug":"akt-w-turbanie-1952","status":"publish","type":"product","link":"https:\/\/kwintesencja.art\/pl\/product\/akt-w-turbanie-1952\/","title":{"rendered":"Akt w turbanie, 1952"},"content":{"rendered":"<p>Moj\u017cesz Kisling (1891 \u2013 1953). W latach 1907-11 studiowa\u0142 malarstwo w krakowskiej ASP u J\u00f3zefa Pankiewicza. Za jego rad\u0105, wraz z Szymonem Mondszajnem, wyjecha\u0142 na dalsze studia do Pary\u017ca. Tam jego tw\u00f3rczo\u015bci\u0105 zainteresowali si\u0119 krytycy Andr\u00e9 Salmon i Adolf Basler, otrzyma\u0142 te\u017c stypendium od anonimowego mecenasa z Rosji. Nazywany by\u0142 \u201eksi\u0119cia Montparnasse\u2019u ze wzgl\u0119du na koligacje towarzyskie i sukcesy finansowe. Przyjacielskie relacje \u0142\u0105czy\u0142y go z polskimi tw\u00f3rcami: Tadeuszem Makowskim, Eugeniuszem Zakiem, Ludwikiem Markusem, Romanem Kramsztykiem i Mel\u0105 Muter. Za udzia\u0142 w walkach Legii Cudzoziemskiej w czasie I wojny \u015bwiatowej otrzyma\u0142 obywatelstwo francuskie. Ranny podczas bitwy pod Clarency odby\u0142 w 1916 roku rekonwalescencj\u0119 w Hiszpanii. W czasie II wojny \u015bwiatowej wst\u0105pi\u0142 do armii francuskiej. W 1940 przez Hiszpani\u0119 i Portugali\u0119 wyjecha\u0142 do Nowego Jorku. Po wojnie ok. 1946 wr\u00f3ci\u0142 do Sanary-sur-Mer. By\u0142 jednym z najwybitniejszych przedstawicieli Ecole de Paris lat mi\u0119dzywojennych. Mia\u0142 wiele wystaw indywidualnych, w wystawach zbiorowych za granic\u0105 uczestniczy\u0142 cz\u0119sto jako artysta polski. By\u0142 jednym z czo\u0142owych reprezentant\u00f3w \u00c9cole de Paris skupiaj\u0105cej przyby\u0142ych z Europy \u015arodowo-Wschodniej i Rosji artyst\u00f3w \u017cydowskiego pochodzenia. \u201eWe wczesnej fazie tw\u00f3rczo\u015bci Kislinga z lat 1912-18 znalaz\u0142a wyraz fascynacja sztuk\u0105 Cezanne\u2019a; w martwych naturach i pejza\u017cach artysta syntetyzowa\u0142 i geometryzowa\u0142 bry\u0142y, spi\u0119trza\u0142 plany kompozycyjne, wprowadza\u0142 podwy\u017cszony punkt widzenia zacie\u015bniaj\u0105cy przestrze\u0144 obrazow\u0105. (\u2026) Pod wp\u0142ywem kontakt\u00f3w z kubistami malowa\u0142 po\u0142udniowo-francuskie pejza\u017ce o geometryzuj\u0105cej stylistyce zapo\u017cyczonej z obraz\u00f3w Picassa i Braque\u2019a z ok. 1909 roku. Poszukiwa\u0142 formu\u0142y dekoracyjno\u015bci, w kt\u00f3rej zsyntetyzowane bry\u0142y architektoniczne wsp\u00f3\u0142graj\u0105 z organicznymi formami natury. (\u2026) W pejza\u017cach ujmowa\u0142 kszta\u0142ty sylwetowo, za\u015b barwom nadawa\u0142 intensywno\u015b\u0107 por\u00f3wnywaln\u0105 z fowistyczn\u0105 palet\u0105. W latach 1917-18, pr\u00f3cz widok\u00f3w z Saint-Tropez, kt\u00f3re cechowa\u0142a rozbielona paleta i eteryczno\u015b\u0107, powstawa\u0142y krajobrazy o pog\u0142\u0119bionej ekspresji ewokowanej przez gam\u0119 ostrych, mocnych, kontrastowo zestawionych barw; te granicz\u0105ce z abstrakcj\u0105, st\u0119\u017cone w wyrazie kompozycje malowane by\u0142y impastowo, uko\u015bnymi poci\u0105gni\u0119ciami p\u0119dzla. Niekt\u00f3re widoki port\u00f3w z \u017cagl\u00f3wkami i opustosza\u0142ym nadbrze\u017cem nawi\u0105zywa\u0142y do poetyki \u201emalarstwa metafizycznego\u201d. W pejza\u017cach Kisling nawi\u0105zywa\u0142 tak\u017ce do szesnastowiecznych schemat\u00f3w kompozycyjnych, przedstawiaj\u0105c krajobrazy rozleg\u0142e, budowane kulisowo, o sugestywnie oddanej g\u0142\u0119bi przestrzennej\u201d \u2013 Irena Kossowska<\/p>\n","protected":false},"excerpt":{"rendered":"<p>Tytu\u0142: Akt w turbanie<br \/>\nAutor: Moj\u017cesz Kisling<br \/>\nArtysta z kr\u0119gu Ecole de Paris<br \/>\nRok: 1952<br \/>\nAkwatinta barwna na papierze<br \/>\nWymiary: 54 x 39,5 cm, 77,5 x 61 cm (z opraw\u0105)<br \/>\nSygnatura: odr\u0119czna o\u0142\u00f3wkiem p.d.: KISLING<br \/>\nEdycja: l.d.: 57\/100<br \/>\nCopyright Guillarda, Pary\u017c 1952<br \/>\nStan zachowania: bardzo dobry<\/p>\n","protected":false},"featured_media":9575,"template":"","meta":{"_monsterinsights_skip_tracking":false,"_monsterinsights_sitenote_active":false,"_monsterinsights_sitenote_note":"","_monsterinsights_sitenote_category":0,"_themeisle_gutenberg_block_has_review":false},"product_cat":[41],"product_tag":[140],"class_list":["post-8539","product","type-product","status-publish","has-post-thumbnail","hentry","product_cat-grafiki","product_tag-kisling-mojzesz","product_shipping_class-rodzaj-wysylki-3"],"aioseo_notices":[],"_links":{"self":[{"href":"https:\/\/kwintesencja.art\/pl\/wp-json\/wp\/v2\/product\/8539","targetHints":{"allow":["GET"]}}],"collection":[{"href":"https:\/\/kwintesencja.art\/pl\/wp-json\/wp\/v2\/product"}],"about":[{"href":"https:\/\/kwintesencja.art\/pl\/wp-json\/wp\/v2\/types\/product"}],"wp:featuredmedia":[{"embeddable":true,"href":"https:\/\/kwintesencja.art\/pl\/wp-json\/wp\/v2\/media\/9575"}],"wp:attachment":[{"href":"https:\/\/kwintesencja.art\/pl\/wp-json\/wp\/v2\/media?parent=8539"}],"wp:term":[{"taxonomy":"product_cat","embeddable":true,"href":"https:\/\/kwintesencja.art\/pl\/wp-json\/wp\/v2\/product_cat?post=8539"},{"taxonomy":"product_tag","embeddable":true,"href":"https:\/\/kwintesencja.art\/pl\/wp-json\/wp\/v2\/product_tag?post=8539"}],"curies":[{"name":"wp","href":"https:\/\/api.w.org\/{rel}","templated":true}]}}