{"id":8514,"date":"2025-08-30T15:01:26","date_gmt":"2025-08-30T13:01:26","guid":{"rendered":"https:\/\/kwintesencja.art\/?post_type=product&#038;p=8514"},"modified":"2025-12-01T10:44:07","modified_gmt":"2025-12-01T09:44:07","slug":"mloda-kobieta-pocz-xx-w","status":"publish","type":"product","link":"https:\/\/kwintesencja.art\/pl\/product\/mloda-kobieta-pocz-xx-w\/","title":{"rendered":"M\u0142oda kobieta, pocz. XX w."},"content":{"rendered":"","protected":false},"excerpt":{"rendered":"<p>Artysta nieznany. Szko\u0142a w\u0142oska lub francuska z pocz\u0105tku XX wieku<br \/>\nTechnika: akwarela na papierze<br \/>\nWymiary: 60 x 40 cm + opraw<br \/>\nPraca oprawiona, za szk\u0142em antyrefleksyjnym.<\/p>\n","protected":false},"featured_media":8515,"template":"","meta":{"_monsterinsights_skip_tracking":false,"_monsterinsights_sitenote_active":false,"_monsterinsights_sitenote_note":"","_monsterinsights_sitenote_category":0,"_themeisle_gutenberg_block_has_review":false},"product_cat":[39],"product_tag":[280,350],"class_list":["post-8514","product","type-product","status-publish","has-post-thumbnail","hentry","product_cat-obrazy","product_tag-artysta-nierozpoznany","product_tag-wyprzedaz","product_shipping_class-rodzaj-wysylki-3"],"aioseo_notices":[],"_links":{"self":[{"href":"https:\/\/kwintesencja.art\/pl\/wp-json\/wp\/v2\/product\/8514","targetHints":{"allow":["GET"]}}],"collection":[{"href":"https:\/\/kwintesencja.art\/pl\/wp-json\/wp\/v2\/product"}],"about":[{"href":"https:\/\/kwintesencja.art\/pl\/wp-json\/wp\/v2\/types\/product"}],"wp:featuredmedia":[{"embeddable":true,"href":"https:\/\/kwintesencja.art\/pl\/wp-json\/wp\/v2\/media\/8515"}],"wp:attachment":[{"href":"https:\/\/kwintesencja.art\/pl\/wp-json\/wp\/v2\/media?parent=8514"}],"wp:term":[{"taxonomy":"product_cat","embeddable":true,"href":"https:\/\/kwintesencja.art\/pl\/wp-json\/wp\/v2\/product_cat?post=8514"},{"taxonomy":"product_tag","embeddable":true,"href":"https:\/\/kwintesencja.art\/pl\/wp-json\/wp\/v2\/product_tag?post=8514"}],"curies":[{"name":"wp","href":"https:\/\/api.w.org\/{rel}","templated":true}]}}