{"id":847,"date":"2022-03-04T10:35:08","date_gmt":"2022-03-04T09:35:08","guid":{"rendered":"https:\/\/kwintesencja.dkonto.pl\/?post_type=product&#038;p=847"},"modified":"2023-02-13T08:09:05","modified_gmt":"2023-02-13T07:09:05","slug":"24-vi-2012","status":"publish","type":"product","link":"https:\/\/kwintesencja.art\/pl\/product\/24-vi-2012\/","title":{"rendered":"24 VI 2012"},"content":{"rendered":"<p>Stanis\u0142aw Fija\u0142kowski\u00a0(Zdo\u0142bunow\u00a0na Wo\u0142yniu 1922 &#8211; \u0141\u00f3d\u017a 2020) w latach 1944-1945 przebywa\u0142 na robotach przymusowych w Kr\u00f3lewcu. W latach 1946- 1951 studiowa\u0142<br \/>\nw Pa\u0144stwowej Wy\u017cszej Szkole Sztuk Plastycznych w \u0141odzi pod kierunkiem W\u0142adys\u0142awa Strzemi\u0144skiego, Stefana Wegnera i Ludwika Tyrowicza, u kt\u00f3rego uzyska\u0142 dyplom.<br \/>\nW latach 1947-1993 by\u0142 pedagogiem w macierzystej uczelni, od 1983 profesorem. Pe\u0142ni\u0142 funkcje prorektora i dziekana Wydzia\u0142u Grafiki. Wyk\u0142ada\u0142 te\u017c za granic\u0105: w Mons (1978, 1982), Giessen (1989-1990), Marburgu (1990). Jest wiceprezydentem Mi\u0119dzynarodowego Stowarzyszenia Drzeworytnik\u00f3w XYLON w Szwajcarii i przewodnicz\u0105cym Polskiej Sekcji tej organizacji. Nale\u017cy do zagranicznych Akademii nauk i sztuk w Salzburgu i Brukseli. Jest laureatem Nagrody Krytyki Artystycznej im. Cypriana Norwida 1971, Nagrody im. Jana Cybisa 1990 i wielu innych wyr\u00f3\u017cnie\u0144. Jako pierwszy w Polsce przet\u0142umaczy\u0142 teksty Wasyla Kandinskiego (\u201ePunkt i linia a p\u0142aszczyzna\u201d i \u201eO duchowo\u015bci w sztuce\u201d), oba wydane drukiem, oraz Kazimierza Malewicza \u201e\u015awiat bezprzedmiotowy\u201d. Malarstwo Fija\u0142kowskiego bazuje na skromnym zasobie abstrakcyjnych znak\u00f3w i ograniczonej gamie barwnej. Kompozycje, w wi\u0119kszo\u015bci sugeruj\u0105ce uj\u0119cia pejza\u017cowe czy szerzej \u2013 przestrzenne, budowane s\u0105 jakby pojedynczymi dotkni\u0119ciami p\u0119dzla. Ka\u017cdy szczeg\u00f3\u0142 nabiera wa\u017cno\u015bci, \u015bledzi si\u0119 ka\u017cdy niuans barwy czy faktury. Charakterystyczne kszta\u0142ty i motywy powtarzaj\u0105 si\u0119 w r\u00f3\u017cnych konfiguracjach w pracach artysty niczym wyrazy, z kt\u00f3rych uk\u0142ada za ka\u017cdym razem inn\u0105 opowie\u015b\u0107. Obrazy nosz\u0105 zazwyczaj poetyckie tytu\u0142y, cz\u0119sto wpadaj\u0105ce w tony groteskowe czy surealistyczne. Cechy te sk\u0142adaj\u0105 si\u0119 na niezwyk\u0142e, intryguj\u0105ce, autonomiczne zjawisko artystyczne. Malarstwu Fija\u0142kowskiego od pocz\u0105tku lat 60. towarzyszy czarno-bia\u0142a grafika, g\u0142\u00f3wnie linoryt i drzeworyt, sporadycznie litografia.<\/p>\n","protected":false},"excerpt":{"rendered":"<p>Tytu\u0142: 24 VI 2012<br \/>\nAutor: Stanis\u0142aw Fija\u0142kowski<br \/>\nRok: 2012<br \/>\nTechnika: Inkografia<br \/>\nOprawa: tak<br \/>\nPodpis: odr\u0119czny o\u0142\u00f3wkiem<br \/>\nWymiary: 20x24cm, z ram\u0105: 24x28cm<br \/>\nStan zachowania: bardzo dobry<br \/>\nCertyfikat autentyczno\u015bci<\/p>\n","protected":false},"featured_media":850,"template":"","meta":{"_monsterinsights_skip_tracking":false,"_monsterinsights_sitenote_active":false,"_monsterinsights_sitenote_note":"","_monsterinsights_sitenote_category":0,"_themeisle_gutenberg_block_has_review":false},"product_cat":[41],"product_tag":[37],"class_list":["post-847","product","type-product","status-publish","has-post-thumbnail","hentry","product_cat-grafiki","product_tag-fijalkowski-stanislaw","product_shipping_class-rodzaj-wysylki-1"],"aioseo_notices":[],"_links":{"self":[{"href":"https:\/\/kwintesencja.art\/pl\/wp-json\/wp\/v2\/product\/847","targetHints":{"allow":["GET"]}}],"collection":[{"href":"https:\/\/kwintesencja.art\/pl\/wp-json\/wp\/v2\/product"}],"about":[{"href":"https:\/\/kwintesencja.art\/pl\/wp-json\/wp\/v2\/types\/product"}],"wp:featuredmedia":[{"embeddable":true,"href":"https:\/\/kwintesencja.art\/pl\/wp-json\/wp\/v2\/media\/850"}],"wp:attachment":[{"href":"https:\/\/kwintesencja.art\/pl\/wp-json\/wp\/v2\/media?parent=847"}],"wp:term":[{"taxonomy":"product_cat","embeddable":true,"href":"https:\/\/kwintesencja.art\/pl\/wp-json\/wp\/v2\/product_cat?post=847"},{"taxonomy":"product_tag","embeddable":true,"href":"https:\/\/kwintesencja.art\/pl\/wp-json\/wp\/v2\/product_tag?post=847"}],"curies":[{"name":"wp","href":"https:\/\/api.w.org\/{rel}","templated":true}]}}