{"id":8445,"date":"2025-08-20T12:05:41","date_gmt":"2025-08-20T10:05:41","guid":{"rendered":"https:\/\/kwintesencja.art\/?post_type=product&#038;p=8445"},"modified":"2025-12-01T10:21:39","modified_gmt":"2025-12-01T09:21:39","slug":"dwie-nagie-kobiety","status":"publish","type":"product","link":"https:\/\/kwintesencja.art\/pl\/product\/dwie-nagie-kobiety\/","title":{"rendered":"Pokaz specjalny"},"content":{"rendered":"<div id=\"lottext\">\n<div class=\"text\">\n<p>S\u0142awomir Christow (ur. 1976) &#8211; rysownik, malarz i grafik urodzony w Warnie. W latach 1992-1995 ucze\u0144 Yavor Tsanev, bu\u0142garskiego malarza i grafika. Od 1996 do 2001 roku studiowa\u0142 na Wydziale Grafiki krakowskiej Akademii Sztuk Pi\u0119knych. Dyplom uzyska\u0142 w pracowni drzeworytu u prof. Zbigniewa Lutomskiego. Bra\u0142 udzia\u0142 w wielu wystawach zbiorowych, zar\u00f3wno w Polsce jak i za granic\u0105.<br \/>\nArtysta otwarty na \u015bwiat symboli i mit\u00f3w, obok tw\u00f3rczo\u015bci graficznej uprawia r\u00f3wnie\u017c malarstwo, najcz\u0119\u015bciej w tradycyjnej technice tempery jajowej, akwareli i gwaszu. W swej pracy odwo\u0142uje si\u0119 do archetyp\u00f3w i znak\u00f3w g\u0142\u0119boko zakorzenionych w naszej wyobra\u017ani, \u0142\u0105cz\u0105c jednocze\u015bnie wiele epok i kultur. Zafascynowany mi\u0119dzy innymi w\u0142oskim Quattrocentem i malarstwem mogo\u0142skich Indii, kreuje w\u0142asny, niepowtarzalny \u015bwiat, nawi\u0105zuj\u0105c do tradycji malarskich Wschodu i Zachodu. Dwukrotny laureat Grand Prix NGM w Krakowie oraz Stypendium Tw\u00f3rczego Miasta Krakowa. Dzie\u0142a Chrystowa by\u0142y wystawiane m.in. w Rzymie, na Zamku Kr\u00f3lewskim w Warszawie, w pa\u0142acu w \u0141a\u0144cucie.<\/p>\n<\/div>\n<\/div>\n","protected":false},"excerpt":{"rendered":"<p><span class=\"HwtZe\" lang=\"pl\"><span class=\"jCAhz ChMk0b\"><span class=\"ryNqvb\">S\u0142awomir Chrystow &#8211; Pokaz specjalny<\/span><\/span><\/span><br \/>\nWymiary: w \u015bw p-p: 39 x 26 cm, 63<span class=\"HwtZe\" lang=\"pl\"><span class=\"jCAhz ChMk0b\"><span class=\"ryNqvb\"> x 51 cm (z opraw\u0105)<br \/>\nDruk artystyczny, Sygnowany na odwrocie<\/span><\/span><\/span><br \/>\nE\/A &#8211; Edycja Autorska<br \/>\nCertyfikat autentyczno\u015bci<\/p>\n","protected":false},"featured_media":8931,"template":"","meta":{"_monsterinsights_skip_tracking":false,"_monsterinsights_sitenote_active":false,"_monsterinsights_sitenote_note":"","_monsterinsights_sitenote_category":0,"_themeisle_gutenberg_block_has_review":false},"product_cat":[41],"product_tag":[334,350],"class_list":["post-8445","product","type-product","status-publish","has-post-thumbnail","hentry","product_cat-grafiki","product_tag-chrystow-slawomir","product_tag-wyprzedaz","product_shipping_class-rodzaj-wysylki-3"],"aioseo_notices":[],"_links":{"self":[{"href":"https:\/\/kwintesencja.art\/pl\/wp-json\/wp\/v2\/product\/8445","targetHints":{"allow":["GET"]}}],"collection":[{"href":"https:\/\/kwintesencja.art\/pl\/wp-json\/wp\/v2\/product"}],"about":[{"href":"https:\/\/kwintesencja.art\/pl\/wp-json\/wp\/v2\/types\/product"}],"wp:featuredmedia":[{"embeddable":true,"href":"https:\/\/kwintesencja.art\/pl\/wp-json\/wp\/v2\/media\/8931"}],"wp:attachment":[{"href":"https:\/\/kwintesencja.art\/pl\/wp-json\/wp\/v2\/media?parent=8445"}],"wp:term":[{"taxonomy":"product_cat","embeddable":true,"href":"https:\/\/kwintesencja.art\/pl\/wp-json\/wp\/v2\/product_cat?post=8445"},{"taxonomy":"product_tag","embeddable":true,"href":"https:\/\/kwintesencja.art\/pl\/wp-json\/wp\/v2\/product_tag?post=8445"}],"curies":[{"name":"wp","href":"https:\/\/api.w.org\/{rel}","templated":true}]}}