{"id":8382,"date":"2025-07-30T18:59:48","date_gmt":"2025-07-30T16:59:48","guid":{"rendered":"https:\/\/kwintesencja.art\/?post_type=product&#038;p=8382"},"modified":"2025-10-27T13:21:07","modified_gmt":"2025-10-27T12:21:07","slug":"akt-siedzaca-3","status":"publish","type":"product","link":"https:\/\/kwintesencja.art\/pl\/product\/akt-siedzaca-3\/","title":{"rendered":"Akt siedz\u0105ca"},"content":{"rendered":"<p>Henryk P\u0142\u00f3ciennik (1933-2020), jeden z najwybitniejszych grafik\u00f3w, malarz, rysownik. Swoje prace wystawia\u0142 na ponad 100 indywidualnych oraz na ponad 160 zbiorowych wystawach w Polsce i za granic\u0105 Rodowity \u0142odzianin, bez akademickiego wykszta\u0142cenia, ale by\u0142 jednym z najwybitniejszych polskich grafik\u00f3w. Od 1962 roku nale\u017ca\u0142 do ZPAP. Zajmowa\u0142 si\u0119 grafik\u0105, ekslibrisem, rysunkiem i malarstwem sztalugowym. Jego prace prezentowano m.in. w Belgii, Francji, Hiszpanii, Japonii, Kanadzie, Meksyku, Stanach Zjednoczonych i na Kubie, trafi\u0142y tak\u017ce do zbior\u00f3w Muzeum Narodowego w Warszawie, Krakowie i Poznaniu oraz Muzeum Sztuki w \u0141odzi. Otrzyma\u0142 ponad 40 nagr\u00f3d i wyr\u00f3\u017cnie\u0144 na wystawach i konkursach.<\/p>\n","protected":false},"excerpt":{"rendered":"<p>Tytu\u0142: Akt le\u017c\u0105ca<br \/>\nAutor: Henryk P\u0142\u00f3ciennik<br \/>\nTechnika: Tusz, papier<br \/>\nPodpis: l.d.: H. P\u0142\u00f3ciennik &#8216;<br \/>\nWymiary: <i>17,5 x 24,5 cm<\/i><span style=\"font-family: Calibri, sans-serif;\"><span style=\"font-size: medium;\"><i><br \/>\n<\/i><\/span><\/span>Stan zachowania: bardzo dobry<br \/>\nCertyfikat autentyczno\u015bci<\/p>\n","protected":false},"featured_media":8388,"template":"","meta":{"_monsterinsights_skip_tracking":false,"_monsterinsights_sitenote_active":false,"_monsterinsights_sitenote_note":"","_monsterinsights_sitenote_category":0,"_themeisle_gutenberg_block_has_review":false},"product_cat":[39],"product_tag":[67],"class_list":["post-8382","product","type-product","status-publish","has-post-thumbnail","hentry","product_cat-obrazy","product_tag-plociennik-henryk","product_shipping_class-rodzaj-wysylki-2"],"aioseo_notices":[],"_links":{"self":[{"href":"https:\/\/kwintesencja.art\/pl\/wp-json\/wp\/v2\/product\/8382","targetHints":{"allow":["GET"]}}],"collection":[{"href":"https:\/\/kwintesencja.art\/pl\/wp-json\/wp\/v2\/product"}],"about":[{"href":"https:\/\/kwintesencja.art\/pl\/wp-json\/wp\/v2\/types\/product"}],"wp:featuredmedia":[{"embeddable":true,"href":"https:\/\/kwintesencja.art\/pl\/wp-json\/wp\/v2\/media\/8388"}],"wp:attachment":[{"href":"https:\/\/kwintesencja.art\/pl\/wp-json\/wp\/v2\/media?parent=8382"}],"wp:term":[{"taxonomy":"product_cat","embeddable":true,"href":"https:\/\/kwintesencja.art\/pl\/wp-json\/wp\/v2\/product_cat?post=8382"},{"taxonomy":"product_tag","embeddable":true,"href":"https:\/\/kwintesencja.art\/pl\/wp-json\/wp\/v2\/product_tag?post=8382"}],"curies":[{"name":"wp","href":"https:\/\/api.w.org\/{rel}","templated":true}]}}