{"id":8226,"date":"2025-07-21T11:02:46","date_gmt":"2025-07-21T09:02:46","guid":{"rendered":"https:\/\/kwintesencja.art\/?post_type=product&#038;p=8226"},"modified":"2026-04-27T22:27:56","modified_gmt":"2026-04-27T20:27:56","slug":"madonna-ok-1921","status":"publish","type":"product","link":"https:\/\/kwintesencja.art\/pl\/product\/madonna-ok-1921\/","title":{"rendered":"Madonna, ok. 1921"},"content":{"rendered":"<p data-start=\"0\" data-end=\"288\"><strong data-start=\"0\" data-end=\"37\">Samuel Arlent Edwards <\/strong>(1861\u20131938) \u2013 brytyjski artysta grafik, znany przede wszystkim jako mistrz barwnej mezzotinty (color mezzotint). Urodzi\u0142 si\u0119 w Anglii, ale wi\u0119ksz\u0105 cz\u0119\u015b\u0107 swojej kariery sp\u0119dzi\u0142 w Stanach Zjednoczonych, gdzie zyska\u0142 ogromn\u0105 popularno\u015b\u0107 na prze\u0142omie XIX i XX wieku.<\/p>\n<p data-start=\"317\" data-end=\"864\">Edwards by\u0142 jednym z niewielu grafik\u00f3w specjalizuj\u0105cych si\u0119 w kolorowej mezzotincie \u2013 niezwykle pracoch\u0142onnej technice graficznej, polegaj\u0105cej na drukowaniu odbitek z p\u0142yt miedzianych, przygotowanych tak, aby uzyska\u0107 bogate przej\u015bcia tonalne i g\u0142\u0119bokie barwy. Co wa\u017cne, Edwards drukowa\u0142 kolor bez u\u017cycia offsetu czy litografii, stosuj\u0105c tradycyjne metody malarskie \u2013 kolory nak\u0142adano bezpo\u015brednio na p\u0142yt\u0119, a nast\u0119pnie r\u0119cznie retuszowano ka\u017cd\u0105 odbitk\u0119. Dzi\u0119ki temu jego prace zyska\u0142y reputacj\u0119 niemal malarskich i wyj\u0105tkowo ekskluzywnych.<\/p>\n<p data-start=\"881\" data-end=\"1286\">Jego ulubionym motywem by\u0142y portrety kobiet oraz reprodukcje znanych dzie\u0142 malarstwa europejskiego \u2013 szczeg\u00f3lnie tw\u00f3rc\u00f3w w\u0142oskiego i flamandzkiego renesansu (Botticelli, Raphael, Van Dyck). Cz\u0119sto tworzy\u0142 na podstawie obraz\u00f3w znajduj\u0105cych si\u0119 w kolekcjach muzealnych (m.in. National Gallery, Luwr, Prado). Prace Edwards\u2019a by\u0142y adresowane do zamo\u017cnych kolekcjoner\u00f3w, mi\u0142o\u015bnik\u00f3w sztuki i instytucji.<\/p>\n<p data-start=\"1312\" data-end=\"1621\">Wystawia\u0142 m.in. w Nowym Jorku i Filadelfii. Wsp\u00f3\u0142pracowa\u0142 z renomowanymi galeriami, takimi jak Louis Katz Art Galleries (308 Columbus Ave., NY). W USA zdoby\u0142 opini\u0119 jednego z najwybitniejszych reproduktor\u00f3w epoki. Jego prace by\u0142y sprzedawane jako luksusowe edycje kolekcjonerskie w limitowanych nak\u0142adach.<\/p>\n<p data-start=\"1641\" data-end=\"1985\">Dzi\u015b Samuel Arlent Edwards uznawany jest za jednego z ostatnich mistrz\u00f3w tradycyjnej mezzotinty kolorowej. Jego dzie\u0142a znajduj\u0105 si\u0119 w zbiorach muzealnych i kolekcjach prywatnych na ca\u0142ym \u015bwiecie. Cz\u0119sto pojawiaj\u0105 si\u0119 na aukcjach antykwarycznych i bibliofilskich \u2013 cenione za perfekcyjny warsztat, elegancj\u0119 i historyczn\u0105 warto\u015b\u0107 dokumentacyjn\u0105.<\/p>\n","protected":false},"excerpt":{"rendered":"<p data-start=\"95\" data-end=\"138\">Samuel Arlent-Edwards (1861\u20131938)<br \/>\n\u201eMadonna\u201d \u2013 oryginalna mezzotinta barwna sygnowana o\u0142\u00f3wkiem<br data-start=\"202\" data-end=\"205\" \/>ok. 1921 r., wed\u0142ug Sandro Botticellego (<em data-start=\"246\" data-end=\"270\">Madonna Magnificat<\/em>)<br \/>\nWymiary: 36 \u00d7 28 cm, 53,5 x 45 cm (z opraw\u0105)<br data-start=\"1010\" data-end=\"1013\" \/>Stan zachowania: og\u00f3lnie dobry; p\u0119kni\u0119cie w prawym dolnym naro\u017cniku (nie wp\u0142ywa znacz\u0105co na odbi\u00f3r dzie\u0142a)<br \/>\nGrafika w oryginalnej, bogato zdobionej ramie w stylu<\/p>\n<p>Praca inspirowana s\u0142ynnym obrazem <em data-start=\"428\" data-end=\"455\">Madonna of the Magnificat<\/em> Sandro Botticellego, przedstawia uduchowiony portret Madonny w renesansowym stroju, z delikatnie zaznaczonymi konturami twarzy i subteln\u0105 kolorystyk\u0105, typow\u0105 dla techniki mezzotinty.<\/p>\n<p data-start=\"918\" data-end=\"1198\">\n","protected":false},"featured_media":8230,"template":"","meta":{"_monsterinsights_skip_tracking":false,"_monsterinsights_sitenote_active":false,"_monsterinsights_sitenote_note":"","_monsterinsights_sitenote_category":0,"_themeisle_gutenberg_block_has_review":false},"product_cat":[41],"product_tag":[327,350],"class_list":["post-8226","product","type-product","status-publish","has-post-thumbnail","hentry","product_cat-grafiki","product_tag-botticelli-sandro","product_tag-wyprzedaz","product_shipping_class-rodzaj-wysylki-3"],"aioseo_notices":[],"_links":{"self":[{"href":"https:\/\/kwintesencja.art\/pl\/wp-json\/wp\/v2\/product\/8226","targetHints":{"allow":["GET"]}}],"collection":[{"href":"https:\/\/kwintesencja.art\/pl\/wp-json\/wp\/v2\/product"}],"about":[{"href":"https:\/\/kwintesencja.art\/pl\/wp-json\/wp\/v2\/types\/product"}],"wp:featuredmedia":[{"embeddable":true,"href":"https:\/\/kwintesencja.art\/pl\/wp-json\/wp\/v2\/media\/8230"}],"wp:attachment":[{"href":"https:\/\/kwintesencja.art\/pl\/wp-json\/wp\/v2\/media?parent=8226"}],"wp:term":[{"taxonomy":"product_cat","embeddable":true,"href":"https:\/\/kwintesencja.art\/pl\/wp-json\/wp\/v2\/product_cat?post=8226"},{"taxonomy":"product_tag","embeddable":true,"href":"https:\/\/kwintesencja.art\/pl\/wp-json\/wp\/v2\/product_tag?post=8226"}],"curies":[{"name":"wp","href":"https:\/\/api.w.org\/{rel}","templated":true}]}}