{"id":820,"date":"2022-03-03T21:36:04","date_gmt":"2022-03-03T20:36:04","guid":{"rendered":"https:\/\/kwintesencja.dkonto.pl\/?post_type=product&#038;p=820"},"modified":"2025-12-31T15:14:45","modified_gmt":"2025-12-31T14:14:45","slug":"piknik-pod-wiszaca-skala","status":"publish","type":"product","link":"https:\/\/kwintesencja.art\/pl\/product\/piknik-pod-wiszaca-skala\/","title":{"rendered":"Piknik pod wisz\u0105ca ska\u0142\u0105"},"content":{"rendered":"<p>O artystce:<br \/>\nStudentka Akademii Sztuk Pi\u0119knych w Warszawie na specjalizacji scenografia. Fascynuje si\u0119 portretem i cielesno\u015bci\u0105. Jednym z najwi\u0119kszych jej autorytet\u00f3w w dziedzinie malarstwa jest Olga Bozna\u0144ska.<br \/>\nW swoich zainteresowaniach sk\u0142ania si\u0119 r\u00f3wnie\u017c w stron\u0119 Prerafaelit\u00f3w, ikonografii chrze\u015bcija\u0144skiej oraz estetyki XIX wieku. W rysunku inspiruje si\u0119 tw\u00f3rczo\u015bci\u0105 Egona Shiele.<\/p>\n","protected":false},"excerpt":{"rendered":"<p>Tytu\u0142: Piknik pod wisz\u0105ca ska\u0142\u0105<br \/>\nAutor: Ewa Bilska<br \/>\nRok: 2019<br \/>\nTechnika: Sucha ig\u0142a<br \/>\nOprawa: passepartout<br \/>\nPodpis: odr\u0119czny o\u0142\u00f3wkiem, 1\/30<br \/>\nWymiary: 10 x 7,5 cm, 23 x 21 cm (zewn p-p.)<br \/>\nStan zachowania: bardzo dobry<br \/>\nCertyfikat autentyczno\u015bci<\/p>\n","protected":false},"featured_media":9252,"template":"","meta":{"_monsterinsights_skip_tracking":false,"_monsterinsights_sitenote_active":false,"_monsterinsights_sitenote_note":"","_monsterinsights_sitenote_category":0,"_themeisle_gutenberg_block_has_review":false},"product_cat":[41],"product_tag":[51],"class_list":["post-820","product","type-product","status-publish","has-post-thumbnail","hentry","product_cat-grafiki","product_tag-bilska-ewa","product_shipping_class-rodzaj-wysylki-1"],"aioseo_notices":[],"_links":{"self":[{"href":"https:\/\/kwintesencja.art\/pl\/wp-json\/wp\/v2\/product\/820","targetHints":{"allow":["GET"]}}],"collection":[{"href":"https:\/\/kwintesencja.art\/pl\/wp-json\/wp\/v2\/product"}],"about":[{"href":"https:\/\/kwintesencja.art\/pl\/wp-json\/wp\/v2\/types\/product"}],"wp:featuredmedia":[{"embeddable":true,"href":"https:\/\/kwintesencja.art\/pl\/wp-json\/wp\/v2\/media\/9252"}],"wp:attachment":[{"href":"https:\/\/kwintesencja.art\/pl\/wp-json\/wp\/v2\/media?parent=820"}],"wp:term":[{"taxonomy":"product_cat","embeddable":true,"href":"https:\/\/kwintesencja.art\/pl\/wp-json\/wp\/v2\/product_cat?post=820"},{"taxonomy":"product_tag","embeddable":true,"href":"https:\/\/kwintesencja.art\/pl\/wp-json\/wp\/v2\/product_tag?post=820"}],"curies":[{"name":"wp","href":"https:\/\/api.w.org\/{rel}","templated":true}]}}