{"id":8087,"date":"2025-06-04T19:15:32","date_gmt":"2025-06-04T17:15:32","guid":{"rendered":"https:\/\/kwintesencja.art\/?post_type=product&#038;p=8087"},"modified":"2025-11-05T21:52:49","modified_gmt":"2025-11-05T20:52:49","slug":"street-in-bievre","status":"publish","type":"product","link":"https:\/\/kwintesencja.art\/pl\/product\/street-in-bievre\/","title":{"rendered":"Street in Bievre"},"content":{"rendered":"<p>Jakub Zucker, urodzony w Radomiu w Polsce w 1900 roku i znany tak\u017ce jako Jacques Zucker, by\u0142 wybitnym malarzem, ilustratorem i pisarzem.<br \/>\nW wieku 13 lat Zucker uciek\u0142 do Palestyny i po 1913 roku ucz\u0119szcza\u0142 do tamtejszej Szko\u0142y Sztuk Pi\u0119knych Bezalel. W 1925 roku przeni\u00f3s\u0142 si\u0119 do Pary\u017ca, gdzie studiowa\u0142 w Academie Julian i Colarossi. Od 1927 roku wystawia\u0142 swoje prace w Salonie Jesiennym i des Tuileries. Po II wojnie \u015bwiatowej przeni\u00f3s\u0142 si\u0119 do Nowego Jorku, gdzie kontynuowa\u0142 swoj\u0105 karier\u0119 artystyczn\u0105, tworz\u0105c sceny rodzajowe zwi\u0105zane z folklorem \u017cydowskim, pejza\u017ce, portrety oraz martwe natury.<br \/>\nPodczas I wojny \u015bwiatowej Zucker wst\u0105pi\u0142 do brytyjskiej Brygady \u017bydowskiej, walcz\u0105c o wyzwolenie Palestyny. Po wojnie, w 1922 roku, wyemigrowa\u0142 do Stan\u00f3w Zjednoczonych, gdzie kontynuowa\u0142 swoj\u0105 artystyczn\u0105 karier\u0119, zdobywaj\u0105c uznanie dzi\u0119ki swoim pejza\u017com, portretom oraz kompozycjom figuralnym, cz\u0119sto nawi\u0105zuj\u0105cym do \u017cydowskich motyw\u00f3w\u200b<span class=\"\"><span class=\"text-token-text-secondary\">.<br \/>\n<\/span><\/span>Zucker by\u0142 ceniony za sw\u00f3j ekspresjonistyczny styl, inspirowany zar\u00f3wno niemieckimi i austriackimi ekspresjonistami, jak Oskar Kokoschka czy Ludwig Kirchner, jak i pejza\u017cami Chaima Soutine\u2019a oraz francuskimi malarzami takimi jak Vuillard czy Bonnard\u200b. Jego prace by\u0142y wystawiane w najwa\u017cniejszych galeriach i muzeach w Stanach Zjednoczonych oraz w Europie, a jego dzie\u0142a znajduj\u0105 si\u0119 w zbiorach wielu presti\u017cowych instytucji, w tym w Museum of Modern Art w Nowym Jorku czy w Israel Museum w Jerozolimie\u200b.<br \/>\nArtystyczne credo Zuckera najlepiej oddaj\u0105 jego w\u0142asne s\u0142owa: \u201eNie maluj\u0119 dla pieni\u0119dzy, ani z poczucia obowi\u0105zku, ani \u017ceby odnie\u015b\u0107 sukces i zdoby\u0107 rozg\u0142os. Maluj\u0119 na chwa\u0142\u0119 Boga, w podzi\u0119ce za wszelkie \u0142aski, kt\u00f3rymi mnie obdarzy\u0142. Maluj\u0119 dla siebie, poniewa\u017c sztuka to najpewniejsza droga do wolno\u015bci, ucieczka od \u017cyciowych problem\u00f3w\u201d\u200b<span class=\"\"><span class=\"text-token-text-secondary\"><br \/>\n<\/span><\/span>Zucker zmar\u0142 w Nowym Jorku w 1981 roku, zostawiaj\u0105c po sobie bogate dziedzictwo artystyczne, kt\u00f3re kontynuuje inspirowa\u0107 kolejne pokolenia\u200b<span class=\"\"><span class=\"text-token-text-secondary\">.<\/span><\/span><\/p>\n","protected":false},"excerpt":{"rendered":"<p><strong>Jacques Zucker (1900\u20131981)<br \/>\nTytu\u0142:<\/strong> <em>Street in Bievre, France<\/em><br \/>\n<strong>Technika:<\/strong> olej na p\u0142\u00f3tnie<br \/>\n<strong>Wymiary:<\/strong> 65 \u00d7 81 cm 85 \u00d7 100 cm (z opraw\u0105)<br \/>\n<strong>Sygnatura:<\/strong> sygnowany czerwonym kolorem, p.d.: <em>J. Zucker<\/em><br \/>\n<strong>Na odwrociu:<\/strong> etykieta z tytu\u0142em, technik\u0105 i nazwiskiem artysty (pismo odr\u0119czne)<br \/>\n<strong>Stan zachowania:<\/strong> bardzo dobry, p\u0142\u00f3tno napi\u0119te na oryginalnym kro\u015bnie, rama wt\u00f3rna, klasyczna, w dobrym stanie<\/p>\n<p><strong>Opis dzie\u0142a:<br \/>\n<\/strong>Jacques Zucker, artysta urodzony w Radomiu, a dzia\u0142aj\u0105cy przez wi\u0119ksz\u0105 cz\u0119\u015b\u0107 \u017cycia we Francji i Kanadzie, nale\u017ca\u0142 do pokolenia artyst\u00f3w \u00c9cole de Paris. W jego tw\u00f3rczo\u015bci dominuj\u0105 sceny miejskie i wiejskie o silnym \u0142adunku impresjonistycznym i postimpresjonistycznym. Prezentowany obraz przedstawia nastrojow\u0105 scen\u0119 z francuskiego miasteczka Bievre, pe\u0142n\u0105 \u017cycia i \u015bwiat\u0142a, uchwycon\u0105 z charakterystyczn\u0105 dla autora spontaniczno\u015bci\u0105 i kolorystyczn\u0105 harmoni\u0105.<\/p>\n<p>Zucker pos\u0142ugiwa\u0142 si\u0119 \u017cyw\u0105 palet\u0105 i dynamicznymi poci\u0105gni\u0119ciami p\u0119dzla, co wida\u0107 w uj\u0119ciu jesiennych drzew, postaci pracuj\u0105cych w ogrodzie oraz roz\u015bwietlonego nieba. Obraz zachowuje cechy stylu artysty \u2013 lekko\u015bci kompozycyjnej, dekoracyjno\u015bci i figuralnej narracyjno\u015bci.<\/p>\n","protected":false},"featured_media":8091,"template":"","meta":{"_monsterinsights_skip_tracking":false,"_monsterinsights_sitenote_active":false,"_monsterinsights_sitenote_note":"","_monsterinsights_sitenote_category":0,"_themeisle_gutenberg_block_has_review":false},"product_cat":[39],"product_tag":[292],"class_list":["post-8087","product","type-product","status-publish","has-post-thumbnail","hentry","product_cat-obrazy","product_tag-zucker-jakub","product_shipping_class-rodzaj-wysylki-3"],"aioseo_notices":[],"_links":{"self":[{"href":"https:\/\/kwintesencja.art\/pl\/wp-json\/wp\/v2\/product\/8087","targetHints":{"allow":["GET"]}}],"collection":[{"href":"https:\/\/kwintesencja.art\/pl\/wp-json\/wp\/v2\/product"}],"about":[{"href":"https:\/\/kwintesencja.art\/pl\/wp-json\/wp\/v2\/types\/product"}],"wp:featuredmedia":[{"embeddable":true,"href":"https:\/\/kwintesencja.art\/pl\/wp-json\/wp\/v2\/media\/8091"}],"wp:attachment":[{"href":"https:\/\/kwintesencja.art\/pl\/wp-json\/wp\/v2\/media?parent=8087"}],"wp:term":[{"taxonomy":"product_cat","embeddable":true,"href":"https:\/\/kwintesencja.art\/pl\/wp-json\/wp\/v2\/product_cat?post=8087"},{"taxonomy":"product_tag","embeddable":true,"href":"https:\/\/kwintesencja.art\/pl\/wp-json\/wp\/v2\/product_tag?post=8087"}],"curies":[{"name":"wp","href":"https:\/\/api.w.org\/{rel}","templated":true}]}}