{"id":8042,"date":"2025-05-12T10:22:10","date_gmt":"2025-05-12T08:22:10","guid":{"rendered":"https:\/\/kwintesencja.art\/?post_type=product&#038;p=8042"},"modified":"2025-07-29T13:33:54","modified_gmt":"2025-07-29T11:33:54","slug":"wygnanie-diabla-z-legendy","status":"publish","type":"product","link":"https:\/\/kwintesencja.art\/pl\/product\/wygnanie-diabla-z-legendy\/","title":{"rendered":"Wygnanie diab\u0142a z legendy"},"content":{"rendered":"<div id=\"lottext\">\n<div class=\"text\">\n<p>S\u0142awomir Christow (ur. 1976) &#8211; artysta polsko-bu\u0142garski o orientalnych korzeniach.\u00a0Rysownik, malarz i grafik urodzony w Warnie. W latach 1992-1995 ucze\u0144 Yavor Tsanev, bu\u0142garskiego malarza i grafika. Od 1996 do 2001 roku studiowa\u0142 na Wydziale Grafiki krakowskiej Akademii Sztuk Pi\u0119knych. Dyplom uzyska\u0142 w pracowni drzeworytu u prof. Zbigniewa Lutomskiego. Bra\u0142 udzia\u0142 w wielu wystawach zbiorowych, zar\u00f3wno w Polsce jak i za granic\u0105.<br \/>\nArtysta otwarty na \u015bwiat symboli i mit\u00f3w, obok tw\u00f3rczo\u015bci graficznej uprawia r\u00f3wnie\u017c malarstwo, najcz\u0119\u015bciej w tradycyjnej technice tempery jajowej, akwareli i gwaszu. W swej pracy odwo\u0142uje si\u0119 do archetyp\u00f3w i znak\u00f3w g\u0142\u0119boko zakorzenionych w naszej wyobra\u017ani, \u0142\u0105cz\u0105c jednocze\u015bnie wiele epok i kultur. Zafascynowany mi\u0119dzy innymi w\u0142oskim Quattrocentem i malarstwem mogo\u0142skich Indii, kreuje w\u0142asny, niepowtarzalny \u015bwiat, nawi\u0105zuj\u0105c do tradycji malarskich Wschodu i Zachodu. Dwukrotny laureat Grand Prix NGM w Krakowie oraz Stypendium Tw\u00f3rczego Miasta Krakowa. Dzie\u0142a Chrystowa by\u0142y wystawiane m.in. w Rzymie, na Zamku Kr\u00f3lewskim w Warszawie, w pa\u0142acu w \u0141a\u0144cucie.<\/p>\n<\/div>\n<\/div>\n","protected":false},"excerpt":{"rendered":"<p>Linoryt barwny<br \/>\nWymiary: 88 x 59,5 cm, 96 x 66 cm (arkusz)<br \/>\nEdycja: 2\/10<br \/>\nSygnatura r\u0119czna, o\u0142\u00f3wkiem, p.d.: S. Chrystow 2004<br \/>\nCertyfikat autentyczno\u015bci<\/p>\n","protected":false},"featured_media":8043,"template":"","meta":{"_monsterinsights_skip_tracking":false,"_monsterinsights_sitenote_active":false,"_monsterinsights_sitenote_note":"","_monsterinsights_sitenote_category":0,"_themeisle_gutenberg_block_has_review":false},"product_cat":[41],"product_tag":[334],"class_list":["post-8042","product","type-product","status-publish","has-post-thumbnail","hentry","product_cat-grafiki","product_tag-chrystow-slawomir","product_shipping_class-rodzaj-wysylki-2"],"aioseo_notices":[],"_links":{"self":[{"href":"https:\/\/kwintesencja.art\/pl\/wp-json\/wp\/v2\/product\/8042","targetHints":{"allow":["GET"]}}],"collection":[{"href":"https:\/\/kwintesencja.art\/pl\/wp-json\/wp\/v2\/product"}],"about":[{"href":"https:\/\/kwintesencja.art\/pl\/wp-json\/wp\/v2\/types\/product"}],"wp:featuredmedia":[{"embeddable":true,"href":"https:\/\/kwintesencja.art\/pl\/wp-json\/wp\/v2\/media\/8043"}],"wp:attachment":[{"href":"https:\/\/kwintesencja.art\/pl\/wp-json\/wp\/v2\/media?parent=8042"}],"wp:term":[{"taxonomy":"product_cat","embeddable":true,"href":"https:\/\/kwintesencja.art\/pl\/wp-json\/wp\/v2\/product_cat?post=8042"},{"taxonomy":"product_tag","embeddable":true,"href":"https:\/\/kwintesencja.art\/pl\/wp-json\/wp\/v2\/product_tag?post=8042"}],"curies":[{"name":"wp","href":"https:\/\/api.w.org\/{rel}","templated":true}]}}