{"id":7815,"date":"2025-04-04T23:06:19","date_gmt":"2025-04-04T21:06:19","guid":{"rendered":"https:\/\/kwintesencja.art\/?post_type=product&#038;p=7815"},"modified":"2025-12-01T10:29:23","modified_gmt":"2025-12-01T09:29:23","slug":"dom-van-gogha-w-arles","status":"publish","type":"product","link":"https:\/\/kwintesencja.art\/pl\/product\/dom-van-gogha-w-arles\/","title":{"rendered":"Dom Van Gogha w Arles"},"content":{"rendered":"<p data-start=\"136\" data-end=\"169\">Paul Signac (1863\u20131935) &#8211; malarz francuski, wsp\u00f3\u0142tw\u00f3rca neoimpresjonizmu i mistrz techniki puentylizmu.<\/p>\n<p class=\"\" data-start=\"249\" data-end=\"562\">Paul Signac urodzi\u0142 si\u0119 11 listopada 1863 roku w Pary\u017cu. Pocz\u0105tkowo interesowa\u0142 si\u0119 architektur\u0105, ale szybko porzuci\u0142 ten kierunek na rzecz malarstwa. Zafascynowany tw\u00f3rczo\u015bci\u0105 Claude\u2019a Moneta, rozpocz\u0105\u0142 w\u0142asne artystyczne poszukiwania \u2013 najpierw w duchu impresjonizmu, a nast\u0119pnie id\u0105c w zupe\u0142nie nowym kierunku.<\/p>\n<p class=\"\" data-start=\"564\" data-end=\"940\">W 1884 roku pozna\u0142 Georges\u2019a Seurata, z kt\u00f3rym wsp\u00f3lnie stworzy\u0142 nowy nurt w malarstwie \u2013 puentylizm, zwany te\u017c dywizjonizmem. Polega\u0142 on na budowaniu obrazu za pomoc\u0105 drobnych, oddzielnych kropek czystego koloru, kt\u00f3re z odpowiedniej odleg\u0142o\u015bci \u0142\u0105cz\u0105 si\u0119 w oku widza w pe\u0142n\u0105, \u015bwietlist\u0105 kompozycj\u0119. By\u0142 to spos\u00f3b na \u201enaukowe malarstwo \u015bwiat\u0142a\u201d, oparte na teorii barw.<\/p>\n<p class=\"\" data-start=\"942\" data-end=\"1214\">Signac malowa\u0142 przede wszystkim pejza\u017ce morskie, porty, sceny z po\u0142udnia Francji i breto\u0144skiego wybrze\u017ca. Uwielbia\u0142 \u017ceglowa\u0107 \u2013 by\u0142 zapalonym marynist\u0105 i w\u0142a\u015bcicielem kilku \u0142odzi, z kt\u00f3rych obserwowa\u0142 i malowa\u0142 wybrze\u017ca Morza \u015ar\u00f3dziemnego, Atlantyku i kana\u0142u La Manche.<\/p>\n<p class=\"\" data-start=\"1216\" data-end=\"1620\">W 1908 roku zosta\u0142 prezesem Soci\u00e9t\u00e9 des Artistes Ind\u00e9pendants \u2013 Towarzystwa Artyst\u00f3w Niezale\u017cnych \u2013 i przez lata promowa\u0142 m\u0142odych tw\u00f3rc\u00f3w, w tym m.in. Henri\u2019ego Matisse\u2019a i Fauvist\u00f3w. By\u0142 nie tylko malarzem, ale i aktywnym dzia\u0142aczem artystycznym oraz teoretykiem sztuki. Napisa\u0142 m.in. ksi\u0105\u017ck\u0119 \u201eD\u2019Eug\u00e8ne Delacroix au n\u00e9o-impressionnisme\u201d \u2013 o przej\u015bciu od romantyzmu do nowoczesnego malarstwa \u015bwiat\u0142a.<\/p>\n<p class=\"\" data-start=\"1622\" data-end=\"1773\">Zmar\u0142 15 sierpnia 1935 roku w Saint-Tropez \u2013 miejscu, kt\u00f3re uwielbia\u0142 i gdzie stworzy\u0142 wiele ze swoich najbardziej \u015bwietlistych, kolorystycznych dzie\u0142.<\/p>\n<p class=\"\" data-start=\"1775\" data-end=\"2128\">Ciekawostki:<br \/>\n\u2013 Przyja\u017ani\u0142 si\u0119 z Van Goghiem i by\u0142 jednym z niewielu, kt\u00f3rzy rozumieli jego sztuk\u0119 jeszcze za \u017cycia.<br data-start=\"1894\" data-end=\"1897\" \/>\u2013 Jego technika mia\u0142a wp\u0142yw nie tylko na Matisse\u2019a, ale tak\u017ce na tw\u00f3rc\u00f3w abstrakcji i sztuki wsp\u00f3\u0142czesnej.<br data-start=\"2003\" data-end=\"2006\" \/>\u2013 Dzi\u0119ki jemu puentylizm sta\u0142 si\u0119 czym\u015b wi\u0119cej ni\u017c eksperymentem \u2013 sta\u0142 si\u0119 mostem mi\u0119dzy impresjonizmem a nowoczesno\u015bci\u0105.<\/p>\n<p class=\"\" data-start=\"629\" data-end=\"1100\">Opis dzie\u0142a:<br data-start=\"645\" data-end=\"648\" \/>Kolorowa litografia przedstawiaj\u0105ca s\u0142ynny \u201e\u017b\u00f3\u0142ty Dom\u201d w Arles \u2013 miejsce, w kt\u00f3rym Vincent van Gogh mieszka\u0142 i tworzy\u0142 podczas jednego z najbardziej p\u0142odnych okres\u00f3w swojego \u017cycia. Paul Signac, mistrz puentylizmu i wsp\u00f3\u0142tw\u00f3rca neoimpresjonizmu, oddaje ho\u0142d Van Goghowi, komponuj\u0105c prac\u0119 pe\u0142n\u0105 \u015bwiat\u0142a, koloru i harmonii. Dom ukazany jest w\u015br\u00f3d prowansalskiego krajobrazu, z charakterystycznym niebieskim niebem, \u017c\u00f3\u0142tymi \u015bcianami i bujn\u0105 ro\u015blinno\u015bci\u0105.<\/p>\n<p class=\"\" data-start=\"1102\" data-end=\"1399\">Litografia zosta\u0142a wykonana na podstawie obrazu Signaca przez renomowan\u0105 parysk\u0105 oficyn\u0119 Guy Spitzer, specjalizuj\u0105c\u0105 si\u0119 w wysokiej jako\u015bci reprodukcjach dzie\u0142 mistrz\u00f3w. Odbitka powsta\u0142a na s\u0142ynnym papierze Mourlota, stosowanym przez najwi\u0119kszych artyst\u00f3w XX wieku (m.in. Chagalla, Picassa, Mir\u00f3).<\/p>\n","protected":false},"excerpt":{"rendered":"<p class=\"\" data-start=\"167\" data-end=\"270\">\u201eMaison de Van Gogh \u00e0 Arles\u201d \/ \u201eDom Van Gogha w Arles\u201d<br data-start=\"225\" data-end=\"228\" \/>Rok: ok. 1950<br \/>\nTechnika: litografia barwna na papierze Mourlota<br data-start=\"324\" data-end=\"327\" \/>Wydawca: Guy Spitzer, \u00c9diteur d\u2019Art<br data-start=\"366\" data-end=\"369\" \/>Adres wydawcy: 14, rue La Bo\u00e9tie, Paris VIIIe<br data-start=\"418\" data-end=\"421\" \/>Format: w \u015bw. p-p. 27 x\u00a0 39 cm, 41,5 x 54 cm (z opraw\u0105)<br data-start=\"447\" data-end=\"450\" \/>P.d.: opis odr\u0119czny o\u0142\u00f3wkiem<br data-start=\"521\" data-end=\"524\" data-is-only-node=\"\" \/>Numeracja: egzemplarz 136\/250 (etykieta na odwrocie)<br data-start=\"561\" data-end=\"564\" \/>Nak\u0142ad: edycja limitowana, numerowana \u2013 250 egzemplarzy<\/p>\n","protected":false},"featured_media":7855,"template":"","meta":{"_monsterinsights_skip_tracking":false,"_monsterinsights_sitenote_active":false,"_monsterinsights_sitenote_note":"","_monsterinsights_sitenote_category":0,"_themeisle_gutenberg_block_has_review":false},"product_cat":[41],"product_tag":[295,331,350],"class_list":["post-7815","product","type-product","status-publish","has-post-thumbnail","hentry","product_cat-grafiki","product_tag-artysta-mniej-znany","product_tag-paul-signac","product_tag-wyprzedaz","product_shipping_class-rodzaj-wysylki-3"],"aioseo_notices":[],"_links":{"self":[{"href":"https:\/\/kwintesencja.art\/pl\/wp-json\/wp\/v2\/product\/7815","targetHints":{"allow":["GET"]}}],"collection":[{"href":"https:\/\/kwintesencja.art\/pl\/wp-json\/wp\/v2\/product"}],"about":[{"href":"https:\/\/kwintesencja.art\/pl\/wp-json\/wp\/v2\/types\/product"}],"wp:featuredmedia":[{"embeddable":true,"href":"https:\/\/kwintesencja.art\/pl\/wp-json\/wp\/v2\/media\/7855"}],"wp:attachment":[{"href":"https:\/\/kwintesencja.art\/pl\/wp-json\/wp\/v2\/media?parent=7815"}],"wp:term":[{"taxonomy":"product_cat","embeddable":true,"href":"https:\/\/kwintesencja.art\/pl\/wp-json\/wp\/v2\/product_cat?post=7815"},{"taxonomy":"product_tag","embeddable":true,"href":"https:\/\/kwintesencja.art\/pl\/wp-json\/wp\/v2\/product_tag?post=7815"}],"curies":[{"name":"wp","href":"https:\/\/api.w.org\/{rel}","templated":true}]}}