{"id":7781,"date":"2025-04-04T22:02:48","date_gmt":"2025-04-04T20:02:48","guid":{"rendered":"https:\/\/kwintesencja.art\/?post_type=product&#038;p=7781"},"modified":"2025-10-27T13:24:41","modified_gmt":"2025-10-27T12:24:41","slug":"portret-madame-guihol-1914-2","status":"publish","type":"product","link":"https:\/\/kwintesencja.art\/pl\/product\/portret-madame-guihol-1914-2\/","title":{"rendered":"Portret Madame Guihol, 1914"},"content":{"rendered":"<p>Jean Peske (1870-1949). Pocz\u0105tkowo uczy\u0142 si\u0119 w Szkole Malarstwa Niko\u0142aja Muraszki w Kijowie, a nast\u0119pnie w latach 1886 \u2013 89 w Szkole Sztuk Pi\u0119knych w Odessie. W 1890 r. zosta\u0142 uczniem Wojciecha Gersona w jego szkole w Warszawie. W 1891 r. wyjecha\u0142 do Pary\u017ca, gdzie kontynuowa\u0142 studia w Acad\u00e9mie Julian pod kierunkiem Jean-Paula Laurensa i Benjamina Constanta, gdzie osiad\u0142 na sta\u0142e. Od 1894 r. uczestniczy\u0142 w Salonach: Niezale\u017cnych, Soci\u00e9t\u00e9 Nationale des Beaux-Arts, Tuileryjskim. Uczestniczy\u0142 w \u017cyciu artystycznym Pary\u017ca, utrzymywa\u0142 te\u017c kontakty z krajem, gdzie wystawia\u0142 w warszawskiej Zach\u0119cie (1892 r.) oraz w TPSP we Lwowie (1900 r.) i Krakowie (1910 r.), uczestniczy\u0142 te\u017c w wystawie sztuki polskiej w Grand Palais w Pary\u017cu w 1921 r. Pracowa\u0142 wiele na plenerach na po\u0142udniu Francji \u2013 w Bormes, gdzie do 1926 r. mia\u0142 w\u0142asn\u0105 pracowni\u0119 i w Collioure, gdzie utworzy\u0142 muzeum wsp\u00f3\u0142czesnej sztuki francuskiej (obecnie jego imienia i z kolekcj\u0105 jego prac). Malowa\u0142 sceny rodzajowe utrzymane w stylistyce sztuki nabist\u00f3w i postimpresjonist\u00f3w, tak\u017ce portrety i pejza\u017ce.(\u017ar\u00f3d\u0142o: Desa Unicum)<\/p>\n","protected":false},"excerpt":{"rendered":"<p>Rysunek o\u0142\u00f3wkiem, 1914<br \/>\nWymiary: 29 x 38 cm<br \/>\nSygnowany, datowany, dedykacja: p.d. &#8216;Peske 1914, Madame Guihol&#8217;<br \/>\nPraca oprawiona, za szk\u0142em.<br \/>\nStan charakterystyczny dla wieku: piegi<\/p>\n","protected":false},"featured_media":7783,"template":"","meta":{"_monsterinsights_skip_tracking":false,"_monsterinsights_sitenote_active":false,"_monsterinsights_sitenote_note":"","_monsterinsights_sitenote_category":0,"_themeisle_gutenberg_block_has_review":false},"product_cat":[39],"product_tag":[237],"class_list":["post-7781","product","type-product","status-publish","has-post-thumbnail","hentry","product_cat-obrazy","product_tag-peske-jean","product_shipping_class-rodzaj-wysylki-3"],"aioseo_notices":[],"_links":{"self":[{"href":"https:\/\/kwintesencja.art\/pl\/wp-json\/wp\/v2\/product\/7781","targetHints":{"allow":["GET"]}}],"collection":[{"href":"https:\/\/kwintesencja.art\/pl\/wp-json\/wp\/v2\/product"}],"about":[{"href":"https:\/\/kwintesencja.art\/pl\/wp-json\/wp\/v2\/types\/product"}],"wp:featuredmedia":[{"embeddable":true,"href":"https:\/\/kwintesencja.art\/pl\/wp-json\/wp\/v2\/media\/7783"}],"wp:attachment":[{"href":"https:\/\/kwintesencja.art\/pl\/wp-json\/wp\/v2\/media?parent=7781"}],"wp:term":[{"taxonomy":"product_cat","embeddable":true,"href":"https:\/\/kwintesencja.art\/pl\/wp-json\/wp\/v2\/product_cat?post=7781"},{"taxonomy":"product_tag","embeddable":true,"href":"https:\/\/kwintesencja.art\/pl\/wp-json\/wp\/v2\/product_tag?post=7781"}],"curies":[{"name":"wp","href":"https:\/\/api.w.org\/{rel}","templated":true}]}}