{"id":7767,"date":"2025-04-04T21:31:30","date_gmt":"2025-04-04T19:31:30","guid":{"rendered":"https:\/\/kwintesencja.art\/?post_type=product&#038;p=7767"},"modified":"2025-10-03T10:29:10","modified_gmt":"2025-10-03T08:29:10","slug":"sanna-copy","status":"publish","type":"product","link":"https:\/\/kwintesencja.art\/pl\/product\/sanna-copy\/","title":{"rendered":"Rynek Starego Miasta w Warszawie, przed 1939"},"content":{"rendered":"<p>W\u0142adys\u0142aw Chmieli\u0144ski (Warszawa 1911 &#8211; Warszawa 1979) by\u0142 malarzem zwi\u0105zanym z Warszaw\u0105. W latach 1926-1931 studiowa\u0142 w warszawskiej Miejskiej Szkole Sztuk Zdobniczych i Malarstwa (dawna Klasa Rysunkowa). Najch\u0119tniej uwiecznia\u0142 widoki miejskie z Warszawskiej Star\u00f3wki.<br \/>\nW II po\u0142owie lat 30. wykona\u0142 cykl akwarel przedstawiaj\u0105cych zabytki polskiej architektury (m. in. Krak\u00f3w, Kazimierz Dolny, Sandomierz, Lw\u00f3w, \u015al\u0105sk). Malowa\u0142 tak\u017ce historyczne wn\u0119trza Pa\u0142acu Jana III Sobieskiego w Wilanowie. W latach 1936-39 pos\u0142ugiwa\u0142 si\u0119 pseudonimem W\u0142adys\u0142aw Stachowicz. W latach 60. przebywa\u0142 w Danii, maluj\u0105c tamtejsze krajobrazy.<\/p>\n","protected":false},"excerpt":{"rendered":"<p>Akwarela, gwasz, o\u0142\u00f3wek, papier<br \/>\nWymiary: 17,8 x 24,5cm<br \/>\nSygnatura p.d.: W\u0142.Chmieli\u0144ski<\/p>\n","protected":false},"featured_media":7768,"template":"","meta":{"_monsterinsights_skip_tracking":false,"_monsterinsights_sitenote_active":false,"_monsterinsights_sitenote_note":"","_monsterinsights_sitenote_category":0,"_themeisle_gutenberg_block_has_review":false},"product_cat":[39],"product_tag":[267],"class_list":["post-7767","product","type-product","status-publish","has-post-thumbnail","hentry","product_cat-obrazy","product_tag-chmielinski-wladyslaw","product_shipping_class-rodzaj-wysylki-3"],"aioseo_notices":[],"_links":{"self":[{"href":"https:\/\/kwintesencja.art\/pl\/wp-json\/wp\/v2\/product\/7767","targetHints":{"allow":["GET"]}}],"collection":[{"href":"https:\/\/kwintesencja.art\/pl\/wp-json\/wp\/v2\/product"}],"about":[{"href":"https:\/\/kwintesencja.art\/pl\/wp-json\/wp\/v2\/types\/product"}],"wp:featuredmedia":[{"embeddable":true,"href":"https:\/\/kwintesencja.art\/pl\/wp-json\/wp\/v2\/media\/7768"}],"wp:attachment":[{"href":"https:\/\/kwintesencja.art\/pl\/wp-json\/wp\/v2\/media?parent=7767"}],"wp:term":[{"taxonomy":"product_cat","embeddable":true,"href":"https:\/\/kwintesencja.art\/pl\/wp-json\/wp\/v2\/product_cat?post=7767"},{"taxonomy":"product_tag","embeddable":true,"href":"https:\/\/kwintesencja.art\/pl\/wp-json\/wp\/v2\/product_tag?post=7767"}],"curies":[{"name":"wp","href":"https:\/\/api.w.org\/{rel}","templated":true}]}}