{"id":7762,"date":"2025-04-04T21:19:33","date_gmt":"2025-04-04T19:19:33","guid":{"rendered":"https:\/\/kwintesencja.art\/?post_type=product&#038;p=7762"},"modified":"2025-12-01T10:57:24","modified_gmt":"2025-12-01T09:57:24","slug":"montmartre-2","status":"publish","type":"product","link":"https:\/\/kwintesencja.art\/pl\/product\/montmartre-2\/","title":{"rendered":"Montmartre"},"content":{"rendered":"<p class=\"\" data-start=\"192\" data-end=\"579\">\u201eLe Moulin de la Galette\u201d to jeden z najbardziej znanych motyw\u00f3w w sztuce paryskiej. Nazwa odnosi si\u0119 do s\u0142ynnego m\u0142yna i zarazem lokalu tanecznego na Montmartre, kt\u00f3ry w XIX i XX wieku by\u0142 centrum \u017cycia towarzyskiego i artystycznego Pary\u017ca. To miejsce wielokrotnie pojawia\u0142o si\u0119 w dzie\u0142ach artyst\u00f3w zwi\u0105zanych z \u00c9cole de Paris \u2013 m.in. Auguste\u2019a Renoira, Toulouse-Lautreca czy Utrilla.<\/p>\n<p>W IX wieku na wzg\u00f3rzu Montmartre pracowa\u0142o 30 m\u0142yn\u00f3w, s\u0142u\u017c\u0105cych do r\u00f3\u017cnych cel\u00f3w \u2013 mielono zar\u00f3wno zbo\u017ce jak i przeciskano na wino zbiory winogron. Les moulin de Montmartre me\u0142\u0142y r\u00f3wnie\u017c wapienie na gips, kamienie czy cebul\u0119 na potrzeby perfumerii. Na szczycie rue Lepic tych m\u0142yn\u00f3w by\u0142o kilkana\u015bcie. Do dzi\u015b zachowa\u0142y si\u0119 tylko dwa \u00a0<em>Blute-fin<\/em> z 1662 roku oraz <em>Radet<\/em> z roku \u00a01717. Te dwa m\u0142yny po\u0142\u0105czone w jeden sk\u0142adaj\u0105 si\u0119 na miejsce zwane <em>\u201cMoulin de la Galette\u201d<\/em>.<br \/>\nW 1809 roku m\u0142yny zosta\u0142y zakupione przez rodzin\u0119 Debray. \u00a0<em>Galette<\/em> to by\u0142a zbo\u017cowa bu\u0142ka sprzedawana przez w\u0142a\u015bcicieli \u2013 zwykle z dodatkiem szklanki mleka. Bu\u0142ka zyska\u0142a tak\u0105 s\u0142aw\u0119, i\u017c nazwano w ten spos\u00f3b miejsce jej produkcji. W 1830 roku mleko zast\u0105piono winem, g\u0142\u00f3wnie, lokalnym z Montmartre, a <em>Moulin de Galette<\/em>\u00a0przekszta\u0142cono w kabaret.<br \/>\nPary\u017canie odwiedzali Montmartre aby nacieszy\u0107 si\u0119 prostymi rozrywkami w wiejskiej w\u00f3wczas cz\u0119\u015bci miasta. Przy kieliszku wina, \u015bwie\u017cym pieczywie mogli wypoczywa\u0107 ciesz\u0105c swe oczy wspania\u0142\u0105 panoram\u0105 miasta i Sekwany rozpo\u015bcieraj\u0105ca si\u0119 ze wzg\u00f3rza.<\/p>\n<p>Maurice Utrillo, w\u0142a\u015bc. Maurice Valadon (1883-1955) \u2013 francuski malarz i grafik, przedstawiciel \u00c9cole de Paris.<br \/>\nBy\u0142 nie\u015blubnym synem artystki i modelki Suzanne Valadon. W wieku 7 lat adoptowa\u0142 go katalo\u0144ski krytyk sztuki Migueal Utrillo y Molina. Alhokolik od dziecka, cygan b\u0142\u0105kaj\u0105cy si\u0119 mi\u0119dzy knajpami Montmartre\u2019u a izbami wytrze\u017awie\u0144 i szpitalami dla umys\u0142owo chorych.<br \/>\nZacz\u0105\u0142 malowa\u0107 w ramach terapii zwalczania alkoholizmu w wieku 18 lat. Do 1903 namalowa\u0142 ju\u017c setki widok\u00f3w paryskiego przedmie\u015bcia Montmagny. Jego pierwsze obrazy zdradzaj\u0105 wp\u0142ywy Camille\u2019a Pissarra i Alfreda Sisleya (tzw. okres Montmagny). W 1909 jego obraz znalaz\u0142 si\u0119 na Salonie Jesiennym. W tym czasie przesta\u0142 tworzy\u0107 w plenerze w spos\u00f3b impresjonistyczny i zacz\u0105\u0142 malowa\u0107 z poczt\u00f3wek. Skoncentrowa\u0142 si\u0119 na przedstawianiu bia\u0142ych budynk\u00f3w za pomoc\u0105 kleju, gipsu i bia\u0142ej farby. Powsta\u0142y wtedy jego najwybitniejsze obrazy. (tzw. okres bia\u0142y 1908-14). Nast\u0119pna faza tw\u00f3rczo\u015bci charakteryzuje si\u0119 jaskrawymi kolorami i wi\u0119kszym akcentem na lini\u0119 oraz nowym tematem: kobiety spaceruj\u0105ce po ulicy widziane plecami do widza (tzw. okres cloisonn\u00e9 1914-20). Po 1920 tworzy\u0142 obrazy wielobarwne, ale o mniejszych walorach artystycznych (tzw. okres barwny).<br \/>\nW 1912 uczestniczy\u0142 w wystawie sztuki francuskiej w Monachium. W 1913 mia\u0142 swoj\u0105 pierwsz\u0105 wystaw\u0119 indywidualn\u0105. W 1924 wskutek post\u0119puj\u0105cej choroby alkoholowej trafi\u0142 do wi\u0119zienia i usi\u0142owa\u0142 pope\u0142ni\u0107 samob\u00f3jstwo. W 1928 zosta\u0142 odznaczony Legi\u0105 Honorow\u0105. W 1935 roku o\u017ceni\u0142 si\u0119 z Lucie Valore, francusk\u0105 aktork\u0105, kt\u00f3ra wcze\u015bniej przyja\u017ani\u0142a si\u0119 z jego matk\u0105.<br \/>\nBy\u0142 malarzem niezwykle p\u0142odnym. Tylko w czasie I wojny \u015bwiatowej namalowa\u0142 1200 obraz\u00f3w olejnych. Katalog po\u015bmiertny jego dzie\u0142 wymienia ponad 3500 obraz\u00f3w. G\u0142\u00f3wnym tematem prac artysty sta\u0142 si\u0119 pejza\u017c miejski (w\u0105skie, ubogie uliczki, zau\u0142ki paryskie, szare mury, ma\u0142e miasteczka, prowincjonalne ko\u015bci\u00f3\u0142ki). Malowa\u0142 te\u017c portrety i martwe natury. Sporadycznie zajmowa\u0142 si\u0119 scenografi\u0105: w 1926 wykona\u0142 dekoracje dla zespo\u0142u Balety Rosyjskie Sergiusza Diagilewa, w 1948 wsp\u00f3\u0142pracowa\u0142 z Oper\u0105 Komiczn\u0105 w Pary\u017cu.<br \/>\nZmar\u0142 na zapalenie p\u0142uc.<\/p>\n","protected":false},"excerpt":{"rendered":"<p class=\"\" data-start=\"35\" data-end=\"216\">Maurice Utrillo (1883\u20131955)<br data-start=\"66\" data-end=\"69\" \/>Le Moulin de la Galette \u2013 1947<br data-start=\"103\" data-end=\"106\" \/>Litografia barwna na papierze litograficznym Mourlota<br data-start=\"159\" data-end=\"162\" \/>Sygnowana w prawym dolnym rogu: z kamienia oraz o\u0142\u00f3wkiem faksymile: &#8216;Maurice Utrillo V.&#8217;<br data-start=\"192\" data-end=\"195\" \/>Wymiary: w \u015bw p-p: 32 \u00d7 25 cm, 45 x 38 cm (z opraw\u0105)<br \/>\nPraca oprawiona w ram\u0119, za szyba antyrefleksyjn\u0105.<br \/>\nJedna z 22 litografii ilustruj\u0105cych ksi\u0105\u017ck\u0119 <em data-start=\"273\" data-end=\"304\">\u201eMontmartre v\u00e9cu par Utrillo\u201d<\/em> autorstwa Francisa Carco.<br \/>\nNak\u0142ad: 240 egzemplarzy.<\/p>\n","protected":false},"featured_media":7813,"template":"","meta":{"_monsterinsights_skip_tracking":false,"_monsterinsights_sitenote_active":false,"_monsterinsights_sitenote_note":"","_monsterinsights_sitenote_category":0,"_themeisle_gutenberg_block_has_review":false},"product_cat":[41],"product_tag":[220,350],"class_list":["post-7762","product","type-product","status-publish","has-post-thumbnail","hentry","product_cat-grafiki","product_tag-utrillo-maurice","product_tag-wyprzedaz","product_shipping_class-rodzaj-wysylki-2"],"aioseo_notices":[],"_links":{"self":[{"href":"https:\/\/kwintesencja.art\/pl\/wp-json\/wp\/v2\/product\/7762","targetHints":{"allow":["GET"]}}],"collection":[{"href":"https:\/\/kwintesencja.art\/pl\/wp-json\/wp\/v2\/product"}],"about":[{"href":"https:\/\/kwintesencja.art\/pl\/wp-json\/wp\/v2\/types\/product"}],"wp:featuredmedia":[{"embeddable":true,"href":"https:\/\/kwintesencja.art\/pl\/wp-json\/wp\/v2\/media\/7813"}],"wp:attachment":[{"href":"https:\/\/kwintesencja.art\/pl\/wp-json\/wp\/v2\/media?parent=7762"}],"wp:term":[{"taxonomy":"product_cat","embeddable":true,"href":"https:\/\/kwintesencja.art\/pl\/wp-json\/wp\/v2\/product_cat?post=7762"},{"taxonomy":"product_tag","embeddable":true,"href":"https:\/\/kwintesencja.art\/pl\/wp-json\/wp\/v2\/product_tag?post=7762"}],"curies":[{"name":"wp","href":"https:\/\/api.w.org\/{rel}","templated":true}]}}