{"id":7623,"date":"2025-03-03T20:32:50","date_gmt":"2025-03-03T19:32:50","guid":{"rendered":"https:\/\/kwintesencja.art\/?post_type=product&#038;p=7623"},"modified":"2025-12-01T10:58:18","modified_gmt":"2025-12-01T09:58:18","slug":"ecce-homo-1953","status":"publish","type":"product","link":"https:\/\/kwintesencja.art\/pl\/product\/ecce-homo-1953\/","title":{"rendered":"Ecce Homo, 1953"},"content":{"rendered":"<p>Bernard Buffet (1928-1999) \u2013 francuski malarz i grafik. Studiowa\u0142 w \u00c9cole Nationale Sup\u00e9rieure des Beaux-Arts razem z Maurice&#8217;em Boitelem i Louisem Vuillemozem. Jego obrazy przedstawieniowe wyra\u017caj\u0105 nastr\u00f3j niepokoju, mo\u017cna w nich znale\u017a\u0107 ekspresyjn\u0105 deformacj\u0119 kszta\u0142t\u00f3w okre\u015blanych twardym konturem i ciemnym kolorytem.<\/p>\n<p>Tutaj wpis o arty\u015bcie:<br \/>\n<a href=\"https:\/\/kwintesencja.art\/2022\/05\/22\/jego-linie-przypominaja-ruch-skalpela-jakby-artysta-nie-malowal-pedzlem-lecz-cial-brzytwa-rysujac-ranil\/\" rel=\"nofollow noreferrer\">https:\/\/kwintesencja.art\/2022\/05\/22\/jego-linie-przypominaja-ruch-skalpela-jakby-artysta-nie-malowal-pedzlem-lecz-cial-brzytwa-rysujac-ranil\/<\/a><\/p>\n","protected":false},"excerpt":{"rendered":"<p><span class=\"HwtZe\" lang=\"pl\"><span class=\"jCAhz ChMk0b\"><span class=\"ryNqvb\">Akwaforta na papierze, 1953<\/span><\/span><br \/>\n<\/span><span class=\"HwtZe\" lang=\"pl\"><span class=\"jCAhz ChMk0b\"><span class=\"ryNqvb\">Wymiary: 57 x 76 cm<br \/>\n<\/span><\/span><span class=\"jCAhz ChMk0b\"><span class=\"ryNqvb\"> Sygnatura: o\u0142\u00f3wkiem p.d.: &#8216;Bernard Buffet&#8217;, l.d.: &#8216;E. A.&#8217;<br \/>\nPochodzenie: Kolekcja prywatna, Rheims, Nadrenia P\u00f3\u0142nocna-Westfalia.<\/span><\/span><\/span><br \/>\nStan zachowania: bardzo dobry<br \/>\nCertyfikat autentyczno\u015bci<\/p>\n","protected":false},"featured_media":7625,"template":"","meta":{"_monsterinsights_skip_tracking":false,"_monsterinsights_sitenote_active":false,"_monsterinsights_sitenote_note":"","_monsterinsights_sitenote_category":0,"_themeisle_gutenberg_block_has_review":false},"product_cat":[41],"product_tag":[130,350],"class_list":["post-7623","product","type-product","status-publish","has-post-thumbnail","hentry","product_cat-grafiki","product_tag-buffet-bernard","product_tag-wyprzedaz","product_shipping_class-rodzaj-wysylki-2"],"aioseo_notices":[],"_links":{"self":[{"href":"https:\/\/kwintesencja.art\/pl\/wp-json\/wp\/v2\/product\/7623","targetHints":{"allow":["GET"]}}],"collection":[{"href":"https:\/\/kwintesencja.art\/pl\/wp-json\/wp\/v2\/product"}],"about":[{"href":"https:\/\/kwintesencja.art\/pl\/wp-json\/wp\/v2\/types\/product"}],"wp:featuredmedia":[{"embeddable":true,"href":"https:\/\/kwintesencja.art\/pl\/wp-json\/wp\/v2\/media\/7625"}],"wp:attachment":[{"href":"https:\/\/kwintesencja.art\/pl\/wp-json\/wp\/v2\/media?parent=7623"}],"wp:term":[{"taxonomy":"product_cat","embeddable":true,"href":"https:\/\/kwintesencja.art\/pl\/wp-json\/wp\/v2\/product_cat?post=7623"},{"taxonomy":"product_tag","embeddable":true,"href":"https:\/\/kwintesencja.art\/pl\/wp-json\/wp\/v2\/product_tag?post=7623"}],"curies":[{"name":"wp","href":"https:\/\/api.w.org\/{rel}","templated":true}]}}