{"id":7619,"date":"2025-03-03T20:09:35","date_gmt":"2025-03-03T19:09:35","guid":{"rendered":"https:\/\/kwintesencja.art\/?post_type=product&#038;p=7619"},"modified":"2026-01-29T22:20:41","modified_gmt":"2026-01-29T21:20:41","slug":"adam-i-ewa-3","status":"publish","type":"product","link":"https:\/\/kwintesencja.art\/pl\/product\/adam-i-ewa-3\/","title":{"rendered":"Adam i Ewa"},"content":{"rendered":"<p><strong>Fernando Botero<\/strong> (ur. 19 kwietnia 1932 w Medell\u00edn, zm. 15 wrze\u015bnia 2023 w Monako) \u2013 kolumbijski malarz, rze\u017abiarz i rysownik, jeden z najbardziej rozpoznawalnych artyst\u00f3w latynoameryka\u0144skich. Jego charakterystyczny styl, okre\u015blany jako <strong>&#8220;boterismo&#8221;<\/strong>, cechuje si\u0119 przedstawianiem postaci i obiekt\u00f3w o zaokr\u0105glonych, przerysowanych formach.<\/p>\n<p>Botero pocz\u0105tkowo studiowa\u0142 sztuk\u0119 w Kolumbii, jednak dalsz\u0105 edukacj\u0119 artystyczn\u0105 kontynuowa\u0142 w Europie \u2013 we W\u0142oszech zg\u0142\u0119bia\u0142 malarstwo renesansowe, a w Madrycie studiowa\u0142 w Kr\u00f3lewskiej Akademii Sztuk Pi\u0119knych \u015bw. Ferdynanda. W latach 50. rozpocz\u0105\u0142 eksperymenty ze stylizacj\u0105 form, kt\u00f3re sta\u0142y si\u0119 jego znakiem rozpoznawczym.<\/p>\n<p>Tworzy\u0142 zar\u00f3wno malarstwo, jak i rze\u017ab\u0119, ukazuj\u0105c sceny z \u017cycia codziennego, portrety, natury martwe oraz motywy inspirowane polityk\u0105 i histori\u0105 Kolumbii. Jego prace cz\u0119sto nios\u0142y ukryty komentarz spo\u0142eczny. Jednym z najbardziej kontrowersyjnych cykli by\u0142a seria obraz\u00f3w inspirowanych torturami w wi\u0119zieniu Abu Ghraib.<\/p>\n<p>Dzie\u0142a Botero znajduj\u0105 si\u0119 w najwi\u0119kszych kolekcjach i muzeach na \u015bwiecie, a jego monumentalne rze\u017aby zdobi\u0105 przestrzenie publiczne w miastach takich jak Nowy Jork, Pary\u017c, Madryt czy Bogota. Otrzyma\u0142 liczne nagrody i wyr\u00f3\u017cnienia, a jego tw\u00f3rczo\u015b\u0107 na trwa\u0142e wpisa\u0142a si\u0119 w kanon wsp\u00f3\u0142czesnej sztuki.<\/p>\n","protected":false},"excerpt":{"rendered":"<p>Grafika, edycja limitowana 300 egzemplarzy,\u00a0na papierze Fabriano Cotton Privilege.<br \/>\nWymiary: 50 cm\u00a0x 65 cm\u00a0(arkusz)<br \/>\nKa\u017cda grafika jest indywidualnie numerowana.<br \/>\nNapis o\u0142\u00f3wkiem l.d.: 18\/300, p.d.: faksymile \u201eBotero\u201d.<br \/>\nNa dole sucha piecz\u0119\u0107 <span class=\"HwtZe\" lang=\"pl\">wydawcy<\/span><br \/>\nStan zachowania: bardzo dobry<\/p>\n","protected":false},"featured_media":7616,"template":"","meta":{"_monsterinsights_skip_tracking":false,"_monsterinsights_sitenote_active":false,"_monsterinsights_sitenote_note":"","_monsterinsights_sitenote_category":0,"_themeisle_gutenberg_block_has_review":false},"product_cat":[41],"product_tag":[329],"class_list":["post-7619","product","type-product","status-publish","has-post-thumbnail","hentry","product_cat-grafiki","product_tag-botero-fernando","product_shipping_class-rodzaj-wysylki-2"],"aioseo_notices":[],"_links":{"self":[{"href":"https:\/\/kwintesencja.art\/pl\/wp-json\/wp\/v2\/product\/7619","targetHints":{"allow":["GET"]}}],"collection":[{"href":"https:\/\/kwintesencja.art\/pl\/wp-json\/wp\/v2\/product"}],"about":[{"href":"https:\/\/kwintesencja.art\/pl\/wp-json\/wp\/v2\/types\/product"}],"wp:featuredmedia":[{"embeddable":true,"href":"https:\/\/kwintesencja.art\/pl\/wp-json\/wp\/v2\/media\/7616"}],"wp:attachment":[{"href":"https:\/\/kwintesencja.art\/pl\/wp-json\/wp\/v2\/media?parent=7619"}],"wp:term":[{"taxonomy":"product_cat","embeddable":true,"href":"https:\/\/kwintesencja.art\/pl\/wp-json\/wp\/v2\/product_cat?post=7619"},{"taxonomy":"product_tag","embeddable":true,"href":"https:\/\/kwintesencja.art\/pl\/wp-json\/wp\/v2\/product_tag?post=7619"}],"curies":[{"name":"wp","href":"https:\/\/api.w.org\/{rel}","templated":true}]}}